{"id":15329,"date":"2017-07-27T12:33:48","date_gmt":"2017-07-27T10:33:48","guid":{"rendered":"https:\/\/www.estheaclinic.com\/photos-et-temoignages\/"},"modified":"2017-07-28T16:07:21","modified_gmt":"2017-07-28T14:07:21","slug":"photos","status":"publish","type":"page","link":"https:\/\/www.estheaclinic.com\/nl\/photos\/","title":{"rendered":"Foto&#8217;s v\u00f3\u00f3r en na en getuigenissen"},"content":{"rendered":"<style type=\"text\/css\"> \n#cmsmasters_row_69f26c9d51f60 .cmsmasters_row_outer_parent { \n\tpadding-top: 0px; \n} \n\n#cmsmasters_row_69f26c9d51f60 .cmsmasters_row_outer_parent { \n\tpadding-bottom: 50px; \n} \n\n \n#cmsmasters_row_69f26c9d52013 .cmsmasters_row_outer_parent { \n\tpadding-top: 0px; \n} \n\n#cmsmasters_row_69f26c9d52013 .cmsmasters_row_outer_parent { \n\tpadding-bottom: 50px; \n} \n\n<\/style><div id=\"cmsmasters_row_69f26c9d51f60\" class=\"cmsmasters_row cmsmasters_color_scheme_default cmsmasters_row_top_default cmsmasters_row_bot_default cmsmasters_row_boxed\">\n<div class=\"cmsmasters_row_outer_parent\">\n<div class=\"cmsmasters_row_outer\">\n<div class=\"cmsmasters_row_inner\">\n<div class=\"cmsmasters_row_margin\">\n<div class=\"cmsmasters_column one_first\">\n<\/div>\n<\/div>\n<\/div>\n<\/div>\n<\/div>\n<\/div>\n<div id=\"cmsmasters_row_69f26c9d52013\" class=\"cmsmasters_row cmsmasters_color_scheme_default cmsmasters_row_top_default cmsmasters_row_bot_default cmsmasters_row_boxed\">\n<div class=\"cmsmasters_row_outer_parent\">\n<div class=\"cmsmasters_row_outer\">\n<div class=\"cmsmasters_row_inner\">\n<div class=\"cmsmasters_row_margin\">\n<div class=\"cmsmasters_column one_first\">\n<div class=\"cmsmasters_text\">\n<p>Foto&#8217;s v\u00f3\u00f3r en na en getuigenissen<\/p>\n<p>Het artikel 3 van de Belgische wet van de 05 augustus 2011 tot instelling van een verbod op reclame voor ingrepen van medische esthetiek en tot regeling van de informatie over dergelijke ingrepen bepaalt:<br \/>\n\u00ab De resultaten van onderzoeken en behandelingen, zoals onder meer foto\u2019s die werden genomen v\u00f3\u00f3r en na een ingreep van medische esthetiek of de getuigenis van een pati\u00ebnt, mogen niet worden aangewend in het kader van persoonlijke informatie \u00bb.<\/p>\n<p>Wij mogen dus noch foto\u2019s noch getuigenissen publiceren op deze website,\u00a0maar u kunt bladeren op uw gemak tijdens uw consultatie<\/p>\n<\/div>\n<\/div>\n<\/div>\n<\/div>\n<\/div>\n<\/div>\n<\/div>\n\n","protected":false},"excerpt":{"rendered":"","protected":false},"author":1,"featured_media":0,"parent":0,"menu_order":0,"comment_status":"closed","ping_status":"closed","template":"","meta":{"footnotes":""},"class_list":["post-15329","page","type-page","status-publish","hentry"],"_links":{"self":[{"href":"https:\/\/www.estheaclinic.com\/nl\/wp-json\/wp\/v2\/pages\/15329","targetHints":{"allow":["GET"]}}],"collection":[{"href":"https:\/\/www.estheaclinic.com\/nl\/wp-json\/wp\/v2\/pages"}],"about":[{"href":"https:\/\/www.estheaclinic.com\/nl\/wp-json\/wp\/v2\/types\/page"}],"author":[{"embeddable":true,"href":"https:\/\/www.estheaclinic.com\/nl\/wp-json\/wp\/v2\/users\/1"}],"replies":[{"embeddable":true,"href":"https:\/\/www.estheaclinic.com\/nl\/wp-json\/wp\/v2\/comments?post=15329"}],"version-history":[{"count":6,"href":"https:\/\/www.estheaclinic.com\/nl\/wp-json\/wp\/v2\/pages\/15329\/revisions"}],"predecessor-version":[{"id":15459,"href":"https:\/\/www.estheaclinic.com\/nl\/wp-json\/wp\/v2\/pages\/15329\/revisions\/15459"}],"wp:attachment":[{"href":"https:\/\/www.estheaclinic.com\/nl\/wp-json\/wp\/v2\/media?parent=15329"}],"curies":[{"name":"wp","href":"https:\/\/api.w.org\/{rel}","templated":true}]}}