{"id":15230,"date":"2017-06-01T14:48:08","date_gmt":"2017-06-01T12:48:08","guid":{"rendered":"http:\/\/lab.eteamsys.com\/EC\/notre-team\/"},"modified":"2017-06-15T11:41:07","modified_gmt":"2017-06-15T09:41:07","slug":"onze-team","status":"publish","type":"page","link":"https:\/\/www.estheaclinic.com\/nl\/onze-team\/","title":{"rendered":"Onze Team"},"content":{"rendered":"<style type=\"text\/css\"> \n#cmsmasters_row_69f25c6ff0239 .cmsmasters_row_outer_parent { \n\tpadding-top: 0px; \n} \n\n#cmsmasters_row_69f25c6ff0239 .cmsmasters_row_outer_parent { \n\tpadding-bottom: 50px; \n} \n\n \n#cmsmasters_divider_69f25c6ff03bf { \n\tborder-bottom-width:0px; \n\tborder-bottom-style:solid; \n\tpadding-top:0px; \n\tmargin-bottom:50px; \n} \n<\/style><div id=\"cmsmasters_row_69f25c6ff0239\" class=\"cmsmasters_row cmsmasters_color_scheme_default cmsmasters_row_top_default cmsmasters_row_bot_default cmsmasters_row_boxed\">\n<div class=\"cmsmasters_row_outer_parent\">\n<div class=\"cmsmasters_row_outer\">\n<div class=\"cmsmasters_row_inner\">\n<div class=\"cmsmasters_row_margin\">\n<div class=\"cmsmasters_column one_first\">\n\n<div id=\"cmsmasters_divider_69f25c6ff03bf\" class=\"cl\"><\/div><div id=\"69f25c6ff04ae\" class=\"cmsmasters_profile horizontal\">\n<!--_________________________ Start Profile Horizontal Article _________________________ -->\n<article id=\"post-9427\" class=\"cmsmasters_profile_horizontal one_third post-9427 profile type-profile status-publish hentry pl-categs-esthea\">\n\t<div class=\"profile_outer\">\n\t<div class=\"profile_inner\"><header class=\"cmsmasters_profile_header entry-header\"><h3 class=\"cmsmasters_profile_title entry-title\"><a href=\"https:\/\/www.estheaclinic.com\/nl\/profile\/docteur-wim-danau\/\">Docteur Wim Danau<\/a><\/h3><h6 class=\"cmsmasters_profile_subtitle\"> Chirurgien Plasticien<\/h6><\/header><div class=\"cmsmasters_profile_content entry-content\">\n<p>Chirurgien Plasticien en pratique priv\u00e9e \u00e0 Esthea clinic (Depuis 2010).<\/p>\n<\/div>\n<\/div>\t<\/div>\n<\/article>\n<!--_________________________ Finish Profile Horizontal Article _________________________ -->\n\n<!--_________________________ Start Profile Horizontal Article _________________________ -->\n<article id=\"post-1619\" class=\"cmsmasters_profile_horizontal one_third post-1619 profile type-profile status-publish hentry pl-categs-esthea\">\n\t<div class=\"profile_outer\">\n\t<div class=\"profile_inner\"><header class=\"cmsmasters_profile_header entry-header\"><h3 class=\"cmsmasters_profile_title entry-title\"><a href=\"https:\/\/www.estheaclinic.com\/nl\/profile\/docteur-eurydice-noblesse\/\">Docteur Eurydice Noblesse<\/a><\/h3><h6 class=\"cmsmasters_profile_subtitle\">Docteur en M\u00e9decine Sp\u00e9cialiste en Anesth\u00e9sie \u2013 R\u00e9animation<\/h6><\/header><div class=\"cmsmasters_profile_content entry-content\">\n<p> Anesth\u00e9sie en clinique priv\u00e9e, Chez Esthea clinic (depuis 2013) ..<\/p>\n<\/div>\n<\/div>\t<\/div>\n<\/article>\n<!--_________________________ Finish Profile Horizontal Article _________________________ -->\n\n<!--_________________________ Start Profile Horizontal Article _________________________ -->\n<article id=\"post-12123\" class=\"cmsmasters_profile_horizontal one_third post-12123 profile type-profile status-publish hentry pl-categs-esthea\">\n\t<div class=\"profile_outer\">\n\t<div class=\"profile_inner\"><header class=\"cmsmasters_profile_header entry-header\"><h3 class=\"cmsmasters_profile_title entry-title\"><a href=\"https:\/\/www.estheaclinic.com\/nl\/profile\/docteur-benoit-de-sart\/\">Docteur Beno\u00eet de Sart<\/a><\/h3><h6 class=\"cmsmasters_profile_subtitle\">M\u00e9decin Esth\u00e9tique<\/h6><\/header><div class=\"cmsmasters_profile_content entry-content\">\n<p>M\u00e9decin Esth\u00e9tique en pratique priv\u00e9e \u00e0 Esthea clinic (Depuis 2009).<\/p>\n<\/div>\n<\/div>\t<\/div>\n<\/article>\n<!--_________________________ Finish Profile Horizontal Article _________________________ -->\n\n<\/div>\n<\/div>\n<\/div>\n<\/div>\n<\/div>\n<\/div>\n<\/div>\n\n","protected":false},"excerpt":{"rendered":"","protected":false},"author":1,"featured_media":0,"parent":0,"menu_order":0,"comment_status":"closed","ping_status":"closed","template":"","meta":{"footnotes":""},"class_list":["post-15230","page","type-page","status-publish","hentry"],"_links":{"self":[{"href":"https:\/\/www.estheaclinic.com\/nl\/wp-json\/wp\/v2\/pages\/15230","targetHints":{"allow":["GET"]}}],"collection":[{"href":"https:\/\/www.estheaclinic.com\/nl\/wp-json\/wp\/v2\/pages"}],"about":[{"href":"https:\/\/www.estheaclinic.com\/nl\/wp-json\/wp\/v2\/types\/page"}],"author":[{"embeddable":true,"href":"https:\/\/www.estheaclinic.com\/nl\/wp-json\/wp\/v2\/users\/1"}],"replies":[{"embeddable":true,"href":"https:\/\/www.estheaclinic.com\/nl\/wp-json\/wp\/v2\/comments?post=15230"}],"version-history":[{"count":1,"href":"https:\/\/www.estheaclinic.com\/nl\/wp-json\/wp\/v2\/pages\/15230\/revisions"}],"predecessor-version":[{"id":15233,"href":"https:\/\/www.estheaclinic.com\/nl\/wp-json\/wp\/v2\/pages\/15230\/revisions\/15233"}],"wp:attachment":[{"href":"https:\/\/www.estheaclinic.com\/nl\/wp-json\/wp\/v2\/media?parent=15230"}],"curies":[{"name":"wp","href":"https:\/\/api.w.org\/{rel}","templated":true}]}}