{"id":14099,"date":"2017-01-24T16:38:32","date_gmt":"2017-01-24T15:38:32","guid":{"rendered":"http:\/\/lab.eteamsys.com\/EC\/la-peau\/"},"modified":"2017-09-08T15:22:31","modified_gmt":"2017-09-08T13:22:31","slug":"skin","status":"publish","type":"page","link":"https:\/\/www.estheaclinic.com\/en\/treatments-esthea-clinic\/skin\/","title":{"rendered":"Skin"},"content":{"rendered":"<style type=\"text\/css\"> \n#cmsmasters_row_6a041ca1afea9 .cmsmasters_row_outer_parent { \n\tpadding-top: 50px; \n} \n\n#cmsmasters_row_6a041ca1afea9 .cmsmasters_row_outer_parent { \n\tpadding-bottom: 0px; \n} \n\n \n#cmsmasters_heading_6a041ca1b00df { \n\ttext-align:left; \n\tmargin-top:0px; \n\tmargin-bottom:0px; \n} \n\n#cmsmasters_heading_6a041ca1b00df .cmsmasters_heading { \n\ttext-align:left; \n} \n\n#cmsmasters_heading_6a041ca1b00df .cmsmasters_heading, #cmsmasters_heading_6a041ca1b00df .cmsmasters_heading a { \n\tfont-size:18px; \n\tfont-weight:normal; \n\tfont-style:normal; \n} \n\n#cmsmasters_heading_6a041ca1b00df .cmsmasters_heading_divider { \n} \n\n \n#cmsmasters_divider_6a041ca1b01d5 { \n\tborder-bottom-width:1px; \n\tborder-bottom-style:solid; \n\tpadding-top:10px; \n\tmargin-bottom:30px; \n\tborder-bottom-color:#3eb8d7;\n} \n \n#cmsmasters_heading_6a041ca1b040c { \n\ttext-align:left; \n\tmargin-top:0px; \n\tmargin-bottom:0px; \n} \n\n#cmsmasters_heading_6a041ca1b040c .cmsmasters_heading { \n\ttext-align:left; \n} \n\n#cmsmasters_heading_6a041ca1b040c .cmsmasters_heading, #cmsmasters_heading_6a041ca1b040c .cmsmasters_heading a { \n\tfont-size:18px; \n\tfont-weight:normal; \n\tfont-style:normal; \n} \n\n#cmsmasters_heading_6a041ca1b040c .cmsmasters_heading_divider { \n} \n\n \n#cmsmasters_divider_6a041ca1b04f3 { \n\tborder-bottom-width:1px; \n\tborder-bottom-style:solid; \n\tpadding-top:10px; \n\tmargin-bottom:30px; \n\tborder-bottom-color:#3eb8d7;\n} \n\n#cmsmasters_button_6a041ca1b08fe { \n\tfloat:left; \n} \n\n#cmsmasters_button_6a041ca1b08fe .cmsmasters_button:before { \n\tmargin-right:.5em; \n\tmargin-left:0; \n\tvertical-align:baseline; \n} \n\n#cmsmasters_button_6a041ca1b08fe .cmsmasters_button { \n\tfont-weight:normal; \n\tfont-style:normal; \n\tborder-style:solid; \n} \n#cmsmasters_button_6a041ca1b08fe .cmsmasters_button:hover { \n} \n \n#cmsmasters_heading_6a041ca1b0ad2 { \n\ttext-align:left; \n\tmargin-top:0px; \n\tmargin-bottom:0px; \n} \n\n#cmsmasters_heading_6a041ca1b0ad2 .cmsmasters_heading { \n\ttext-align:left; \n} \n\n#cmsmasters_heading_6a041ca1b0ad2 .cmsmasters_heading, #cmsmasters_heading_6a041ca1b0ad2 .cmsmasters_heading a { \n\tfont-size:18px; \n\tfont-weight:normal; \n\tfont-style:normal; \n} \n\n#cmsmasters_heading_6a041ca1b0ad2 .cmsmasters_heading_divider { \n} \n\n \n#cmsmasters_divider_6a041ca1b0bc7 { \n\tborder-bottom-width:1px; \n\tborder-bottom-style:solid; \n\tpadding-top:10px; \n\tmargin-bottom:30px; \n\tborder-bottom-color:#3eb8d7;\n} \n\n#cmsmasters_button_6a041ca1b0fc6 { \n\tfloat:left; \n} \n\n#cmsmasters_button_6a041ca1b0fc6 .cmsmasters_button:before { \n\tmargin-right:.5em; \n\tmargin-left:0; \n\tvertical-align:baseline; \n} \n\n#cmsmasters_button_6a041ca1b0fc6 .cmsmasters_button { \n\tfont-weight:normal; \n\tfont-style:normal; \n\tborder-style:solid; \n} \n#cmsmasters_button_6a041ca1b0fc6 .cmsmasters_button:hover { \n} \n \n#cmsmasters_divider_6a041ca1b10bd { \n\tborder-bottom-width:1px; \n\tborder-bottom-style:solid; \n\tpadding-top:50px; \n\tmargin-bottom:0px; \n\tborder-bottom-color:#ffffff;\n} \n \n#cmsmasters_row_6a041ca1b112c .cmsmasters_row_outer_parent { \n\tpadding-top: 0px; \n} \n\n#cmsmasters_row_6a041ca1b112c .cmsmasters_row_outer_parent { \n\tpadding-bottom: 50px; \n} \n\n \n#cmsmasters_heading_6a041ca1b12e0 { \n\ttext-align:left; \n\tmargin-top:0px; \n\tmargin-bottom:0px; \n} \n\n#cmsmasters_heading_6a041ca1b12e0 .cmsmasters_heading { \n\ttext-align:left; \n} \n\n#cmsmasters_heading_6a041ca1b12e0 .cmsmasters_heading, #cmsmasters_heading_6a041ca1b12e0 .cmsmasters_heading a { \n\tfont-size:18px; \n\tfont-weight:normal; \n\tfont-style:normal; \n} \n\n#cmsmasters_heading_6a041ca1b12e0 .cmsmasters_heading_divider { \n} \n\n\n#cmsmasters_button_6a041ca1b16b0 { \n\tfloat:left; \n} \n\n#cmsmasters_button_6a041ca1b16b0 .cmsmasters_button:before { \n\tmargin-right:.5em; \n\tmargin-left:0; \n\tvertical-align:baseline; \n} \n\n#cmsmasters_button_6a041ca1b16b0 .cmsmasters_button { \n\tfont-weight:normal; \n\tfont-style:normal; \n\tborder-style:solid; \n} \n#cmsmasters_button_6a041ca1b16b0 .cmsmasters_button:hover { \n} \n \n#cmsmasters_divider_6a041ca1b17b0 { \n\tborder-bottom-width:1px; \n\tborder-bottom-style:solid; \n\tpadding-top:50px; \n\tmargin-bottom:50px; \n\tborder-bottom-color:#ffffff;\n} \n \n#cmsmasters_heading_6a041ca1b1953 { \n\ttext-align:left; \n\tmargin-top:0px; \n\tmargin-bottom:0px; \n} \n\n#cmsmasters_heading_6a041ca1b1953 .cmsmasters_heading { \n\ttext-align:left; \n} \n\n#cmsmasters_heading_6a041ca1b1953 .cmsmasters_heading, #cmsmasters_heading_6a041ca1b1953 .cmsmasters_heading a { \n\tfont-size:18px; \n\tfont-weight:normal; \n\tfont-style:normal; \n} \n\n#cmsmasters_heading_6a041ca1b1953 .cmsmasters_heading_divider { \n} \n\n\n#cmsmasters_button_6a041ca1b1d13 { \n\ttext-align:center; \n} \n\n#cmsmasters_button_6a041ca1b1d13 .cmsmasters_button:before { \n\tmargin-right:.5em; \n\tmargin-left:0; \n\tvertical-align:baseline; \n} \n\n#cmsmasters_button_6a041ca1b1d13 .cmsmasters_button { \n\tfont-weight:normal; \n\tfont-style:normal; \n\tborder-style:solid; \n\tcolor:#3eb8d7;\n\tborder-color:#3eb8d7;\n} \n#cmsmasters_button_6a041ca1b1d13 .cmsmasters_button:hover { \n} \n \n#cmsmasters_row_6a041ca1b1d7c { \n\tbackground-color:#4cc7ef;\n} \n\n#cmsmasters_row_6a041ca1b1d7c .cmsmasters_row_outer_parent { \n\tpadding-top: 30px; \n} \n\n#cmsmasters_row_6a041ca1b1d7c .cmsmasters_row_outer_parent { \n\tpadding-bottom: 30px; \n} \n\n \n\n#cmsmasters_fb_6a041ca1b1eba { \n\tpadding-top:0px; \n\tpadding-bottom:0px; \n} \n\n#cmsmasters_fb_6a041ca1b1eba .featured_block_inner { \n\twidth: 100%; \n\tpadding: 0px 35px 45px 35px ; \n\ttext-align: left; \n\tmargin:0 auto; \n\tbackground-color:#4cc7ef;\n} \n\n#cmsmasters_fb_6a041ca1b1eba .featured_block_text { \n\ttext-align: left; \n} \n\n \n#cmsmasters_heading_6a041ca1b2025 { \n\ttext-align:left; \n\tmargin-top:0px; \n\tmargin-bottom:48px; \n} \n\n#cmsmasters_heading_6a041ca1b2025 .cmsmasters_heading { \n\ttext-align:left; \n} \n\n#cmsmasters_heading_6a041ca1b2025 .cmsmasters_heading, #cmsmasters_heading_6a041ca1b2025 .cmsmasters_heading a { \n\tfont-size:24px; \n\tfont-weight:normal; \n\tfont-style:normal; \n\tcolor:#ffffff !important;\n} \n\n#cmsmasters_heading_6a041ca1b2025 .cmsmasters_heading_divider { \n} \n\n<\/style><div id=\"cmsmasters_row_6a041ca1afea9\" class=\"cmsmasters_row cmsmasters_color_scheme_default cmsmasters_row_top_default cmsmasters_row_bot_default cmsmasters_row_boxed\">\n<div class=\"cmsmasters_row_outer_parent\">\n<div class=\"cmsmasters_row_outer\">\n<div class=\"cmsmasters_row_inner\">\n<div class=\"cmsmasters_row_margin\">\n<div class=\"cmsmasters_column one_third\">\n\n<div id=\"cmsmasters_heading_6a041ca1b00df\" class=\"cmsmasters_heading_wrap cmsmasters_heading_align_left\">\n\t<h2 class=\"cmsmasters_heading\">Skin<\/h2>\n<\/div>\n<div id=\"cmsmasters_divider_6a041ca1b01d5\" class=\"cmsmasters_divider cmsmasters_divider_width_short cmsmasters_divider_pos_left\"><\/div><div class=\"cmsmasters_text\">\n<p><strong>Carboxytherapy <\/strong>refers to the cutaneous (inside the skin) and subcutaneous (beneath the skin) administration of carbon dioxide gas (CO2) for therapeutic purposes.<\/p>\n<p>The administrated CO2 improves circulation and tissue oxygenation, destroys localised fatty deposits, encourages collagen repair and therefore improves skin elasticity. Toxins are eliminated and oedemas (swelling) are reduced.<\/p>\n<p><strong>What are the side effects of carboxytherapy?<\/strong><br \/>\nThey are insignificant and always reversible. This technique is not very painful, but can produce tingling or warming sensations. A feeling of heavy and tired legs may also (temporarily) occur when too much CO2 is injected.<\/p>\n<\/div>\n<\/div>\n<div class=\"cmsmasters_column one_third\">\n\n<div id=\"cmsmasters_heading_6a041ca1b040c\" class=\"cmsmasters_heading_wrap cmsmasters_heading_align_left\">\n\t<h2 class=\"cmsmasters_heading\">Wrinkles<\/h2>\n<\/div>\n<div id=\"cmsmasters_divider_6a041ca1b04f3\" class=\"cmsmasters_divider cmsmasters_divider_width_short cmsmasters_divider_pos_left\"><\/div><div class=\"cmsmasters_img  cmsmasters_image_n\">\n<img decoding=\"async\" src=\"https:\/\/www.estheaclinic.com\/wp-content\/uploads\/2016\/09\/Carboxytherapie.jpg\" alt=\"\" \/>\n<\/div>\n<div class=\"cmsmasters_text padd_5\">\n<p>Carboxytherapy is used to treat face wrinkles, skin slackening around the eyes, in order to reduce dark circles, improve the elasticity of the skin and reduce hyperpigmentation.<\/p>\n<\/div>\n\n<div id=\"cmsmasters_button_6a041ca1b08fe\" class=\"button_wrap\"><a href=\"https:\/\/www.estheaclinic.com\/en\/treatments-esthea-clinic\/body\/carboxytherapy\/\" class=\"cmsmasters_button cmsmasters_but_clear_styles cmsmasters_but_bg_hover\"><span>Read More<\/span><\/a><\/div>\n<\/div>\n<div class=\"cmsmasters_column one_third\">\n\n<div id=\"cmsmasters_heading_6a041ca1b0ad2\" class=\"cmsmasters_heading_wrap cmsmasters_heading_align_left\">\n\t<h2 class=\"cmsmasters_heading\">Stretch Marks<\/h2>\n<\/div>\n<div id=\"cmsmasters_divider_6a041ca1b0bc7\" class=\"cmsmasters_divider cmsmasters_divider_width_short cmsmasters_divider_pos_left\"><\/div><div class=\"cmsmasters_img  cmsmasters_image_n\">\n<img decoding=\"async\" src=\"https:\/\/www.estheaclinic.com\/wp-content\/uploads\/2016\/09\/Abdominoplastie.jpg\" alt=\"\" \/>\n<\/div>\n<div class=\"cmsmasters_text padd_5\">\n<p>A few Carboxytherapy sessions can treat stretch marks efficiently.<\/p>\n<p>The quality of your skin is important: you will achieve better results if your skin has a good texture and if your stretch marks have a homogenous (pinkish) colour.<\/p>\n<\/div>\n\n<div id=\"cmsmasters_button_6a041ca1b0fc6\" class=\"button_wrap\"><a href=\"https:\/\/www.estheaclinic.com\/en\/treatments-esthea-clinic\/skin\/stretch-marks\/\" class=\"cmsmasters_button cmsmasters_but_clear_styles cmsmasters_but_bg_hover\"><span>Read More<\/span><\/a><\/div>\n\n<div id=\"cmsmasters_divider_6a041ca1b10bd\" class=\"cmsmasters_divider cmsmasters_divider_width_long cmsmasters_divider_pos_center\"><\/div>\n<\/div>\n<\/div>\n<\/div>\n<\/div>\n<\/div>\n<\/div>\n<div id=\"cmsmasters_row_6a041ca1b112c\" class=\"cmsmasters_row cmsmasters_color_scheme_default cmsmasters_row_top_default cmsmasters_row_bot_default cmsmasters_row_boxed\">\n<div class=\"cmsmasters_row_outer_parent\">\n<div class=\"cmsmasters_row_outer\">\n<div class=\"cmsmasters_row_inner\">\n<div class=\"cmsmasters_row_margin\">\n<div class=\"cmsmasters_column one_third\">\n<\/div>\n<div class=\"cmsmasters_column one_third\">\n\n<div id=\"cmsmasters_heading_6a041ca1b12e0\" class=\"cmsmasters_heading_wrap cmsmasters_heading_align_left\">\n\t<h2 class=\"cmsmasters_heading\">Cellulite<\/h2>\n<\/div><div class=\"cmsmasters_img  cmsmasters_image_n\">\n<img decoding=\"async\" src=\"https:\/\/www.estheaclinic.com\/wp-content\/uploads\/2016\/09\/lipoaspiration.jpg\" alt=\"\" \/>\n<\/div>\n<div class=\"cmsmasters_text padd_5\">\n<p>Carboxytherapy is a natural and quick treatment to remove localised fat deposits. It encourages lipolysis (reduction of the size of the fat cells) and lipoclasis (destruction of the fat cells).<\/p>\n<\/div>\n\n<div id=\"cmsmasters_button_6a041ca1b16b0\" class=\"button_wrap\"><a href=\"https:\/\/www.estheaclinic.com\/en\/treatments-esthea-clinic\/skin\/cellulite\/\" class=\"cmsmasters_button cmsmasters_but_clear_styles cmsmasters_but_bg_hover\"><span>Read More<\/span><\/a><\/div>\n\n<div id=\"cmsmasters_divider_6a041ca1b17b0\" class=\"cmsmasters_divider cmsmasters_divider_width_long cmsmasters_divider_pos_center\"><\/div>\n<\/div>\n<div class=\"cmsmasters_column one_third\">\n\n<div id=\"cmsmasters_heading_6a041ca1b1953\" class=\"cmsmasters_heading_wrap cmsmasters_heading_align_left\">\n\t<h2 class=\"cmsmasters_heading\">Wrinkles and skin slackening<\/h2>\n<\/div><div class=\"cmsmasters_img  cmsmasters_image_n\">\n<img decoding=\"async\" src=\"https:\/\/www.estheaclinic.com\/wp-content\/uploads\/2017\/01\/EC_wrinkles.jpg\" alt=\"\" \/>\n<\/div>\n<div class=\"cmsmasters_text padd_5\">\n<p>Carboxytherapy is used to treat face wrinkles, skin slackening around the eyes, in order to reduce dark circles, improve the elasticity of the skin and reduce hyperpigmentation.<\/p>\n<\/div>\n\n<div id=\"cmsmasters_button_6a041ca1b1d13\" class=\"button_wrap\"><a href=\"https:\/\/www.estheaclinic.com\/en\/treatments-esthea-clinic\/skin\/wrinkles-and-skin-slackening\/\" class=\"cmsmasters_button\"><span>Read more<\/span><\/a><\/div>\n<\/div>\n<\/div>\n<\/div>\n<\/div>\n<\/div>\n<\/div>\n<div id=\"cmsmasters_row_6a041ca1b1d7c\" class=\"cmsmasters_row cmsmasters_color_scheme_default cmsmasters_row_top_default cmsmasters_row_bot_default cmsmasters_row_boxed\">\n<div id=\"contact\" class=\"cmsmasters_row_outer_parent\">\n<div class=\"cmsmasters_row_outer\">\n<div class=\"cmsmasters_row_inner\">\n<div class=\"cmsmasters_row_margin\">\n<div class=\"cmsmasters_column one_first\">\n<div id=\"cmsmasters_fb_6a041ca1b1eba\" class=\"cmsmasters_featured_block cmsmasters_make_an_appointment\">\n<div class=\"featured_block_inner\">\n<div class=\"featured_block_text\">\n<div id=\"cmsmasters_heading_6a041ca1b2025\" class=\"cmsmasters_heading_wrap cmsmasters_heading_align_left\">\n\t<h3 class=\"cmsmasters_heading\">Take an appointment at Esthea Clinic<\/h3>\n<\/div><div class=\"cmsmasters_contact_form\">\n<div class=\"wpcf7 no-js\" id=\"wpcf7-f12468-o1\" lang=\"en-US\" dir=\"ltr\">\n<div class=\"screen-reader-response\"><p role=\"status\" aria-live=\"polite\" aria-atomic=\"true\"><\/p> <ul><\/ul><\/div>\n<form action=\"\/en\/wp-json\/wp\/v2\/pages\/14099#wpcf7-f12468-o1\" method=\"post\" class=\"wpcf7-form init\" aria-label=\"Contact form\" novalidate=\"novalidate\" data-status=\"init\">\n<div style=\"display: none;\">\n<input type=\"hidden\" name=\"_wpcf7\" value=\"12468\" \/>\n<input type=\"hidden\" name=\"_wpcf7_version\" value=\"5.7.7\" \/>\n<input type=\"hidden\" name=\"_wpcf7_locale\" value=\"en_US\" \/>\n<input type=\"hidden\" name=\"_wpcf7_unit_tag\" value=\"wpcf7-f12468-o1\" \/>\n<input type=\"hidden\" name=\"_wpcf7_container_post\" value=\"0\" \/>\n<input type=\"hidden\" name=\"_wpcf7_posted_data_hash\" value=\"\" \/>\n<input type=\"hidden\" name=\"_wpcf7_recaptcha_response\" value=\"\" \/>\n<\/div>\n<div class=\"cmsmasters_row_margin cmsmasters_1212\">\n\t<div class=\"cmsmasters_column one_half\">\n\t\t<p><span class=\"wpcf7-form-control-wrap\" data-name=\"menu-372\"><select class=\"wpcf7-form-control wpcf7-select wpcf7-validates-as-required\" aria-required=\"true\" aria-invalid=\"false\" name=\"menu-372\"><option value=\"Choisissez un traitement\">Choisissez un traitement<\/option><option value=\"Silhouette\">Silhouette<\/option><option value=\"Poitrine\">Poitrine<\/option><option value=\"Visage\">Visage<\/option><option value=\"Peau\">Peau<\/option><option value=\"Chirurgie intime\">Chirurgie intime<\/option><option value=\"Epilation\">Epilation<\/option><option value=\"Nutrition\">Nutrition<\/option><option value=\"Dents\">Dents<\/option><\/select><\/span>\n\t\t<\/p>\n\t\t<p><span class=\"wpcf7-form-control-wrap\" data-name=\"your-surname\"><input size=\"40\" class=\"wpcf7-form-control wpcf7-text wpcf7-validates-as-required\" aria-required=\"true\" aria-invalid=\"false\" placeholder=\"Votre pr\u00e9nom\" value=\"\" type=\"text\" name=\"your-surname\" \/><\/span>\n\t\t<\/p>\n\t\t<p><span class=\"wpcf7-form-control-wrap\" data-name=\"your-name\"><input size=\"40\" class=\"wpcf7-form-control wpcf7-text wpcf7-validates-as-required\" aria-required=\"true\" aria-invalid=\"false\" placeholder=\"Votre nom\" value=\"\" type=\"text\" name=\"your-name\" \/><\/span>\n\t\t<\/p>\n\t<\/div>\n\t<div class=\"cmsmasters_column one_half\">\n\t\t<p><span class=\"wpcf7-form-control-wrap\" data-name=\"phone\"><input size=\"40\" class=\"wpcf7-form-control wpcf7-text wpcf7-tel wpcf7-validates-as-required wpcf7-validates-as-tel\" aria-required=\"true\" aria-invalid=\"false\" placeholder=\"Num\u00e9ro de t\u00e9l\u00e9phone\" value=\"\" type=\"tel\" name=\"phone\" \/><\/span>\n\t\t<\/p>\n\t\t<p><span class=\"wpcf7-form-control-wrap\" data-name=\"your-email\"><input size=\"40\" class=\"wpcf7-form-control wpcf7-text wpcf7-email wpcf7-validates-as-required wpcf7-validates-as-email\" aria-required=\"true\" aria-invalid=\"false\" placeholder=\"Votre email\" value=\"\" type=\"email\" name=\"your-email\" \/><\/span><span id=\"wpcf7-6a041ca1b2bce-wrapper\" class=\"wpcf7-form-control-wrap email-confirm-881-wrap\" style=\"display:none !important; visibility:hidden !important;\"><label for=\"wpcf7-6a041ca1b2bce-field\" class=\"hp-message\">Please leave this field empty.<\/label><input id=\"wpcf7-6a041ca1b2bce-field\"  class=\"wpcf7-form-control wpcf7-text\" type=\"text\" name=\"email-confirm-881\" value=\"\" size=\"40\" tabindex=\"-1\" autocomplete=\"new-password\" \/><\/span>\n\t\t<\/p>\n\t\t<p><span class=\"wpcf7-form-control-wrap confirm_email-679\"><input size=\"40\" class=\"wpcf7-form-control wpcf7-confirm_email wpcf7-validates-as-confirm_email\" aria-invalid=\"false\" placeholder=\"Confirmation email\" value=\"\" type=\"confirm_email\" name=\"confirm_email-679\" \/><\/span>\n\t\t<\/p>\n\t<\/div>\n\t<p><span class=\"wpcf7-form-control-wrap\" data-name=\"text\"><textarea cols=\"40\" rows=\"10\" class=\"wpcf7-form-control wpcf7-textarea\" aria-invalid=\"false\" placeholder=\"Votre message ou question...\" name=\"text\"><\/textarea><\/span>\n\t<\/p>\n<\/div>\n<div class=\"cmsmasters_row_margin cmsmasters_11\">\n\t<div class=\"cmsmasters_column one_first\">\n\t\t<p><input class=\"wpcf7-form-control has-spinner wpcf7-submit\" type=\"submit\" value=\"Envoyer votre demande\" \/>\n\t\t<\/p>\n\t<\/div>\n<\/div><div class=\"wpcf7-response-output\" aria-hidden=\"true\"><\/div>\n<\/form>\n<\/div>\n<\/div>\n<\/div>\n<\/div>\n<\/div>\n<\/div>\n<\/div>\n<\/div>\n<\/div>\n<\/div>\n<\/div>\n\n","protected":false},"excerpt":{"rendered":"","protected":false},"author":1,"featured_media":0,"parent":14190,"menu_order":0,"comment_status":"closed","ping_status":"closed","template":"","meta":{"footnotes":""},"class_list":["post-14099","page","type-page","status-publish","hentry"],"_links":{"self":[{"href":"https:\/\/www.estheaclinic.com\/en\/wp-json\/wp\/v2\/pages\/14099","targetHints":{"allow":["GET"]}}],"collection":[{"href":"https:\/\/www.estheaclinic.com\/en\/wp-json\/wp\/v2\/pages"}],"about":[{"href":"https:\/\/www.estheaclinic.com\/en\/wp-json\/wp\/v2\/types\/page"}],"author":[{"embeddable":true,"href":"https:\/\/www.estheaclinic.com\/en\/wp-json\/wp\/v2\/users\/1"}],"replies":[{"embeddable":true,"href":"https:\/\/www.estheaclinic.com\/en\/wp-json\/wp\/v2\/comments?post=14099"}],"version-history":[{"count":18,"href":"https:\/\/www.estheaclinic.com\/en\/wp-json\/wp\/v2\/pages\/14099\/revisions"}],"predecessor-version":[{"id":15774,"href":"https:\/\/www.estheaclinic.com\/en\/wp-json\/wp\/v2\/pages\/14099\/revisions\/15774"}],"up":[{"embeddable":true,"href":"https:\/\/www.estheaclinic.com\/en\/wp-json\/wp\/v2\/pages\/14190"}],"wp:attachment":[{"href":"https:\/\/www.estheaclinic.com\/en\/wp-json\/wp\/v2\/media?parent=14099"}],"curies":[{"name":"wp","href":"https:\/\/api.w.org\/{rel}","templated":true}]}}