{"id":15331,"date":"2017-07-27T12:33:48","date_gmt":"2017-07-27T10:33:48","guid":{"rendered":"https:\/\/www.estheaclinic.com\/photos-et-temoignages\/"},"modified":"2017-07-28T16:07:32","modified_gmt":"2017-07-28T14:07:32","slug":"photos","status":"publish","type":"page","link":"https:\/\/www.estheaclinic.com\/de\/photos\/","title":{"rendered":"Fotos Vorher-Nachher und Aussagen"},"content":{"rendered":"<style type=\"text\/css\"> \n#cmsmasters_row_69dc65e264211 .cmsmasters_row_outer_parent { \n\tpadding-top: 0px; \n} \n\n#cmsmasters_row_69dc65e264211 .cmsmasters_row_outer_parent { \n\tpadding-bottom: 50px; \n} \n\n \n#cmsmasters_row_69dc65e2642a4 .cmsmasters_row_outer_parent { \n\tpadding-top: 0px; \n} \n\n#cmsmasters_row_69dc65e2642a4 .cmsmasters_row_outer_parent { \n\tpadding-bottom: 50px; \n} \n\n<\/style><div id=\"cmsmasters_row_69dc65e264211\" class=\"cmsmasters_row cmsmasters_color_scheme_default cmsmasters_row_top_default cmsmasters_row_bot_default cmsmasters_row_boxed\">\n<div class=\"cmsmasters_row_outer_parent\">\n<div class=\"cmsmasters_row_outer\">\n<div class=\"cmsmasters_row_inner\">\n<div class=\"cmsmasters_row_margin\">\n<div class=\"cmsmasters_column one_first\">\n<\/div>\n<\/div>\n<\/div>\n<\/div>\n<\/div>\n<\/div>\n<div id=\"cmsmasters_row_69dc65e2642a4\" class=\"cmsmasters_row cmsmasters_color_scheme_default cmsmasters_row_top_default cmsmasters_row_bot_default cmsmasters_row_boxed\">\n<div class=\"cmsmasters_row_outer_parent\">\n<div class=\"cmsmasters_row_outer\">\n<div class=\"cmsmasters_row_inner\">\n<div class=\"cmsmasters_row_margin\">\n<div class=\"cmsmasters_column one_first\">\n<div class=\"cmsmasters_text\">\n<p>Fotos Vorher-Nachher und Aussagen<\/p>\n<p>In Artikel 3 des Gesetzes vom 5. August 2011, welches die Werbung f\u00fcr Sch\u00f6nheitsmedizin verbietet und die diesbez\u00fcgliche Information gesetzlich regelt, steht:<br \/>\n\u00ab Es ist untersagt, Untersuchungs- und Behandlungsergebnisse wie z.B. Fotos vor und nach dem sch\u00f6nheitsmedizinischen Eingriff sowie Aussagen von Patienten zur pers\u00f6nlichen Information zu verwenden \u00bb.<\/p>\n<p>Deshalb d\u00fcrfen wir auf unserer Webseite weder Fotos noch Patientenaussagen ver\u00f6ffentlichen,\u00a0aber Sie k\u00f6nnen in Ihrer Freizeit w\u00e4hrend Ihrer Beratung durchsuchen.<\/p>\n<\/div>\n<\/div>\n<\/div>\n<\/div>\n<\/div>\n<\/div>\n<\/div>\n\n","protected":false},"excerpt":{"rendered":"","protected":false},"author":1,"featured_media":0,"parent":0,"menu_order":0,"comment_status":"closed","ping_status":"closed","template":"","meta":{"footnotes":""},"class_list":["post-15331","page","type-page","status-publish","hentry"],"_links":{"self":[{"href":"https:\/\/www.estheaclinic.com\/de\/wp-json\/wp\/v2\/pages\/15331","targetHints":{"allow":["GET"]}}],"collection":[{"href":"https:\/\/www.estheaclinic.com\/de\/wp-json\/wp\/v2\/pages"}],"about":[{"href":"https:\/\/www.estheaclinic.com\/de\/wp-json\/wp\/v2\/types\/page"}],"author":[{"embeddable":true,"href":"https:\/\/www.estheaclinic.com\/de\/wp-json\/wp\/v2\/users\/1"}],"replies":[{"embeddable":true,"href":"https:\/\/www.estheaclinic.com\/de\/wp-json\/wp\/v2\/comments?post=15331"}],"version-history":[{"count":6,"href":"https:\/\/www.estheaclinic.com\/de\/wp-json\/wp\/v2\/pages\/15331\/revisions"}],"predecessor-version":[{"id":15460,"href":"https:\/\/www.estheaclinic.com\/de\/wp-json\/wp\/v2\/pages\/15331\/revisions\/15460"}],"wp:attachment":[{"href":"https:\/\/www.estheaclinic.com\/de\/wp-json\/wp\/v2\/media?parent=15331"}],"curies":[{"name":"wp","href":"https:\/\/api.w.org\/{rel}","templated":true}]}}