{"id":14205,"date":"2015-04-20T11:50:56","date_gmt":"2015-04-20T11:50:56","guid":{"rendered":"http:\/\/lab.eteamsys.com\/EC\/la-clinique\/"},"modified":"2017-07-28T16:13:58","modified_gmt":"2017-07-28T14:13:58","slug":"die-klinik","status":"publish","type":"page","link":"https:\/\/www.estheaclinic.com\/de\/die-klinik\/","title":{"rendered":"Die klinik"},"content":{"rendered":"<style type=\"text\/css\"> \n#cmsmasters_row_69e1df028c017 { \n\tbackground-image: url(https:\/\/www.estheaclinic.com\/wp-content\/uploads\/2015\/04\/981_5919.jpg); \n\tbackground-position: top center; \n\tbackground-repeat: no-repeat; \n\tbackground-attachment: scroll; \n\tbackground-size: cover; \n} \n\n#cmsmasters_row_69e1df028c017 .cmsmasters_row_outer_parent { \n\tpadding-top: 170px; \n} \n\n#cmsmasters_row_69e1df028c017 .cmsmasters_row_outer_parent { \n\tpadding-bottom: 170px; \n} \n\n \n#cmsmasters_heading_69e1df028c3b6 { \n\ttext-align:left; \n\tmargin-top:0px; \n\tmargin-bottom:20px; \n} \n\n#cmsmasters_heading_69e1df028c3b6 .cmsmasters_heading { \n\ttext-align:left; \n} \n\n#cmsmasters_heading_69e1df028c3b6 .cmsmasters_heading, #cmsmasters_heading_69e1df028c3b6 .cmsmasters_heading a { \n\tfont-size:30px; \n\tfont-weight:normal; \n\tfont-style:normal; \n\tcolor:#ffffff;\n} \n\n#cmsmasters_heading_69e1df028c3b6 .cmsmasters_heading_divider { \n} \n\n \n#cmsmasters_divider_69e1df028c4a7 { \n\tborder-bottom-width:0px; \n\tborder-bottom-style:solid; \n\tpadding-top:0px; \n\tmargin-bottom:20px; \n} \n\n#cmsmasters_button_69e1df028c5a7 { \n\tfloat:left; \n} \n\n#cmsmasters_button_69e1df028c5a7 .cmsmasters_button:before { \n\tmargin-right:.5em; \n\tmargin-left:0; \n\tvertical-align:baseline; \n} \n\n#cmsmasters_button_69e1df028c5a7 .cmsmasters_button { \n\tfont-weight:600; \n\tfont-style:normal; \n\tborder-width:1px; \n\tborder-style:solid; \n\tbackground-color:#ffffff;\n\tcolor:#4cc7ef;\n\tborder-color:#ffffff;\n} \n#cmsmasters_button_69e1df028c5a7 .cmsmasters_button:hover { \n\tbackground-color:rgba(255,255,255,0);\n\tcolor:#ffffff;\n\tborder-color:#ffffff;\n} \n \n#cmsmasters_row_69e1df028c648 .cmsmasters_row_outer_parent { \n\tpadding-top: 30px; \n} \n\n#cmsmasters_row_69e1df028c648 .cmsmasters_row_outer_parent { \n\tpadding-bottom: 20px; \n} \n\n \n#cmsmasters_divider_69e1df028c8ec { \n\tborder-bottom-width:0px; \n\tborder-bottom-style:solid; \n\tpadding-top:0px; \n\tmargin-bottom:20px; \n} \n\n#cmsmasters_button_69e1df028c9ea { \n\tfloat:left; \n} \n\n#cmsmasters_button_69e1df028c9ea .cmsmasters_button:before { \n\tmargin-right:.5em; \n\tmargin-left:0; \n\tvertical-align:baseline; \n} \n\n#cmsmasters_button_69e1df028c9ea .cmsmasters_button { \n\tfont-weight:normal; \n\tfont-style:normal; \n\tborder-width:2px; \n\tborder-style:solid; \n\tbackground-color:rgba(255,255,255,0);\n\tcolor:#4cc7ef;\n\tborder-color:#4cc7ef;\n} \n#cmsmasters_button_69e1df028c9ea .cmsmasters_button:hover { \n\tbackground-color:#4cc7ef;\n\tcolor:#ffffff;\n\tborder-color:#4cc7ef;\n} \n \n#cmsmasters_row_69e1df028da0b { \n\tbackground-color:#ffffff;\n} \n\n#cmsmasters_row_69e1df028da0b .cmsmasters_row_outer_parent { \n\tpadding-bottom: 30px; \n} \n\n \n\n#cmsmasters_fb_69e1df028db6c { \n\tpadding-top:0px; \n\tpadding-bottom:0px; \n\tbackground-color:#4cc7ef;\n} \n\n#cmsmasters_fb_69e1df028db6c .featured_block_inner { \n\twidth: 100%; \n\tpadding: 45px 35px; \n\ttext-align: left; \n\tmargin:0 auto; \n} \n\n#cmsmasters_fb_69e1df028db6c .featured_block_text { \n\ttext-align: left; \n} \n\n \n#cmsmasters_heading_69e1df028dcda { \n\ttext-align:left; \n\tmargin-top:0px; \n\tmargin-bottom:48px; \n} \n\n#cmsmasters_heading_69e1df028dcda .cmsmasters_heading { \n\ttext-align:left; \n} \n\n#cmsmasters_heading_69e1df028dcda .cmsmasters_heading, #cmsmasters_heading_69e1df028dcda .cmsmasters_heading a { \n\tfont-size:24px; \n\tfont-weight:normal; \n\tfont-style:normal; \n\tcolor:#ffffff !important;\n} \n\n#cmsmasters_heading_69e1df028dcda .cmsmasters_heading_divider { \n} \n\n<\/style><div id=\"cmsmasters_row_69e1df028c017\" class=\"cmsmasters_row cmsmasters_color_scheme_default cmsmasters_row_top_default cmsmasters_row_bot_default cmsmasters_row_boxed\">\n<div class=\"cmsmasters_row_outer_parent\">\n<div class=\"cmsmasters_row_outer\">\n<div class=\"cmsmasters_row_inner\">\n<div class=\"cmsmasters_row_margin\">\n<div class=\"cmsmasters_column one_half\">\n\n<div id=\"cmsmasters_heading_69e1df028c3b6\" class=\"cmsmasters_heading_wrap cmsmasters_heading_align_left\">\n\t<h1 class=\"cmsmasters_heading\">Klinik f\u00fcr Plastische Chirurgie Liege &#8211; Esthea Clinic &#8211; Belgien<\/h1>\n<\/div>\n<div id=\"cmsmasters_divider_69e1df028c4a7\" class=\"cl\"><\/div>\n<div id=\"cmsmasters_button_69e1df028c5a7\" class=\"button_wrap\"><a href=\"https:\/\/www.estheaclinic.com\/nl\/behandelingen-esthea-clinic\/\" class=\"cmsmasters_button\"><span>Onze behandelingen<\/span><\/a><\/div>\n<\/div>\n<div class=\"cmsmasters_column one_half\">\n<\/div>\n<\/div>\n<\/div>\n<\/div>\n<\/div>\n<\/div>\n<div id=\"cmsmasters_row_69e1df028c648\" class=\"cmsmasters_row cmsmasters_color_scheme_default cmsmasters_row_top_default cmsmasters_row_bot_default cmsmasters_row_boxed\">\n<div id=\"contact\" class=\"cmsmasters_row_outer_parent\">\n<div class=\"cmsmasters_row_outer\">\n<div class=\"cmsmasters_row_inner\">\n<div class=\"cmsmasters_row_margin\">\n<div class=\"cmsmasters_column one_first\">\n<div class=\"cmsmasters_text\">\n<h2>Esthea clinic ist eine private Sch\u00f6nheitsklinik f\u00fcr \u00e4sthetische Chirurgie und Medizin.<\/h2>\n<\/div>\n<\/div>\n<\/div>\n<\/div>\n<\/div>\n<\/div>\n<\/div>\n<div id=\"cmsmasters_row_69e1df028c72e\" class=\"cmsmasters_row cmsmasters_color_scheme_default cmsmasters_row_top_default cmsmasters_row_bot_default cmsmasters_row_boxed\">\n<div id=\"contact\" class=\"cmsmasters_row_outer_parent\">\n<div class=\"cmsmasters_row_outer\">\n<div class=\"cmsmasters_row_inner\">\n<div class=\"cmsmasters_row_margin\">\n<div class=\"cmsmasters_column one_half\">\n<div class=\"cmsmasters_text\">\n<p>Unser Medizinisch-Chirurgisches Team besticht durch seine Erfahrung, Kompetenz und Qualit\u00e4t der gebotenen Behandlungen und betreut Sie vor, w\u00e4hrend und nach dem Eingriff.<\/p>\n<p><i>\u00ab Man mu\u03b2 den K\u00f6rper pflegen, damit sich der Geist darin wohlf\u00fchlt \u00bb.<\/i><\/p>\n<\/div>\n\n<div id=\"cmsmasters_divider_69e1df028c8ec\" class=\"cl\"><\/div>\n<div id=\"cmsmasters_button_69e1df028c9ea\" class=\"button_wrap\"><a href=\"https:\/\/www.estheaclinic.com\/nl\/onze-team\/\" class=\"cmsmasters_button\"><span>ONZE TEAM<\/span><\/a><\/div>\n<\/div>\n<div class=\"cmsmasters_column one_half\">\n<div class=\"cmsmasters_content_slider_wrap\" style=\"max-width:px;\">\n<script type=\"text\/javascript\">jQuery(document).ready(function () { jQuery(\"#cmsmasters_slider_69e1df028cbb1.cmsmasters_content_slider\").owlCarousel( { singleItem : true, transitionStyle: false, rewindNav: false, rewindSpeed : 1000, slideSpeed : 600, autoHeight : true, paginationSpeed : \t600, autoPlay : 3000,stopOnHover: true, pagination: false, navigation : true, navigationText : \t[ \"<span><\/span>\", \"<span><\/span>\" ] } );} );<\/script>\n<div id=\"cmsmasters_slider_69e1df028cbb1\" class=\"cmsmasters_content_slider cmsmasters_owl_slider owl-carousel\">\n<div class=\"cmsmasters_content_slider_item\"><img loading=\"lazy\" decoding=\"async\" width=\"1329\" height=\"887\" src=\"https:\/\/www.estheaclinic.com\/wp-content\/uploads\/2015\/04\/981_5847.jpg\" class=\"attachment-full size-full\" alt=\"\" srcset=\"https:\/\/www.estheaclinic.com\/wp-content\/uploads\/2015\/04\/981_5847.jpg 1329w, https:\/\/www.estheaclinic.com\/wp-content\/uploads\/2015\/04\/981_5847-300x200.jpg 300w, https:\/\/www.estheaclinic.com\/wp-content\/uploads\/2015\/04\/981_5847-768x513.jpg 768w, https:\/\/www.estheaclinic.com\/wp-content\/uploads\/2015\/04\/981_5847-1024x683.jpg 1024w, https:\/\/www.estheaclinic.com\/wp-content\/uploads\/2015\/04\/981_5847-580x387.jpg 580w, https:\/\/www.estheaclinic.com\/wp-content\/uploads\/2015\/04\/981_5847-860x574.jpg 860w, https:\/\/www.estheaclinic.com\/wp-content\/uploads\/2015\/04\/981_5847-1160x774.jpg 1160w\" sizes=\"auto, (max-width: 1329px) 100vw, 1329px\" \/><\/div><div class=\"cmsmasters_content_slider_item\"><img loading=\"lazy\" decoding=\"async\" width=\"1329\" height=\"887\" src=\"https:\/\/www.estheaclinic.com\/wp-content\/uploads\/2015\/04\/981_5852.jpg\" class=\"attachment-full size-full\" alt=\"\" srcset=\"https:\/\/www.estheaclinic.com\/wp-content\/uploads\/2015\/04\/981_5852.jpg 1329w, https:\/\/www.estheaclinic.com\/wp-content\/uploads\/2015\/04\/981_5852-300x200.jpg 300w, https:\/\/www.estheaclinic.com\/wp-content\/uploads\/2015\/04\/981_5852-768x513.jpg 768w, https:\/\/www.estheaclinic.com\/wp-content\/uploads\/2015\/04\/981_5852-1024x683.jpg 1024w, https:\/\/www.estheaclinic.com\/wp-content\/uploads\/2015\/04\/981_5852-580x387.jpg 580w, https:\/\/www.estheaclinic.com\/wp-content\/uploads\/2015\/04\/981_5852-860x574.jpg 860w, https:\/\/www.estheaclinic.com\/wp-content\/uploads\/2015\/04\/981_5852-1160x774.jpg 1160w\" sizes=\"auto, (max-width: 1329px) 100vw, 1329px\" \/><\/div><div class=\"cmsmasters_content_slider_item\"><img loading=\"lazy\" decoding=\"async\" width=\"1329\" height=\"887\" src=\"https:\/\/www.estheaclinic.com\/wp-content\/uploads\/2015\/04\/981_5916.jpg\" class=\"attachment-full size-full\" alt=\"\" srcset=\"https:\/\/www.estheaclinic.com\/wp-content\/uploads\/2015\/04\/981_5916.jpg 1329w, https:\/\/www.estheaclinic.com\/wp-content\/uploads\/2015\/04\/981_5916-300x200.jpg 300w, https:\/\/www.estheaclinic.com\/wp-content\/uploads\/2015\/04\/981_5916-768x513.jpg 768w, https:\/\/www.estheaclinic.com\/wp-content\/uploads\/2015\/04\/981_5916-1024x683.jpg 1024w, https:\/\/www.estheaclinic.com\/wp-content\/uploads\/2015\/04\/981_5916-580x387.jpg 580w, https:\/\/www.estheaclinic.com\/wp-content\/uploads\/2015\/04\/981_5916-860x574.jpg 860w, https:\/\/www.estheaclinic.com\/wp-content\/uploads\/2015\/04\/981_5916-1160x774.jpg 1160w\" sizes=\"auto, (max-width: 1329px) 100vw, 1329px\" \/><\/div><div class=\"cmsmasters_content_slider_item\"><img loading=\"lazy\" decoding=\"async\" width=\"1329\" height=\"887\" src=\"https:\/\/www.estheaclinic.com\/wp-content\/uploads\/2015\/04\/981_5924.jpg\" class=\"attachment-full size-full\" alt=\"\" srcset=\"https:\/\/www.estheaclinic.com\/wp-content\/uploads\/2015\/04\/981_5924.jpg 1329w, https:\/\/www.estheaclinic.com\/wp-content\/uploads\/2015\/04\/981_5924-300x200.jpg 300w, https:\/\/www.estheaclinic.com\/wp-content\/uploads\/2015\/04\/981_5924-768x513.jpg 768w, https:\/\/www.estheaclinic.com\/wp-content\/uploads\/2015\/04\/981_5924-1024x683.jpg 1024w, https:\/\/www.estheaclinic.com\/wp-content\/uploads\/2015\/04\/981_5924-580x387.jpg 580w, https:\/\/www.estheaclinic.com\/wp-content\/uploads\/2015\/04\/981_5924-860x574.jpg 860w, https:\/\/www.estheaclinic.com\/wp-content\/uploads\/2015\/04\/981_5924-1160x774.jpg 1160w\" sizes=\"auto, (max-width: 1329px) 100vw, 1329px\" \/><\/div><div class=\"cmsmasters_content_slider_item\"><img loading=\"lazy\" decoding=\"async\" width=\"1329\" height=\"887\" src=\"https:\/\/www.estheaclinic.com\/wp-content\/uploads\/2015\/04\/981_5932.jpg\" class=\"attachment-full size-full\" alt=\"\" srcset=\"https:\/\/www.estheaclinic.com\/wp-content\/uploads\/2015\/04\/981_5932.jpg 1329w, https:\/\/www.estheaclinic.com\/wp-content\/uploads\/2015\/04\/981_5932-300x200.jpg 300w, https:\/\/www.estheaclinic.com\/wp-content\/uploads\/2015\/04\/981_5932-768x513.jpg 768w, https:\/\/www.estheaclinic.com\/wp-content\/uploads\/2015\/04\/981_5932-1024x683.jpg 1024w, https:\/\/www.estheaclinic.com\/wp-content\/uploads\/2015\/04\/981_5932-580x387.jpg 580w, https:\/\/www.estheaclinic.com\/wp-content\/uploads\/2015\/04\/981_5932-860x574.jpg 860w, https:\/\/www.estheaclinic.com\/wp-content\/uploads\/2015\/04\/981_5932-1160x774.jpg 1160w\" sizes=\"auto, (max-width: 1329px) 100vw, 1329px\" \/><\/div><div class=\"cmsmasters_content_slider_item\"><img loading=\"lazy\" decoding=\"async\" width=\"1329\" height=\"887\" src=\"https:\/\/www.estheaclinic.com\/wp-content\/uploads\/2015\/04\/981_5959.jpg\" class=\"attachment-full size-full\" alt=\"\" srcset=\"https:\/\/www.estheaclinic.com\/wp-content\/uploads\/2015\/04\/981_5959.jpg 1329w, https:\/\/www.estheaclinic.com\/wp-content\/uploads\/2015\/04\/981_5959-300x200.jpg 300w, https:\/\/www.estheaclinic.com\/wp-content\/uploads\/2015\/04\/981_5959-768x513.jpg 768w, https:\/\/www.estheaclinic.com\/wp-content\/uploads\/2015\/04\/981_5959-1024x683.jpg 1024w, https:\/\/www.estheaclinic.com\/wp-content\/uploads\/2015\/04\/981_5959-580x387.jpg 580w, https:\/\/www.estheaclinic.com\/wp-content\/uploads\/2015\/04\/981_5959-860x574.jpg 860w, https:\/\/www.estheaclinic.com\/wp-content\/uploads\/2015\/04\/981_5959-1160x774.jpg 1160w\" sizes=\"auto, (max-width: 1329px) 100vw, 1329px\" \/><\/div><div class=\"cmsmasters_content_slider_item\"><img loading=\"lazy\" decoding=\"async\" width=\"1500\" height=\"1001\" src=\"https:\/\/www.estheaclinic.com\/wp-content\/uploads\/2015\/04\/981_5967.jpg\" class=\"attachment-full size-full\" alt=\"\" srcset=\"https:\/\/www.estheaclinic.com\/wp-content\/uploads\/2015\/04\/981_5967.jpg 1500w, https:\/\/www.estheaclinic.com\/wp-content\/uploads\/2015\/04\/981_5967-300x200.jpg 300w, https:\/\/www.estheaclinic.com\/wp-content\/uploads\/2015\/04\/981_5967-768x513.jpg 768w, https:\/\/www.estheaclinic.com\/wp-content\/uploads\/2015\/04\/981_5967-1024x683.jpg 1024w, https:\/\/www.estheaclinic.com\/wp-content\/uploads\/2015\/04\/981_5967-580x387.jpg 580w, https:\/\/www.estheaclinic.com\/wp-content\/uploads\/2015\/04\/981_5967-860x574.jpg 860w, https:\/\/www.estheaclinic.com\/wp-content\/uploads\/2015\/04\/981_5967-1160x774.jpg 1160w\" sizes=\"auto, (max-width: 1500px) 100vw, 1500px\" \/><\/div><div class=\"cmsmasters_content_slider_item\"><img loading=\"lazy\" decoding=\"async\" width=\"1329\" height=\"887\" src=\"https:\/\/www.estheaclinic.com\/wp-content\/uploads\/2015\/04\/981_5983.jpg\" class=\"attachment-full size-full\" alt=\"\" srcset=\"https:\/\/www.estheaclinic.com\/wp-content\/uploads\/2015\/04\/981_5983.jpg 1329w, https:\/\/www.estheaclinic.com\/wp-content\/uploads\/2015\/04\/981_5983-300x200.jpg 300w, https:\/\/www.estheaclinic.com\/wp-content\/uploads\/2015\/04\/981_5983-768x513.jpg 768w, https:\/\/www.estheaclinic.com\/wp-content\/uploads\/2015\/04\/981_5983-1024x683.jpg 1024w, https:\/\/www.estheaclinic.com\/wp-content\/uploads\/2015\/04\/981_5983-580x387.jpg 580w, https:\/\/www.estheaclinic.com\/wp-content\/uploads\/2015\/04\/981_5983-860x574.jpg 860w, https:\/\/www.estheaclinic.com\/wp-content\/uploads\/2015\/04\/981_5983-1160x774.jpg 1160w\" sizes=\"auto, (max-width: 1329px) 100vw, 1329px\" \/><\/div><\/div>\n<\/div>\n<\/div>\n<\/div>\n<\/div>\n<\/div>\n<\/div>\n<\/div>\n<div id=\"cmsmasters_row_69e1df028da0b\" class=\"cmsmasters_row cmsmasters_color_scheme_default cmsmasters_row_top_default cmsmasters_row_bot_default cmsmasters_row_boxed\">\n<div id=\"contact\" class=\"cmsmasters_row_outer_parent\">\n<div class=\"cmsmasters_row_outer\">\n<div class=\"cmsmasters_row_inner\">\n<div class=\"cmsmasters_row_margin\">\n<div class=\"cmsmasters_column one_first\">\n<div id=\"cmsmasters_fb_69e1df028db6c\" class=\"cmsmasters_featured_block cmsmasters_make_an_appointment cmsmasters_make_an_appointment_clinic\">\n<div class=\"featured_block_inner\">\n<div class=\"featured_block_text\">\n<div id=\"cmsmasters_heading_69e1df028dcda\" class=\"cmsmasters_heading_wrap cmsmasters_heading_align_left\">\n\t<h3 class=\"cmsmasters_heading\"> Bei Fragen wenden Sie sich vertrauensvoll an uns<\/h3>\n<\/div><div class=\"cmsmasters_contact_form\">\n<div class=\"wpcf7 no-js\" id=\"wpcf7-f14567-o1\" lang=\"en-US\" dir=\"ltr\">\n<div class=\"screen-reader-response\"><p role=\"status\" aria-live=\"polite\" aria-atomic=\"true\"><\/p> <ul><\/ul><\/div>\n<form action=\"\/de\/wp-json\/wp\/v2\/pages\/14205#wpcf7-f14567-o1\" method=\"post\" class=\"wpcf7-form init\" aria-label=\"Contact form\" novalidate=\"novalidate\" data-status=\"init\">\n<div style=\"display: none;\">\n<input type=\"hidden\" name=\"_wpcf7\" value=\"14567\" \/>\n<input type=\"hidden\" name=\"_wpcf7_version\" value=\"5.7.7\" \/>\n<input type=\"hidden\" name=\"_wpcf7_locale\" value=\"en_US\" \/>\n<input type=\"hidden\" name=\"_wpcf7_unit_tag\" value=\"wpcf7-f14567-o1\" \/>\n<input type=\"hidden\" name=\"_wpcf7_container_post\" value=\"0\" \/>\n<input type=\"hidden\" name=\"_wpcf7_posted_data_hash\" value=\"\" \/>\n<input type=\"hidden\" name=\"_wpcf7_recaptcha_response\" value=\"\" \/>\n<\/div>\n<div class=\"cmsmasters_row_margin cmsmasters_1212\">\n\t<div class=\"cmsmasters_column one_half\">\n\t\t<p><span class=\"wpcf7-form-control-wrap\" data-name=\"menu-372\"><select class=\"wpcf7-form-control wpcf7-select\" aria-invalid=\"false\" name=\"menu-372\"><option value=\"w\u00e4hlen Sie Behandlung\">w\u00e4hlen Sie Behandlung<\/option><option value=\"Silhouette\">Silhouette<\/option><option value=\"Brust\">Brust<\/option><option value=\"Gesicht\">Gesicht<\/option><option value=\"Haut\">Haut<\/option><option value=\"Intimbereich\">Intimbereich<\/option><option value=\"Enthaarung\">Enthaarung<\/option><option value=\"Ern\u00e4hrung\">Ern\u00e4hrung<\/option><option value=\"Z\u00e4hne\">Z\u00e4hne<\/option><\/select><\/span>\n\t\t<\/p>\n\t\t<p><span class=\"wpcf7-form-control-wrap\" data-name=\"your-name\"><input size=\"40\" class=\"wpcf7-form-control wpcf7-text\" aria-invalid=\"false\" placeholder=\"Ihren Namen\" value=\"\" type=\"text\" name=\"your-name\" \/><\/span>\n\t\t<\/p>\n\t\t<p><span class=\"wpcf7-form-control-wrap\" data-name=\"your-surname\"><input size=\"40\" class=\"wpcf7-form-control wpcf7-text\" aria-invalid=\"false\" placeholder=\"Ihren Vorname\" value=\"\" type=\"text\" name=\"your-surname\" \/><\/span>\n\t\t<\/p>\n\t<\/div>\n\t<div class=\"cmsmasters_column one_half\">\n\t\t<p><span class=\"wpcf7-form-control-wrap\" data-name=\"phone\"><input size=\"40\" class=\"wpcf7-form-control wpcf7-text wpcf7-tel wpcf7-validates-as-tel\" aria-invalid=\"false\" placeholder=\"Telefonnummer\" value=\"\" type=\"tel\" name=\"phone\" \/><\/span>\n\t\t<\/p>\n\t\t<p><span class=\"wpcf7-form-control-wrap\" data-name=\"your-email\"><input size=\"40\" class=\"wpcf7-form-control wpcf7-text wpcf7-email wpcf7-validates-as-required wpcf7-validates-as-email\" aria-required=\"true\" aria-invalid=\"false\" placeholder=\"Ihren email\" value=\"\" type=\"email\" name=\"your-email\" \/><\/span><span id=\"wpcf7-69e1df0291104-wrapper\" class=\"wpcf7-form-control-wrap email-confirm-774-wrap\" style=\"display:none !important; visibility:hidden !important;\"><label for=\"wpcf7-69e1df0291104-field\" class=\"hp-message\">Please leave this field empty.<\/label><input id=\"wpcf7-69e1df0291104-field\"  class=\"wpcf7-form-control wpcf7-text\" type=\"text\" name=\"email-confirm-774\" value=\"\" size=\"40\" tabindex=\"-1\" autocomplete=\"new-password\" \/><\/span>\n\t\t<\/p>\n\t\t<p><span class=\"wpcf7-form-control-wrap confirm_email-12\"><input size=\"40\" class=\"wpcf7-form-control wpcf7-confirm_email wpcf7-validates-as-confirm_email\" aria-invalid=\"false\" placeholder=\"Email Best\u00e4tigung\" value=\"\" type=\"confirm_email\" name=\"confirm_email-12\" \/><\/span>\n\t\t<\/p>\n\t<\/div>\n\t<p><span class=\"wpcf7-form-control-wrap\" data-name=\"text\"><textarea cols=\"40\" rows=\"10\" class=\"wpcf7-form-control wpcf7-textarea\" aria-invalid=\"false\" placeholder=\"Ihre Mitteilung oder Frage ...\" name=\"text\"><\/textarea><\/span>\n\t<\/p>\n<\/div>\n<div class=\"cmsmasters_row_margin cmsmasters_11\">\n\t<div class=\"cmsmasters_column one_first\">\n\t\t<p><input class=\"wpcf7-form-control has-spinner wpcf7-submit\" type=\"submit\" value=\"Senden Sie Ihre Anfrage\" \/>\n\t\t<\/p>\n\t<\/div>\n<\/div><div class=\"wpcf7-response-output\" aria-hidden=\"true\"><\/div>\n<\/form>\n<\/div>\n<\/div>\n<\/div>\n<\/div>\n<\/div>\n<\/div>\n<\/div>\n<\/div>\n<\/div>\n<\/div>\n<\/div>\n\n","protected":false},"excerpt":{"rendered":"","protected":false},"author":1,"featured_media":0,"parent":0,"menu_order":0,"comment_status":"closed","ping_status":"closed","template":"","meta":{"footnotes":""},"class_list":["post-14205","page","type-page","status-publish","hentry"],"_links":{"self":[{"href":"https:\/\/www.estheaclinic.com\/de\/wp-json\/wp\/v2\/pages\/14205","targetHints":{"allow":["GET"]}}],"collection":[{"href":"https:\/\/www.estheaclinic.com\/de\/wp-json\/wp\/v2\/pages"}],"about":[{"href":"https:\/\/www.estheaclinic.com\/de\/wp-json\/wp\/v2\/types\/page"}],"author":[{"embeddable":true,"href":"https:\/\/www.estheaclinic.com\/de\/wp-json\/wp\/v2\/users\/1"}],"replies":[{"embeddable":true,"href":"https:\/\/www.estheaclinic.com\/de\/wp-json\/wp\/v2\/comments?post=14205"}],"version-history":[{"count":4,"href":"https:\/\/www.estheaclinic.com\/de\/wp-json\/wp\/v2\/pages\/14205\/revisions"}],"predecessor-version":[{"id":15463,"href":"https:\/\/www.estheaclinic.com\/de\/wp-json\/wp\/v2\/pages\/14205\/revisions\/15463"}],"wp:attachment":[{"href":"https:\/\/www.estheaclinic.com\/de\/wp-json\/wp\/v2\/media?parent=14205"}],"curies":[{"name":"wp","href":"https:\/\/api.w.org\/{rel}","templated":true}]}}