{"id":14184,"date":"2016-09-16T10:21:07","date_gmt":"2016-09-16T10:21:07","guid":{"rendered":"http:\/\/lab.eteamsys.com\/EC\/la-silhouette\/liposuccion-lipoaspiration-vibro-liposculpture\/"},"modified":"2017-09-08T14:23:44","modified_gmt":"2017-09-08T12:23:44","slug":"liposuktion-fettabsaugung-vibro-liposkulptur","status":"publish","type":"page","link":"https:\/\/www.estheaclinic.com\/de\/behandlung-esthea-clinic\/silhouette\/liposuktion-fettabsaugung-vibro-liposkulptur\/","title":{"rendered":"Liposuktion \/ Fettabsaugung \/ (Vibro-)Liposkulptur"},"content":{"rendered":"<style type=\"text\/css\"> \n#cmsmasters_row_69f27baf019d8 .cmsmasters_row_outer_parent { \n\tpadding-top: 0px; \n} \n\n#cmsmasters_row_69f27baf019d8 .cmsmasters_row_outer_parent { \n\tpadding-bottom: 0px; \n} \n\n \n#cmsmasters_heading_69f27baf01ee5 { \n\ttext-align:left; \n\tmargin-top:30px; \n\tmargin-bottom:20px; \n} \n\n#cmsmasters_heading_69f27baf01ee5 .cmsmasters_heading { \n\ttext-align:left; \n} \n\n#cmsmasters_heading_69f27baf01ee5 .cmsmasters_heading, #cmsmasters_heading_69f27baf01ee5 .cmsmasters_heading a { \n\tfont-size:24px; \n\tline-height:30px; \n\tfont-weight:normal; \n\tfont-style:normal; \n\tcolor:#3eb8d7;\n} \n\n#cmsmasters_heading_69f27baf01ee5 .cmsmasters_heading_divider { \n} \n\n \n#cmsmasters_row_69f27baf0207c { \n\tbackground-color:#4cc7ef;\n} \n\n#cmsmasters_row_69f27baf0207c .cmsmasters_row_outer_parent { \n\tpadding-top: 30px; \n} \n\n#cmsmasters_row_69f27baf0207c .cmsmasters_row_outer_parent { \n\tpadding-bottom: 30px; \n} \n\n \n\n#cmsmasters_fb_69f27baf021c5 { \n\tpadding-top:0px; \n\tpadding-bottom:0px; \n\tbackground-color:#4cc7ef;\n} \n\n#cmsmasters_fb_69f27baf021c5 .featured_block_inner { \n\twidth: 100%; \n\tpadding: 40px 35px 45px 35px ; \n\ttext-align: left; \n\tmargin:0 auto; \n} \n\n#cmsmasters_fb_69f27baf021c5 .featured_block_text { \n\ttext-align: left; \n} \n\n \n#cmsmasters_heading_69f27baf02335 { \n\ttext-align:left; \n\tmargin-top:0px; \n\tmargin-bottom:48px; \n} \n\n#cmsmasters_heading_69f27baf02335 .cmsmasters_heading { \n\ttext-align:left; \n} \n\n#cmsmasters_heading_69f27baf02335 .cmsmasters_heading, #cmsmasters_heading_69f27baf02335 .cmsmasters_heading a { \n\tfont-size:24px; \n\tfont-weight:normal; \n\tfont-style:normal; \n\tcolor:#ffffff;\n} \n\n#cmsmasters_heading_69f27baf02335 .cmsmasters_heading_divider { \n} \n\n<\/style><div id=\"cmsmasters_row_69f27baf019d8\" class=\"cmsmasters_row cmsmasters_color_scheme_default cmsmasters_row_top_default cmsmasters_row_bot_default cmsmasters_row_boxed\">\n<div class=\"cmsmasters_row_outer_parent\">\n<div class=\"cmsmasters_row_outer\">\n<div class=\"cmsmasters_row_inner cmsmasters_row_no_margin\">\n<div class=\"cmsmasters_row_margin\">\n<div class=\"cmsmasters_column one_first\">\n<div class=\"cmsmasters_img  cmsmasters_image_n no_margin\">\n<img decoding=\"async\" src=\"https:\/\/www.estheaclinic.com\/wp-content\/uploads\/2016\/09\/esthea-clinic-lipo-1.jpg\" alt=\"\" \/>\n<\/div>\n\n<div id=\"cmsmasters_heading_69f27baf01ee5\" class=\"cmsmasters_heading_wrap cmsmasters_heading_align_left\">\n\t<h1 class=\"cmsmasters_heading\">Liposuktion \/ Fettabsaugung \/ (Vibro-)Liposkulptur<\/h1>\n<\/div><div class=\"cmsmasters_text\">\n<p>Die Liposuktion ist der weltweit meist praktizierte Eingriff.<br \/>\nAnfang der 80er-Jahre erfolgten die ersten Fettabsaugungen mit Hilfe von dicken Hohlnadeln, die lediglich das Absaugen von tief gelegenen Fettpolstern erm\u00f6glichten. Die Ergebnisse waren meist un\u00e4sthetisch (Wellblech\u2026.). Die Techniken haben sich weiterhin verbessert, die Hohlnadeln sind d\u00fcnner geworden, und heute redet man eher von Liposkulptur, da man die K\u00f6rperkontur modelliert und sich nicht nur mit dem Absaugen von \u00fcbersch\u00fcssigen Fettpolstern besch\u00e4ftigt, wie es fr\u00fcher der Fall war. Bei der Liposkulptur kann man getrost von einer wahren Kunst der Restaurierung einer harmonischen Silhouette reden.<\/p>\n<p>Wir verwenden die Vibroliposkulptur, die modernste, die wirksamste und die schmerzloseste Art der Liposuktion.<\/p>\n<p>\u2022 Der Eingriff<br \/>\nDie Vibroliposkulptur erfolgt meist unter \u00f6rtlicher Bet\u00e4ubung. Mit Hilfe einer physiologischen Kochsalzl\u00f6sung wird ein Bet\u00e4ubungsmittel in Kleinstmengen durch winzige Schnitte in die Fettablagerung injiziert. Somit entsteht eine Schwellung der zu behandelnden Zone.<br \/>\nDas Fett wird zerlegt und emulgiert dank der vibrierenden Sonde. Die Absaugung ist sanfter und erfolgt mit feineren Hohlnadeln als bei der klassischen Liposuktion. Die umliegenden Gewebe (Blutbahnen, Nerven, elastische Fasern,\u2026) werden nicht besch\u00e4digt, dadurch entstehen weniger H\u00e4matome und wird eine bessere Retraktionsf\u00e4higkeit der Haut erreicht (Lifting-Effekt). Diese Technik der Liposuktion erm\u00f6glicht eine bessere Absaugung der tiefen und oberfl\u00e4chlichen Fettpolster.<\/p>\n<p>Mit der Vibroliposkulptur erreicht man ebenfalls empfindliche Zonen (Knie, Waden, Ges\u00e4\u00df,\u2026) mit hoher Pr\u00e4zision.<\/p>\n<p>Je nach K\u00f6rpergegend dauert der Eingriff 1 bis 3 Stunden.<\/p>\n<p>\u2022 Operationsfolgen<br \/>\nNoch am Tag der Liposkulptur k\u00f6nnen Sie nach Hause.<br \/>\nW\u00e4hrend eines Monats ist das Tragen von St\u00fctzstrumpfhosen erforderlich, um Schwellungen zu vermeiden und der Haut die M\u00f6glichkeit zu bieten, sich zu positionieren. Die eingriffsbedingten Vibrationen f\u00f6rdern die Hautretraktion.<br \/>\nEinige Massagen (Lymphdrainage, \u2026) nach der Liposkulptur beschleunigen den Abbau von \u00d6demen sowie den Heilungssproze\u03b2.<\/p>\n<p>\u2022 Ergebnisse der Liposkulptur<br \/>\nDie Narben sind winzig und innerhalb weniger Monate fast vollkommen unsichtbar.<br \/>\nDie Adipozyten (Fettgewebe) werden mit dem Fett, da\u03b2 sie enthalten, abgesaugt. Nach der Pubert\u00e4t erneuern sich diese Zellen nicht. Das Ergebnis ist somit endg\u00fcltig.<br \/>\nJedoch k\u00f6nnen sich die verbleibenden Adipozyten aufgrund falscher Ern\u00e4hrung vergr\u00f6\u03b2ern.<\/p>\n<\/div>\n<\/div>\n<\/div>\n<\/div>\n<\/div>\n<\/div>\n<\/div>\n<div id=\"cmsmasters_row_69f27baf0207c\" class=\"cmsmasters_row cmsmasters_color_scheme_default cmsmasters_row_top_default cmsmasters_row_bot_default cmsmasters_row_boxed\">\n<div id=\"contact\" class=\"cmsmasters_row_outer_parent\">\n<div class=\"cmsmasters_row_outer\">\n<div class=\"cmsmasters_row_inner\">\n<div class=\"cmsmasters_row_margin\">\n<div class=\"cmsmasters_column one_first\">\n<div id=\"cmsmasters_fb_69f27baf021c5\" class=\"cmsmasters_featured_block cmsmasters_make_an_appointment\">\n<div class=\"featured_block_inner\">\n<div class=\"featured_block_text\">\n<div id=\"cmsmasters_heading_69f27baf02335\" class=\"cmsmasters_heading_wrap cmsmasters_heading_align_left\">\n\t<h3 class=\"cmsmasters_heading\">Vereinbaren Sie einen Termin bei Esthea Clinic<\/h3>\n<\/div><div class=\"cmsmasters_contact_form\">\n<div class=\"wpcf7 no-js\" id=\"wpcf7-f14567-o1\" lang=\"en-US\" dir=\"ltr\">\n<div class=\"screen-reader-response\"><p role=\"status\" aria-live=\"polite\" aria-atomic=\"true\"><\/p> <ul><\/ul><\/div>\n<form action=\"\/de\/wp-json\/wp\/v2\/pages\/14184#wpcf7-f14567-o1\" method=\"post\" class=\"wpcf7-form init\" aria-label=\"Contact form\" novalidate=\"novalidate\" data-status=\"init\">\n<div style=\"display: none;\">\n<input type=\"hidden\" name=\"_wpcf7\" value=\"14567\" \/>\n<input type=\"hidden\" name=\"_wpcf7_version\" value=\"5.7.7\" \/>\n<input type=\"hidden\" name=\"_wpcf7_locale\" value=\"en_US\" \/>\n<input type=\"hidden\" name=\"_wpcf7_unit_tag\" value=\"wpcf7-f14567-o1\" \/>\n<input type=\"hidden\" name=\"_wpcf7_container_post\" value=\"0\" \/>\n<input type=\"hidden\" name=\"_wpcf7_posted_data_hash\" value=\"\" \/>\n<input type=\"hidden\" name=\"_wpcf7_recaptcha_response\" value=\"\" \/>\n<\/div>\n<div class=\"cmsmasters_row_margin cmsmasters_1212\">\n\t<div class=\"cmsmasters_column one_half\">\n\t\t<p><span class=\"wpcf7-form-control-wrap\" data-name=\"menu-372\"><select class=\"wpcf7-form-control wpcf7-select\" aria-invalid=\"false\" name=\"menu-372\"><option value=\"w\u00e4hlen Sie Behandlung\">w\u00e4hlen Sie Behandlung<\/option><option value=\"Silhouette\">Silhouette<\/option><option value=\"Brust\">Brust<\/option><option value=\"Gesicht\">Gesicht<\/option><option value=\"Haut\">Haut<\/option><option value=\"Intimbereich\">Intimbereich<\/option><option value=\"Enthaarung\">Enthaarung<\/option><option value=\"Ern\u00e4hrung\">Ern\u00e4hrung<\/option><option value=\"Z\u00e4hne\">Z\u00e4hne<\/option><\/select><\/span>\n\t\t<\/p>\n\t\t<p><span class=\"wpcf7-form-control-wrap\" data-name=\"your-name\"><input size=\"40\" class=\"wpcf7-form-control wpcf7-text\" aria-invalid=\"false\" placeholder=\"Ihren Namen\" value=\"\" type=\"text\" name=\"your-name\" \/><\/span>\n\t\t<\/p>\n\t\t<p><span class=\"wpcf7-form-control-wrap\" data-name=\"your-surname\"><input size=\"40\" class=\"wpcf7-form-control wpcf7-text\" aria-invalid=\"false\" placeholder=\"Ihren Vorname\" value=\"\" type=\"text\" name=\"your-surname\" \/><\/span>\n\t\t<\/p>\n\t<\/div>\n\t<div class=\"cmsmasters_column one_half\">\n\t\t<p><span class=\"wpcf7-form-control-wrap\" data-name=\"phone\"><input size=\"40\" class=\"wpcf7-form-control wpcf7-text wpcf7-tel wpcf7-validates-as-tel\" aria-invalid=\"false\" placeholder=\"Telefonnummer\" value=\"\" type=\"tel\" name=\"phone\" \/><\/span>\n\t\t<\/p>\n\t\t<p><span class=\"wpcf7-form-control-wrap\" data-name=\"your-email\"><input size=\"40\" class=\"wpcf7-form-control wpcf7-text wpcf7-email wpcf7-validates-as-required wpcf7-validates-as-email\" aria-required=\"true\" aria-invalid=\"false\" placeholder=\"Ihren email\" value=\"\" type=\"email\" name=\"your-email\" \/><\/span><span id=\"wpcf7-69f27baf0570f-wrapper\" class=\"wpcf7-form-control-wrap email-confirm-774-wrap\" style=\"display:none !important; visibility:hidden !important;\"><label for=\"wpcf7-69f27baf0570f-field\" class=\"hp-message\">Please leave this field empty.<\/label><input id=\"wpcf7-69f27baf0570f-field\"  class=\"wpcf7-form-control wpcf7-text\" type=\"text\" name=\"email-confirm-774\" value=\"\" size=\"40\" tabindex=\"-1\" autocomplete=\"new-password\" \/><\/span>\n\t\t<\/p>\n\t\t<p><span class=\"wpcf7-form-control-wrap confirm_email-12\"><input size=\"40\" class=\"wpcf7-form-control wpcf7-confirm_email wpcf7-validates-as-confirm_email\" aria-invalid=\"false\" placeholder=\"Email Best\u00e4tigung\" value=\"\" type=\"confirm_email\" name=\"confirm_email-12\" \/><\/span>\n\t\t<\/p>\n\t<\/div>\n\t<p><span class=\"wpcf7-form-control-wrap\" data-name=\"text\"><textarea cols=\"40\" rows=\"10\" class=\"wpcf7-form-control wpcf7-textarea\" aria-invalid=\"false\" placeholder=\"Ihre Mitteilung oder Frage ...\" name=\"text\"><\/textarea><\/span>\n\t<\/p>\n<\/div>\n<div class=\"cmsmasters_row_margin cmsmasters_11\">\n\t<div class=\"cmsmasters_column one_first\">\n\t\t<p><input class=\"wpcf7-form-control has-spinner wpcf7-submit\" type=\"submit\" value=\"Senden Sie Ihre Anfrage\" \/>\n\t\t<\/p>\n\t<\/div>\n<\/div><div class=\"wpcf7-response-output\" aria-hidden=\"true\"><\/div>\n<\/form>\n<\/div>\n<\/div>\n<\/div>\n<\/div>\n<\/div>\n<\/div>\n<\/div>\n<\/div>\n<\/div>\n<\/div>\n<\/div>\n\n","protected":false},"excerpt":{"rendered":"","protected":false},"author":1,"featured_media":0,"parent":14181,"menu_order":0,"comment_status":"closed","ping_status":"closed","template":"","meta":{"footnotes":""},"class_list":["post-14184","page","type-page","status-publish","hentry"],"_links":{"self":[{"href":"https:\/\/www.estheaclinic.com\/de\/wp-json\/wp\/v2\/pages\/14184","targetHints":{"allow":["GET"]}}],"collection":[{"href":"https:\/\/www.estheaclinic.com\/de\/wp-json\/wp\/v2\/pages"}],"about":[{"href":"https:\/\/www.estheaclinic.com\/de\/wp-json\/wp\/v2\/types\/page"}],"author":[{"embeddable":true,"href":"https:\/\/www.estheaclinic.com\/de\/wp-json\/wp\/v2\/users\/1"}],"replies":[{"embeddable":true,"href":"https:\/\/www.estheaclinic.com\/de\/wp-json\/wp\/v2\/comments?post=14184"}],"version-history":[{"count":11,"href":"https:\/\/www.estheaclinic.com\/de\/wp-json\/wp\/v2\/pages\/14184\/revisions"}],"predecessor-version":[{"id":15733,"href":"https:\/\/www.estheaclinic.com\/de\/wp-json\/wp\/v2\/pages\/14184\/revisions\/15733"}],"up":[{"embeddable":true,"href":"https:\/\/www.estheaclinic.com\/de\/wp-json\/wp\/v2\/pages\/14181"}],"wp:attachment":[{"href":"https:\/\/www.estheaclinic.com\/de\/wp-json\/wp\/v2\/media?parent=14184"}],"curies":[{"name":"wp","href":"https:\/\/api.w.org\/{rel}","templated":true}]}}