{"id":14181,"date":"2016-09-16T10:29:16","date_gmt":"2016-09-16T10:29:16","guid":{"rendered":"http:\/\/lab.eteamsys.com\/EC\/la-silhouette\/"},"modified":"2017-02-22T11:43:30","modified_gmt":"2017-02-22T10:43:30","slug":"silhouette","status":"publish","type":"page","link":"https:\/\/www.estheaclinic.com\/de\/behandlung-esthea-clinic\/silhouette\/","title":{"rendered":"Silhouette"},"content":{"rendered":"<style type=\"text\/css\"> \n#cmsmasters_row_69e1d3ef108f7 .cmsmasters_row_outer_parent { \n\tpadding-top: 20px; \n} \n\n#cmsmasters_row_69e1d3ef108f7 .cmsmasters_row_outer_parent { \n\tpadding-bottom: 0px; \n} \n\n \n#cmsmasters_heading_69e1d3ef10b07 { \n\ttext-align:left; \n\tmargin-top:30px; \n\tmargin-bottom:20px; \n} \n\n#cmsmasters_heading_69e1d3ef10b07 .cmsmasters_heading { \n\ttext-align:left; \n} \n\n#cmsmasters_heading_69e1d3ef10b07 .cmsmasters_heading, #cmsmasters_heading_69e1d3ef10b07 .cmsmasters_heading a { \n\tfont-size:24px; \n\tfont-weight:normal; \n\tfont-style:normal; \n\tcolor:#3065b5;\n} \n\n#cmsmasters_heading_69e1d3ef10b07 .cmsmasters_heading_divider { \n} \n\n \n#cmsmasters_divider_69e1d3ef10c4a { \n\tborder-bottom-width:1px; \n\tborder-bottom-style:solid; \n\tpadding-top:25px; \n\tmargin-bottom:38px; \n} \n \n#cmsmasters_row_69e1d3ef10c9e .cmsmasters_row_outer_parent { \n\tpadding-top: 0px; \n} \n\n#cmsmasters_row_69e1d3ef10c9e .cmsmasters_row_outer_parent { \n\tpadding-bottom: 0px; \n} \n\n \n#cmsmasters_heading_69e1d3ef10e6f { \n\ttext-align:left; \n\tmargin-top:0px; \n\tmargin-bottom:0px; \n} \n\n#cmsmasters_heading_69e1d3ef10e6f .cmsmasters_heading { \n\ttext-align:left; \n} \n\n#cmsmasters_heading_69e1d3ef10e6f .cmsmasters_heading, #cmsmasters_heading_69e1d3ef10e6f .cmsmasters_heading a { \n\tfont-size:18px; \n\tfont-weight:normal; \n\tfont-style:normal; \n} \n\n#cmsmasters_heading_69e1d3ef10e6f .cmsmasters_heading_divider { \n} \n\n \n#cmsmasters_divider_69e1d3ef10f52 { \n\tborder-bottom-width:1px; \n\tborder-bottom-style:solid; \n\tpadding-top:10px; \n\tmargin-bottom:30px; \n\tborder-bottom-color:#3eb8d7;\n} \n\n#cmsmasters_button_69e1d3ef1131f { \n\tfloat:left; \n} \n\n#cmsmasters_button_69e1d3ef1131f .cmsmasters_button:before { \n\tmargin-right:.5em; \n\tmargin-left:0; \n\tvertical-align:baseline; \n} \n\n#cmsmasters_button_69e1d3ef1131f .cmsmasters_button { \n\tfont-weight:normal; \n\tfont-style:normal; \n\tborder-style:solid; \n} \n#cmsmasters_button_69e1d3ef1131f .cmsmasters_button:hover { \n} \n \n#cmsmasters_heading_69e1d3ef114eb { \n\ttext-align:left; \n\tmargin-top:0px; \n\tmargin-bottom:0px; \n} \n\n#cmsmasters_heading_69e1d3ef114eb .cmsmasters_heading { \n\ttext-align:left; \n} \n\n#cmsmasters_heading_69e1d3ef114eb .cmsmasters_heading, #cmsmasters_heading_69e1d3ef114eb .cmsmasters_heading a { \n\tfont-size:18px; \n\tfont-weight:normal; \n\tfont-style:normal; \n} \n\n#cmsmasters_heading_69e1d3ef114eb .cmsmasters_heading_divider { \n} \n\n \n#cmsmasters_divider_69e1d3ef115d5 { \n\tborder-bottom-width:1px; \n\tborder-bottom-style:solid; \n\tpadding-top:10px; \n\tmargin-bottom:30px; \n\tborder-bottom-color:#3eb8d7;\n} \n\n#cmsmasters_button_69e1d3ef11967 { \n\tfloat:left; \n} \n\n#cmsmasters_button_69e1d3ef11967 .cmsmasters_button:before { \n\tmargin-right:.5em; \n\tmargin-left:0; \n\tvertical-align:baseline; \n} \n\n#cmsmasters_button_69e1d3ef11967 .cmsmasters_button { \n\tfont-weight:normal; \n\tfont-style:normal; \n\tborder-style:solid; \n} \n#cmsmasters_button_69e1d3ef11967 .cmsmasters_button:hover { \n} \n \n#cmsmasters_heading_69e1d3ef11b37 { \n\ttext-align:left; \n\tmargin-top:0px; \n\tmargin-bottom:30px; \n} \n\n#cmsmasters_heading_69e1d3ef11b37 .cmsmasters_heading { \n\ttext-align:left; \n} \n\n#cmsmasters_heading_69e1d3ef11b37 .cmsmasters_heading, #cmsmasters_heading_69e1d3ef11b37 .cmsmasters_heading a { \n\tfont-size:18px; \n\tfont-weight:normal; \n\tfont-style:normal; \n} \n\n#cmsmasters_heading_69e1d3ef11b37 .cmsmasters_heading_divider { \n} \n\n \n#cmsmasters_divider_69e1d3ef11c19 { \n\tborder-bottom-width:1px; \n\tborder-bottom-style:solid; \n\tpadding-top:10px; \n\tmargin-bottom:30px; \n\tborder-bottom-color:#3eb8d7;\n} \n\n#cmsmasters_button_69e1d3ef11fab { \n\tfloat:left; \n} \n\n#cmsmasters_button_69e1d3ef11fab .cmsmasters_button:before { \n\tmargin-right:.5em; \n\tmargin-left:0; \n\tvertical-align:baseline; \n} \n\n#cmsmasters_button_69e1d3ef11fab .cmsmasters_button { \n\tfont-weight:normal; \n\tfont-style:normal; \n\tborder-style:solid; \n} \n#cmsmasters_button_69e1d3ef11fab .cmsmasters_button:hover { \n} \n \n#cmsmasters_row_69e1d3ef1201c .cmsmasters_row_outer_parent { \n\tpadding-top: 0px; \n} \n\n#cmsmasters_row_69e1d3ef1201c .cmsmasters_row_outer_parent { \n\tpadding-bottom: 50px; \n} \n\n \n#cmsmasters_divider_69e1d3ef12196 { \n\tborder-bottom-width:1px; \n\tborder-bottom-style:solid; \n\tpadding-top:20px; \n\tmargin-bottom:39px; \n} \n \n\n#cmsmasters_fb_69e1d3ef12282 { \n\tpadding-top:0px; \n\tpadding-bottom:0px; \n\tbackground-color:#4cc7ef;\n} \n\n#cmsmasters_fb_69e1d3ef12282 .featured_block_inner { \n\twidth: 100%; \n\tpadding: 40px 35px 45px 35px ; \n\ttext-align: left; \n\tmargin:0 auto; \n} \n\n#cmsmasters_fb_69e1d3ef12282 .featured_block_text { \n\ttext-align: left; \n} \n\n \n#cmsmasters_heading_69e1d3ef123e3 { \n\ttext-align:left; \n\tmargin-top:0px; \n\tmargin-bottom:48px; \n} \n\n#cmsmasters_heading_69e1d3ef123e3 .cmsmasters_heading { \n\ttext-align:left; \n} \n\n#cmsmasters_heading_69e1d3ef123e3 .cmsmasters_heading, #cmsmasters_heading_69e1d3ef123e3 .cmsmasters_heading a { \n\tfont-size:24px; \n\tfont-weight:normal; \n\tfont-style:normal; \n\tcolor:#ffffff;\n} \n\n#cmsmasters_heading_69e1d3ef123e3 .cmsmasters_heading_divider { \n} \n\n<\/style><div id=\"cmsmasters_row_69e1d3ef108f7\" class=\"cmsmasters_row cmsmasters_color_scheme_default cmsmasters_row_top_default cmsmasters_row_bot_default cmsmasters_row_boxed\">\n<div class=\"cmsmasters_row_outer_parent\">\n<div class=\"cmsmasters_row_outer\">\n<div class=\"cmsmasters_row_inner\">\n<div class=\"cmsmasters_row_margin\">\n<div class=\"cmsmasters_column one_first\">\n\n<div id=\"cmsmasters_heading_69e1d3ef10b07\" class=\"cmsmasters_heading_wrap cmsmasters_heading_align_left\">\n\t<h1 class=\"cmsmasters_heading\">Silhouette<\/h1>\n<\/div><div class=\"cmsmasters_text\">\n<p>Lorem ipsum dolor sit amet, consectetur adipiscing elit. Donec at tellus mauris. Nullam posuere feugiat metus ac convallis. Aliquam dictum vehicula commodo. Suspendisse suscipit ac tellus nec tempus. Vestibulum lorem nunc, facilisis ut augue ac, lacinia finibus neque. Mauris convallis augue id felis commodo, scelerisque placerat arcu lobortis. Phasellus molestie feugiat augue in vehicula. Mauris elementum semper elementum. Donec eu ligula eu magna venenatis pulvinar non commodo ligula. Fusce lobortis libero vel arcu lacinia placerat. Nunc pulvinar diam ut erat hendrerit luctus. Aliquam a vestibulum nulla. Aliquam et lectus velit.<\/p>\n<\/div>\n\n<div id=\"cmsmasters_divider_69e1d3ef10c4a\" class=\"cmsmasters_divider cmsmasters_divider_width_long cmsmasters_divider_pos_center\"><\/div>\n<\/div>\n<\/div>\n<\/div>\n<\/div>\n<\/div>\n<\/div>\n<div id=\"cmsmasters_row_69e1d3ef10c9e\" class=\"cmsmasters_row cmsmasters_color_scheme_default cmsmasters_row_top_default cmsmasters_row_bot_default cmsmasters_row_boxed\">\n<div class=\"cmsmasters_row_outer_parent\">\n<div class=\"cmsmasters_row_outer\">\n<div class=\"cmsmasters_row_inner\">\n<div class=\"cmsmasters_row_margin\">\n<div class=\"cmsmasters_column one_third\">\n\n<div id=\"cmsmasters_heading_69e1d3ef10e6f\" class=\"cmsmasters_heading_wrap cmsmasters_heading_align_left\">\n\t<h2 class=\"cmsmasters_heading\">Liposuktion \/ Fettabsaugung \/ (Vibro-)Liposkulptur<\/h2>\n<\/div>\n<div id=\"cmsmasters_divider_69e1d3ef10f52\" class=\"cmsmasters_divider cmsmasters_divider_width_short cmsmasters_divider_pos_left\"><\/div><div class=\"cmsmasters_img  cmsmasters_image_n\">\n<img decoding=\"async\" src=\"https:\/\/www.estheaclinic.com\/wp-content\/uploads\/2016\/09\/lipoaspiration.jpg\" alt=\"\" \/>\n<\/div>\n<div class=\"cmsmasters_text padd_5\">\n<p>Die Liposuktion ist der weltweit meist praktizierte Eingriff.<br \/>\nAnfang der 80er-Jahre erfolgten die ersten Fettabsaugungen mit Hilfe von dicken Hohlnadeln, die lediglich das Absaugen von tief gelegenen Fettpolstern erm\u00f6glichten.<\/p>\n<\/div>\n\n<div id=\"cmsmasters_button_69e1d3ef1131f\" class=\"button_wrap\"><a href=\"https:\/\/www.estheaclinic.com\/la-silhouette\/liposuccion-lipoaspiration-vibro-liposculpture\/\" class=\"cmsmasters_button cmsmasters_but_clear_styles cmsmasters_but_bg_hover\"><span>En savoir plus<\/span><\/a><\/div>\n<\/div>\n<div class=\"cmsmasters_column one_third\">\n\n<div id=\"cmsmasters_heading_69e1d3ef114eb\" class=\"cmsmasters_heading_wrap cmsmasters_heading_align_left\">\n\t<h2 class=\"cmsmasters_heading\">Bauchstraffung \/ Chirurgie der Bauchdecke<\/h2>\n<\/div>\n<div id=\"cmsmasters_divider_69e1d3ef115d5\" class=\"cmsmasters_divider cmsmasters_divider_width_short cmsmasters_divider_pos_left\"><\/div><div class=\"cmsmasters_img  cmsmasters_image_n\">\n<img decoding=\"async\" src=\"https:\/\/www.estheaclinic.com\/wp-content\/uploads\/2016\/09\/Abdominoplastie.jpg\" alt=\"\" \/>\n<\/div>\n<div class=\"cmsmasters_text padd_5\">\n<p>Mit der Zeit kann sich die Bauchdecke entspannen wegen Schwangerschaften, Gewichtszunahme oder bedeutender Gewichtsabnahme\u2026<\/p>\n<\/div>\n\n<div id=\"cmsmasters_button_69e1d3ef11967\" class=\"button_wrap\"><a href=\"https:\/\/www.estheaclinic.com\/la-silhouette\/abdominoplastie-chirurgie-de-paroi-abdominale\/\" class=\"cmsmasters_button cmsmasters_but_clear_styles cmsmasters_but_bg_hover\"><span>En savoir plus<\/span><\/a><\/div>\n<\/div>\n<div class=\"cmsmasters_column one_third\">\n\n<div id=\"cmsmasters_heading_69e1d3ef11b37\" class=\"cmsmasters_heading_wrap cmsmasters_heading_align_left\">\n\t<h2 class=\"cmsmasters_heading\">Carboxytherapie<\/h2>\n<\/div>\n<div id=\"cmsmasters_divider_69e1d3ef11c19\" class=\"cmsmasters_divider cmsmasters_divider_width_short cmsmasters_divider_pos_left\"><\/div><div class=\"cmsmasters_img  cmsmasters_image_n\">\n<img decoding=\"async\" src=\"https:\/\/www.estheaclinic.com\/wp-content\/uploads\/2016\/09\/Carboxytherapie.jpg\" alt=\"\" \/>\n<\/div>\n<div class=\"cmsmasters_text padd_5\">\n<p>Die Carboxytherapie ist eine nat\u00fcrliche und schnelle Behandlung bei lokalen Fett\u00fcbersch\u00fcssen.<\/p>\n<p>Sie f\u00f6rdert die la lipolyse (Verkleinerung von Fettzellen) und die Lipoclasie (Zerst\u00f6rung der Fettzellen).<\/p>\n<\/div>\n\n<div id=\"cmsmasters_button_69e1d3ef11fab\" class=\"button_wrap\"><a href=\"https:\/\/www.estheaclinic.com\/la-silhouette\/la-carboxytherapie\" class=\"cmsmasters_button cmsmasters_but_clear_styles cmsmasters_but_bg_hover\"><span>En savoir plus<\/span><\/a><\/div>\n<\/div>\n<\/div>\n<\/div>\n<\/div>\n<\/div>\n<\/div>\n<div id=\"cmsmasters_row_69e1d3ef1201c\" class=\"cmsmasters_row cmsmasters_color_scheme_default cmsmasters_make_an_appointment cmsmasters_row_top_default cmsmasters_row_bot_default cmsmasters_row_boxed\">\n<div id=\"contact\" class=\"cmsmasters_row_outer_parent\">\n<div class=\"cmsmasters_row_outer\">\n<div class=\"cmsmasters_row_inner\">\n<div class=\"cmsmasters_row_margin\">\n<div class=\"cmsmasters_column one_first\">\n\n<div id=\"cmsmasters_divider_69e1d3ef12196\" class=\"cmsmasters_divider cmsmasters_divider_width_long cmsmasters_divider_pos_center\"><\/div><div id=\"cmsmasters_fb_69e1d3ef12282\" class=\"cmsmasters_featured_block cmsmasters_make_an_appointment\">\n<div class=\"featured_block_inner\">\n<div class=\"featured_block_text\">\n<div id=\"cmsmasters_heading_69e1d3ef123e3\" class=\"cmsmasters_heading_wrap cmsmasters_heading_align_left\">\n\t<h3 class=\"cmsmasters_heading\"> Prenez rendez-vous chez Esthea Clinic<\/h3>\n<\/div><div class=\"cmsmasters_contact_form\">\n<div class=\"wpcf7 no-js\" id=\"wpcf7-f14567-o1\" lang=\"en-US\" dir=\"ltr\">\n<div class=\"screen-reader-response\"><p role=\"status\" aria-live=\"polite\" aria-atomic=\"true\"><\/p> <ul><\/ul><\/div>\n<form action=\"\/de\/wp-json\/wp\/v2\/pages\/14181#wpcf7-f14567-o1\" method=\"post\" class=\"wpcf7-form init\" aria-label=\"Contact form\" novalidate=\"novalidate\" data-status=\"init\">\n<div style=\"display: none;\">\n<input type=\"hidden\" name=\"_wpcf7\" value=\"14567\" \/>\n<input type=\"hidden\" name=\"_wpcf7_version\" value=\"5.7.7\" \/>\n<input type=\"hidden\" name=\"_wpcf7_locale\" value=\"en_US\" \/>\n<input type=\"hidden\" name=\"_wpcf7_unit_tag\" value=\"wpcf7-f14567-o1\" \/>\n<input type=\"hidden\" name=\"_wpcf7_container_post\" value=\"0\" \/>\n<input type=\"hidden\" name=\"_wpcf7_posted_data_hash\" value=\"\" \/>\n<input type=\"hidden\" name=\"_wpcf7_recaptcha_response\" value=\"\" \/>\n<\/div>\n<div class=\"cmsmasters_row_margin cmsmasters_1212\">\n\t<div class=\"cmsmasters_column one_half\">\n\t\t<p><span class=\"wpcf7-form-control-wrap\" data-name=\"menu-372\"><select class=\"wpcf7-form-control wpcf7-select\" aria-invalid=\"false\" name=\"menu-372\"><option value=\"w\u00e4hlen Sie Behandlung\">w\u00e4hlen Sie Behandlung<\/option><option value=\"Silhouette\">Silhouette<\/option><option value=\"Brust\">Brust<\/option><option value=\"Gesicht\">Gesicht<\/option><option value=\"Haut\">Haut<\/option><option value=\"Intimbereich\">Intimbereich<\/option><option value=\"Enthaarung\">Enthaarung<\/option><option value=\"Ern\u00e4hrung\">Ern\u00e4hrung<\/option><option value=\"Z\u00e4hne\">Z\u00e4hne<\/option><\/select><\/span>\n\t\t<\/p>\n\t\t<p><span class=\"wpcf7-form-control-wrap\" data-name=\"your-name\"><input size=\"40\" class=\"wpcf7-form-control wpcf7-text\" aria-invalid=\"false\" placeholder=\"Ihren Namen\" value=\"\" type=\"text\" name=\"your-name\" \/><\/span>\n\t\t<\/p>\n\t\t<p><span class=\"wpcf7-form-control-wrap\" data-name=\"your-surname\"><input size=\"40\" class=\"wpcf7-form-control wpcf7-text\" aria-invalid=\"false\" placeholder=\"Ihren Vorname\" value=\"\" type=\"text\" name=\"your-surname\" \/><\/span>\n\t\t<\/p>\n\t<\/div>\n\t<div class=\"cmsmasters_column one_half\">\n\t\t<p><span class=\"wpcf7-form-control-wrap\" data-name=\"phone\"><input size=\"40\" class=\"wpcf7-form-control wpcf7-text wpcf7-tel wpcf7-validates-as-tel\" aria-invalid=\"false\" placeholder=\"Telefonnummer\" value=\"\" type=\"tel\" name=\"phone\" \/><\/span>\n\t\t<\/p>\n\t\t<p><span class=\"wpcf7-form-control-wrap\" data-name=\"your-email\"><input size=\"40\" class=\"wpcf7-form-control wpcf7-text wpcf7-email wpcf7-validates-as-required wpcf7-validates-as-email\" aria-required=\"true\" aria-invalid=\"false\" placeholder=\"Ihren email\" value=\"\" type=\"email\" name=\"your-email\" \/><\/span><span id=\"wpcf7-69e1d3ef156a6-wrapper\" class=\"wpcf7-form-control-wrap email-confirm-774-wrap\" style=\"display:none !important; visibility:hidden !important;\"><label for=\"wpcf7-69e1d3ef156a6-field\" class=\"hp-message\">Please leave this field empty.<\/label><input id=\"wpcf7-69e1d3ef156a6-field\"  class=\"wpcf7-form-control wpcf7-text\" type=\"text\" name=\"email-confirm-774\" value=\"\" size=\"40\" tabindex=\"-1\" autocomplete=\"new-password\" \/><\/span>\n\t\t<\/p>\n\t\t<p><span class=\"wpcf7-form-control-wrap confirm_email-12\"><input size=\"40\" class=\"wpcf7-form-control wpcf7-confirm_email wpcf7-validates-as-confirm_email\" aria-invalid=\"false\" placeholder=\"Email Best\u00e4tigung\" value=\"\" type=\"confirm_email\" name=\"confirm_email-12\" \/><\/span>\n\t\t<\/p>\n\t<\/div>\n\t<p><span class=\"wpcf7-form-control-wrap\" data-name=\"text\"><textarea cols=\"40\" rows=\"10\" class=\"wpcf7-form-control wpcf7-textarea\" aria-invalid=\"false\" placeholder=\"Ihre Mitteilung oder Frage ...\" name=\"text\"><\/textarea><\/span>\n\t<\/p>\n<\/div>\n<div class=\"cmsmasters_row_margin cmsmasters_11\">\n\t<div class=\"cmsmasters_column one_first\">\n\t\t<p><input class=\"wpcf7-form-control has-spinner wpcf7-submit\" type=\"submit\" value=\"Senden Sie Ihre Anfrage\" \/>\n\t\t<\/p>\n\t<\/div>\n<\/div><div class=\"wpcf7-response-output\" aria-hidden=\"true\"><\/div>\n<\/form>\n<\/div>\n<\/div>\n<\/div>\n<\/div>\n<\/div>\n<\/div>\n<\/div>\n<\/div>\n<\/div>\n<\/div>\n<\/div>\n\n","protected":false},"excerpt":{"rendered":"","protected":false},"author":1,"featured_media":0,"parent":14188,"menu_order":0,"comment_status":"closed","ping_status":"closed","template":"","meta":{"footnotes":""},"class_list":["post-14181","page","type-page","status-publish","hentry"],"_links":{"self":[{"href":"https:\/\/www.estheaclinic.com\/de\/wp-json\/wp\/v2\/pages\/14181","targetHints":{"allow":["GET"]}}],"collection":[{"href":"https:\/\/www.estheaclinic.com\/de\/wp-json\/wp\/v2\/pages"}],"about":[{"href":"https:\/\/www.estheaclinic.com\/de\/wp-json\/wp\/v2\/types\/page"}],"author":[{"embeddable":true,"href":"https:\/\/www.estheaclinic.com\/de\/wp-json\/wp\/v2\/users\/1"}],"replies":[{"embeddable":true,"href":"https:\/\/www.estheaclinic.com\/de\/wp-json\/wp\/v2\/comments?post=14181"}],"version-history":[{"count":7,"href":"https:\/\/www.estheaclinic.com\/de\/wp-json\/wp\/v2\/pages\/14181\/revisions"}],"predecessor-version":[{"id":14662,"href":"https:\/\/www.estheaclinic.com\/de\/wp-json\/wp\/v2\/pages\/14181\/revisions\/14662"}],"up":[{"embeddable":true,"href":"https:\/\/www.estheaclinic.com\/de\/wp-json\/wp\/v2\/pages\/14188"}],"wp:attachment":[{"href":"https:\/\/www.estheaclinic.com\/de\/wp-json\/wp\/v2\/media?parent=14181"}],"curies":[{"name":"wp","href":"https:\/\/api.w.org\/{rel}","templated":true}]}}