{"id":14170,"date":"2017-01-23T17:09:45","date_gmt":"2017-01-23T16:09:45","guid":{"rendered":"http:\/\/lab.eteamsys.com\/EC\/abdominoplastie-chirurgie-de-paroi-abdominale\/"},"modified":"2017-09-08T11:25:10","modified_gmt":"2017-09-08T09:25:10","slug":"bauchstraffung-chirurgie-der-bauchdecke","status":"publish","type":"page","link":"https:\/\/www.estheaclinic.com\/de\/behandlung-esthea-clinic\/silhouette\/bauchstraffung-chirurgie-der-bauchdecke\/","title":{"rendered":"Bauchstraffung \/ Chirurgie der Bauchdecke"},"content":{"rendered":"<style type=\"text\/css\"> \n#cmsmasters_row_69f27aae6bd22 .cmsmasters_row_outer_parent { \n\tpadding-top: 0px; \n} \n\n#cmsmasters_row_69f27aae6bd22 .cmsmasters_row_outer_parent { \n\tpadding-bottom: 0px; \n} \n\n \n#cmsmasters_heading_69f27aae6c295 { \n\ttext-align:left; \n\tmargin-top:30px; \n\tmargin-bottom:20px; \n} \n\n#cmsmasters_heading_69f27aae6c295 .cmsmasters_heading { \n\ttext-align:left; \n} \n\n#cmsmasters_heading_69f27aae6c295 .cmsmasters_heading, #cmsmasters_heading_69f27aae6c295 .cmsmasters_heading a { \n\tfont-size:24px; \n\tline-height:30px; \n\tfont-weight:normal; \n\tfont-style:normal; \n\tcolor:#3eb8d7;\n} \n\n#cmsmasters_heading_69f27aae6c295 .cmsmasters_heading_divider { \n} \n\n \n#cmsmasters_divider_69f27aae6c4e5 { \n\tborder-bottom-width:1px; \n\tborder-bottom-style:solid; \n\tpadding-top:25px; \n\tmargin-bottom:38px; \n} \n \n#cmsmasters_row_69f27aae6c562 { \n\tbackground-color:#4cc7ef;\n} \n\n#cmsmasters_row_69f27aae6c562 .cmsmasters_row_outer_parent { \n\tpadding-top: 30px; \n} \n\n#cmsmasters_row_69f27aae6c562 .cmsmasters_row_outer_parent { \n\tpadding-bottom: 30px; \n} \n\n \n\n#cmsmasters_fb_69f27aae6c6b6 { \n\tpadding-top:0px; \n\tpadding-bottom:0px; \n\tbackground-color:#4cc7ef;\n} \n\n#cmsmasters_fb_69f27aae6c6b6 .featured_block_inner { \n\twidth: 100%; \n\tpadding: 40px 35px 45px 35px ; \n\ttext-align: left; \n\tmargin:0 auto; \n} \n\n#cmsmasters_fb_69f27aae6c6b6 .featured_block_text { \n\ttext-align: left; \n} \n\n \n#cmsmasters_heading_69f27aae6c81b { \n\ttext-align:left; \n\tmargin-top:0px; \n\tmargin-bottom:48px; \n} \n\n#cmsmasters_heading_69f27aae6c81b .cmsmasters_heading { \n\ttext-align:left; \n} \n\n#cmsmasters_heading_69f27aae6c81b .cmsmasters_heading, #cmsmasters_heading_69f27aae6c81b .cmsmasters_heading a { \n\tfont-size:24px; \n\tfont-weight:normal; \n\tfont-style:normal; \n\tcolor:#ffffff;\n} \n\n#cmsmasters_heading_69f27aae6c81b .cmsmasters_heading_divider { \n} \n\n<\/style><div id=\"cmsmasters_row_69f27aae6bd22\" class=\"cmsmasters_row cmsmasters_color_scheme_default cmsmasters_row_top_default cmsmasters_row_bot_default cmsmasters_row_boxed\">\n<div class=\"cmsmasters_row_outer_parent\">\n<div class=\"cmsmasters_row_outer\">\n<div class=\"cmsmasters_row_inner cmsmasters_row_no_margin\">\n<div class=\"cmsmasters_row_margin\">\n<div class=\"cmsmasters_column one_first\">\n<div class=\"cmsmasters_img  cmsmasters_image_n no_margin\">\n<img decoding=\"async\" src=\"https:\/\/www.estheaclinic.com\/wp-content\/uploads\/2017\/01\/esthea-clinic-abdominoplastie-1.jpg\" alt=\"\" \/>\n<\/div>\n\n<div id=\"cmsmasters_heading_69f27aae6c295\" class=\"cmsmasters_heading_wrap cmsmasters_heading_align_left\">\n\t<h1 class=\"cmsmasters_heading\">Bauchstraffung \/ Chirurgie der Bauchdecke<\/h1>\n<\/div><div class=\"cmsmasters_text\">\n<p>Mit der Zeit kann sich die Bauchdecke entspannen wegen Schwangerschaften, Gewichtszunahme oder bedeutender Gewichtsabnahme\u2026 Dieser Makel ist oft schwer zu ertragen. Mit Hilfe der Liposkulptur kann meistens auch dieses Problem gel\u00f6st werden, so da\u03b2 eine schwerere Operation meist nicht erforderlich ist. Die Vibroliposkulptur, welche ja den Spanneffekt der Haut f\u00f6rdert, hat die Grenzen eines schwereren Eingriffes noch weiter verschoben.<br \/>\nWenn jedoch die Haut zu stark besch\u00e4digt und derart geschlafft ist, die Schwangerschaftsstreifen zu zahlreich sind, reicht meist die einzelne Liposuktion nicht aus und man greift auf die Bauchstraffung zur\u00fcck.<br \/>\nJe nach Elastizit\u00e4t der Haut, Qualit\u00e4t der Bauchmuskulatur, Fett\u00fcberschu\u03b2 wird eine Mini-Korrektur bis hin zur kompletten Bauchplastik erforderlich.<\/p>\n<p><strong>Mini Bauchlifting \/ Mini-Bauchstraffung<\/strong><\/p>\n<p>\u2022 Der Eingriff<\/p>\n<p>Dieser Eingriff erfolgt, wenn der Fett\u00fcberschu\u03b2 gering ist und die \u00fcbersch\u00fcssige Haut sowie die Bauchmuskelschlaffung unterhalb des Nabels liegen.<br \/>\nMit einem kleinen Schnitt im Schamhaarbereich l\u00f6st der Chirurg die Haut und den Fett\u00fcberschu\u03b2, welche danach entfernt werden. In vielen F\u00e4llen wird zugleich eine Liposkulptur des Bauches und\/oder der H\u00fcften vorgenommen.<br \/>\nDas Mini-Bauchlifting erfolgt allgemein unter Vollnarkose und dauert 1 bis 1,5 Stunden.<\/p>\n<p>\u2022 Operationsfolgen<\/p>\n<p>Noch am Tag der Mini-Bauchstraffung k\u00f6nnen Sie nach Hause. Ein St\u00fctzkorsett mu\u03b2 einen Monat lang getragen werden.<\/p>\n<p>\u2022 Ergebnis<\/p>\n<p>Die Narbe ist sehr diskret und bleibt in der Badehose versteckt in H\u00f6he der Schamhaare.<br \/>\nDas Ergebnis ist endg\u00fcltig.<\/p>\n<p><strong>Komplette Bauchstraffung<\/strong><\/p>\n<p>\u2022 Der Eingriff<\/p>\n<p>Dieser Eingriff wird empfohlen, wenn die Elastizit\u00e4t der Haut gering ist und\/oder die Bauchmuskeln sehr erschlafft sind.<br \/>\nDer Chrirug macht einen Schnitt im Schamhaarbereich (meistens l\u00e4nger als bei einer Mini-Bauchstraffung) und l\u00f6st die Haut h\u00f6her ab bis an die Rippen. Er entfernt dann das \u00fcbersch\u00fcssige Fett und die Haut (Bauchsch\u00fcrze). Der Nabel wir dann erneut in die Mitte des Bauches positioniert und die Bauchmuskeln werden n\u00e4her gebracht und gen\u00e4ht. Meistens wird die komplette Bauchstraffung mit einer Liposkulptur verbunden.<br \/>\nDie Bauchstraffung erfolgt allgemein unter Vollnarkose und dauert ca. 1,5 Std.<\/p>\n<p>\u2022 Operationsfolgen<\/p>\n<p>Noch am Tag der Bauchstraffung k\u00f6nnen Sie nach Hause.<br \/>\nZum Schlu\u03b2 legt der Chirurg noch zwei Redon-Drains an, damit Blut und andere K\u00f6rperfl\u00fcssigkeiten abflie\u00dfen k\u00f6nnen. Wenige Tage nach der Bauchstraffung werden die Drains entfernt. Ein St\u00fctzkorsett mu\u03b2 einen Monat lang getragen werden. Nach 3 bis 6 Wochen kann die Arbeit wieder aufgenommen werden.<\/p>\n<p>\u2022 Ergebnis<\/p>\n<p>Nach ungef\u00e4hr 2 bis 3 Monaten kann man das Ergebnis betrachten.<br \/>\nEs ist endg\u00fcltig.<\/p>\n<\/div>\n\n<div id=\"cmsmasters_divider_69f27aae6c4e5\" class=\"cmsmasters_divider cmsmasters_divider_width_long cmsmasters_divider_pos_center\"><\/div>\n<\/div>\n<\/div>\n<\/div>\n<\/div>\n<\/div>\n<\/div>\n<div id=\"cmsmasters_row_69f27aae6c562\" class=\"cmsmasters_row cmsmasters_color_scheme_default cmsmasters_row_top_default cmsmasters_row_bot_default cmsmasters_row_boxed\">\n<div id=\"contact\" class=\"cmsmasters_row_outer_parent\">\n<div class=\"cmsmasters_row_outer\">\n<div class=\"cmsmasters_row_inner\">\n<div class=\"cmsmasters_row_margin\">\n<div class=\"cmsmasters_column one_first\">\n<div id=\"cmsmasters_fb_69f27aae6c6b6\" class=\"cmsmasters_featured_block cmsmasters_make_an_appointment\">\n<div class=\"featured_block_inner\">\n<div class=\"featured_block_text\">\n<div id=\"cmsmasters_heading_69f27aae6c81b\" class=\"cmsmasters_heading_wrap cmsmasters_heading_align_left\">\n\t<h3 class=\"cmsmasters_heading\">Vereinbaren Sie einen Termin bei Esthea Clinic<\/h3>\n<\/div><div class=\"cmsmasters_contact_form\">\n<div class=\"wpcf7 no-js\" id=\"wpcf7-f14567-o1\" lang=\"en-US\" dir=\"ltr\">\n<div class=\"screen-reader-response\"><p role=\"status\" aria-live=\"polite\" aria-atomic=\"true\"><\/p> <ul><\/ul><\/div>\n<form action=\"\/de\/wp-json\/wp\/v2\/pages\/14170#wpcf7-f14567-o1\" method=\"post\" class=\"wpcf7-form init\" aria-label=\"Contact form\" novalidate=\"novalidate\" data-status=\"init\">\n<div style=\"display: none;\">\n<input type=\"hidden\" name=\"_wpcf7\" value=\"14567\" \/>\n<input type=\"hidden\" name=\"_wpcf7_version\" value=\"5.7.7\" \/>\n<input type=\"hidden\" name=\"_wpcf7_locale\" value=\"en_US\" \/>\n<input type=\"hidden\" name=\"_wpcf7_unit_tag\" value=\"wpcf7-f14567-o1\" \/>\n<input type=\"hidden\" name=\"_wpcf7_container_post\" value=\"0\" \/>\n<input type=\"hidden\" name=\"_wpcf7_posted_data_hash\" value=\"\" \/>\n<input type=\"hidden\" name=\"_wpcf7_recaptcha_response\" value=\"\" \/>\n<\/div>\n<div class=\"cmsmasters_row_margin cmsmasters_1212\">\n\t<div class=\"cmsmasters_column one_half\">\n\t\t<p><span class=\"wpcf7-form-control-wrap\" data-name=\"menu-372\"><select class=\"wpcf7-form-control wpcf7-select\" aria-invalid=\"false\" name=\"menu-372\"><option value=\"w\u00e4hlen Sie Behandlung\">w\u00e4hlen Sie Behandlung<\/option><option value=\"Silhouette\">Silhouette<\/option><option value=\"Brust\">Brust<\/option><option value=\"Gesicht\">Gesicht<\/option><option value=\"Haut\">Haut<\/option><option value=\"Intimbereich\">Intimbereich<\/option><option value=\"Enthaarung\">Enthaarung<\/option><option value=\"Ern\u00e4hrung\">Ern\u00e4hrung<\/option><option value=\"Z\u00e4hne\">Z\u00e4hne<\/option><\/select><\/span>\n\t\t<\/p>\n\t\t<p><span class=\"wpcf7-form-control-wrap\" data-name=\"your-name\"><input size=\"40\" class=\"wpcf7-form-control wpcf7-text\" aria-invalid=\"false\" placeholder=\"Ihren Namen\" value=\"\" type=\"text\" name=\"your-name\" \/><\/span>\n\t\t<\/p>\n\t\t<p><span class=\"wpcf7-form-control-wrap\" data-name=\"your-surname\"><input size=\"40\" class=\"wpcf7-form-control wpcf7-text\" aria-invalid=\"false\" placeholder=\"Ihren Vorname\" value=\"\" type=\"text\" name=\"your-surname\" \/><\/span>\n\t\t<\/p>\n\t<\/div>\n\t<div class=\"cmsmasters_column one_half\">\n\t\t<p><span class=\"wpcf7-form-control-wrap\" data-name=\"phone\"><input size=\"40\" class=\"wpcf7-form-control wpcf7-text wpcf7-tel wpcf7-validates-as-tel\" aria-invalid=\"false\" placeholder=\"Telefonnummer\" value=\"\" type=\"tel\" name=\"phone\" \/><\/span>\n\t\t<\/p>\n\t\t<p><span class=\"wpcf7-form-control-wrap\" data-name=\"your-email\"><input size=\"40\" class=\"wpcf7-form-control wpcf7-text wpcf7-email wpcf7-validates-as-required wpcf7-validates-as-email\" aria-required=\"true\" aria-invalid=\"false\" placeholder=\"Ihren email\" value=\"\" type=\"email\" name=\"your-email\" \/><\/span><span id=\"wpcf7-69f27aae6fc9f-wrapper\" class=\"wpcf7-form-control-wrap email-confirm-774-wrap\" style=\"display:none !important; visibility:hidden !important;\"><label for=\"wpcf7-69f27aae6fc9f-field\" class=\"hp-message\">Please leave this field empty.<\/label><input id=\"wpcf7-69f27aae6fc9f-field\"  class=\"wpcf7-form-control wpcf7-text\" type=\"text\" name=\"email-confirm-774\" value=\"\" size=\"40\" tabindex=\"-1\" autocomplete=\"new-password\" \/><\/span>\n\t\t<\/p>\n\t\t<p><span class=\"wpcf7-form-control-wrap confirm_email-12\"><input size=\"40\" class=\"wpcf7-form-control wpcf7-confirm_email wpcf7-validates-as-confirm_email\" aria-invalid=\"false\" placeholder=\"Email Best\u00e4tigung\" value=\"\" type=\"confirm_email\" name=\"confirm_email-12\" \/><\/span>\n\t\t<\/p>\n\t<\/div>\n\t<p><span class=\"wpcf7-form-control-wrap\" data-name=\"text\"><textarea cols=\"40\" rows=\"10\" class=\"wpcf7-form-control wpcf7-textarea\" aria-invalid=\"false\" placeholder=\"Ihre Mitteilung oder Frage ...\" name=\"text\"><\/textarea><\/span>\n\t<\/p>\n<\/div>\n<div class=\"cmsmasters_row_margin cmsmasters_11\">\n\t<div class=\"cmsmasters_column one_first\">\n\t\t<p><input class=\"wpcf7-form-control has-spinner wpcf7-submit\" type=\"submit\" value=\"Senden Sie Ihre Anfrage\" \/>\n\t\t<\/p>\n\t<\/div>\n<\/div><div class=\"wpcf7-response-output\" aria-hidden=\"true\"><\/div>\n<\/form>\n<\/div>\n<\/div>\n<\/div>\n<\/div>\n<\/div>\n<\/div>\n<\/div>\n<\/div>\n<\/div>\n<\/div>\n<\/div>\n\n","protected":false},"excerpt":{"rendered":"","protected":false},"author":1,"featured_media":0,"parent":14181,"menu_order":0,"comment_status":"closed","ping_status":"closed","template":"","meta":{"footnotes":""},"class_list":["post-14170","page","type-page","status-publish","hentry"],"_links":{"self":[{"href":"https:\/\/www.estheaclinic.com\/de\/wp-json\/wp\/v2\/pages\/14170","targetHints":{"allow":["GET"]}}],"collection":[{"href":"https:\/\/www.estheaclinic.com\/de\/wp-json\/wp\/v2\/pages"}],"about":[{"href":"https:\/\/www.estheaclinic.com\/de\/wp-json\/wp\/v2\/types\/page"}],"author":[{"embeddable":true,"href":"https:\/\/www.estheaclinic.com\/de\/wp-json\/wp\/v2\/users\/1"}],"replies":[{"embeddable":true,"href":"https:\/\/www.estheaclinic.com\/de\/wp-json\/wp\/v2\/comments?post=14170"}],"version-history":[{"count":7,"href":"https:\/\/www.estheaclinic.com\/de\/wp-json\/wp\/v2\/pages\/14170\/revisions"}],"predecessor-version":[{"id":15676,"href":"https:\/\/www.estheaclinic.com\/de\/wp-json\/wp\/v2\/pages\/14170\/revisions\/15676"}],"up":[{"embeddable":true,"href":"https:\/\/www.estheaclinic.com\/de\/wp-json\/wp\/v2\/pages\/14181"}],"wp:attachment":[{"href":"https:\/\/www.estheaclinic.com\/de\/wp-json\/wp\/v2\/media?parent=14170"}],"curies":[{"name":"wp","href":"https:\/\/api.w.org\/{rel}","templated":true}]}}