{"id":14163,"date":"2017-01-24T12:27:30","date_gmt":"2017-01-24T11:27:30","guid":{"rendered":"http:\/\/lab.eteamsys.com\/EC\/la-poitrine\/"},"modified":"2017-09-08T15:08:27","modified_gmt":"2017-09-08T13:08:27","slug":"brust","status":"publish","type":"page","link":"https:\/\/www.estheaclinic.com\/de\/brust\/","title":{"rendered":"Brust"},"content":{"rendered":"<style type=\"text\/css\"> \n#cmsmasters_row_69dc666ec4aea .cmsmasters_row_outer_parent { \n\tpadding-top: 50px; \n} \n\n#cmsmasters_row_69dc666ec4aea .cmsmasters_row_outer_parent { \n\tpadding-bottom: 0px; \n} \n\n \n#cmsmasters_heading_69dc666ec4cf8 { \n\ttext-align:left; \n\tmargin-top:0px; \n\tmargin-bottom:0px; \n} \n\n#cmsmasters_heading_69dc666ec4cf8 .cmsmasters_heading { \n\ttext-align:left; \n} \n\n#cmsmasters_heading_69dc666ec4cf8 .cmsmasters_heading, #cmsmasters_heading_69dc666ec4cf8 .cmsmasters_heading a { \n\tfont-size:18px; \n\tfont-weight:normal; \n\tfont-style:normal; \n} \n\n#cmsmasters_heading_69dc666ec4cf8 .cmsmasters_heading_divider { \n} \n\n \n#cmsmasters_divider_69dc666ec4deb { \n\tborder-bottom-width:1px; \n\tborder-bottom-style:solid; \n\tpadding-top:10px; \n\tmargin-bottom:30px; \n\tborder-bottom-color:#3eb8d7;\n} \n \n#cmsmasters_heading_69dc666ec5017 { \n\ttext-align:left; \n\tmargin-top:0px; \n\tmargin-bottom:0px; \n} \n\n#cmsmasters_heading_69dc666ec5017 .cmsmasters_heading { \n\ttext-align:left; \n} \n\n#cmsmasters_heading_69dc666ec5017 .cmsmasters_heading, #cmsmasters_heading_69dc666ec5017 .cmsmasters_heading a { \n\tfont-size:18px; \n\tfont-weight:normal; \n\tfont-style:normal; \n} \n\n#cmsmasters_heading_69dc666ec5017 .cmsmasters_heading_divider { \n} \n\n \n#cmsmasters_divider_69dc666ec50fd { \n\tborder-bottom-width:1px; \n\tborder-bottom-style:solid; \n\tpadding-top:10px; \n\tmargin-bottom:30px; \n\tborder-bottom-color:#3eb8d7;\n} \n\n#cmsmasters_button_69dc666ec54f5 { \n\tfloat:left; \n} \n\n#cmsmasters_button_69dc666ec54f5 .cmsmasters_button:before { \n\tmargin-right:.5em; \n\tmargin-left:0; \n\tvertical-align:baseline; \n} \n\n#cmsmasters_button_69dc666ec54f5 .cmsmasters_button { \n\tfont-weight:normal; \n\tfont-style:normal; \n\tborder-style:solid; \n} \n#cmsmasters_button_69dc666ec54f5 .cmsmasters_button:hover { \n} \n \n#cmsmasters_heading_69dc666ec56b1 { \n\ttext-align:left; \n\tmargin-top:0px; \n\tmargin-bottom:0px; \n} \n\n#cmsmasters_heading_69dc666ec56b1 .cmsmasters_heading { \n\ttext-align:left; \n} \n\n#cmsmasters_heading_69dc666ec56b1 .cmsmasters_heading, #cmsmasters_heading_69dc666ec56b1 .cmsmasters_heading a { \n\tfont-size:18px; \n\tfont-weight:normal; \n\tfont-style:normal; \n} \n\n#cmsmasters_heading_69dc666ec56b1 .cmsmasters_heading_divider { \n} \n\n \n#cmsmasters_divider_69dc666ec5793 { \n\tborder-bottom-width:1px; \n\tborder-bottom-style:solid; \n\tpadding-top:10px; \n\tmargin-bottom:30px; \n\tborder-bottom-color:#3eb8d7;\n} \n\n#cmsmasters_button_69dc666ec5b25 { \n\tfloat:left; \n} \n\n#cmsmasters_button_69dc666ec5b25 .cmsmasters_button:before { \n\tmargin-right:.5em; \n\tmargin-left:0; \n\tvertical-align:baseline; \n} \n\n#cmsmasters_button_69dc666ec5b25 .cmsmasters_button { \n\tfont-weight:normal; \n\tfont-style:normal; \n\tborder-style:solid; \n} \n#cmsmasters_button_69dc666ec5b25 .cmsmasters_button:hover { \n} \n \n#cmsmasters_row_69dc666ec5ba0 .cmsmasters_row_outer_parent { \n\tpadding-top: 30px; \n} \n\n#cmsmasters_row_69dc666ec5ba0 .cmsmasters_row_outer_parent { \n\tpadding-bottom: 0px; \n} \n\n \n#cmsmasters_heading_69dc666ec5d4e { \n\ttext-align:left; \n\tmargin-top:0px; \n\tmargin-bottom:0px; \n} \n\n#cmsmasters_heading_69dc666ec5d4e .cmsmasters_heading { \n\ttext-align:left; \n} \n\n#cmsmasters_heading_69dc666ec5d4e .cmsmasters_heading, #cmsmasters_heading_69dc666ec5d4e .cmsmasters_heading a { \n\tfont-size:18px; \n\tfont-weight:normal; \n\tfont-style:normal; \n} \n\n#cmsmasters_heading_69dc666ec5d4e .cmsmasters_heading_divider { \n} \n\n \n#cmsmasters_divider_69dc666ec5e30 { \n\tborder-bottom-width:1px; \n\tborder-bottom-style:solid; \n\tpadding-top:10px; \n\tmargin-bottom:30px; \n\tborder-bottom-color:#3eb8d7;\n} \n\n#cmsmasters_button_69dc666ec6196 { \n\tfloat:left; \n} \n\n#cmsmasters_button_69dc666ec6196 .cmsmasters_button:before { \n\tmargin-right:.5em; \n\tmargin-left:0; \n\tvertical-align:baseline; \n} \n\n#cmsmasters_button_69dc666ec6196 .cmsmasters_button { \n\tfont-weight:normal; \n\tfont-style:normal; \n\tborder-style:solid; \n} \n#cmsmasters_button_69dc666ec6196 .cmsmasters_button:hover { \n} \n \n#cmsmasters_divider_69dc666ec628a { \n\tborder-bottom-width:1px; \n\tborder-bottom-style:solid; \n\tpadding-top:25px; \n\tmargin-bottom:38px; \n\tborder-bottom-color:#ffffff;\n} \n \n#cmsmasters_row_69dc666ec6315 { \n\tbackground-color:#4cc7ef;\n} \n\n#cmsmasters_row_69dc666ec6315 .cmsmasters_row_outer_parent { \n\tpadding-top: 30px; \n} \n\n#cmsmasters_row_69dc666ec6315 .cmsmasters_row_outer_parent { \n\tpadding-bottom: 30px; \n} \n\n \n\n#cmsmasters_fb_69dc666ec645e { \n\tpadding-top:0px; \n\tpadding-bottom:0px; \n\tbackground-color:#4cc7ef;\n} \n\n#cmsmasters_fb_69dc666ec645e .featured_block_inner { \n\twidth: 100%; \n\tpadding: 40px 35px 45px 35px ; \n\ttext-align: left; \n\tmargin:0 auto; \n} \n\n#cmsmasters_fb_69dc666ec645e .featured_block_text { \n\ttext-align: left; \n} \n\n \n#cmsmasters_heading_69dc666ec65c2 { \n\ttext-align:left; \n\tmargin-top:0px; \n\tmargin-bottom:48px; \n} \n\n#cmsmasters_heading_69dc666ec65c2 .cmsmasters_heading { \n\ttext-align:left; \n} \n\n#cmsmasters_heading_69dc666ec65c2 .cmsmasters_heading, #cmsmasters_heading_69dc666ec65c2 .cmsmasters_heading a { \n\tfont-size:24px; \n\tfont-weight:normal; \n\tfont-style:normal; \n\tcolor:#ffffff;\n} \n\n#cmsmasters_heading_69dc666ec65c2 .cmsmasters_heading_divider { \n} \n\n<\/style><div id=\"cmsmasters_row_69dc666ec4aea\" class=\"cmsmasters_row cmsmasters_color_scheme_default cmsmasters_row_top_default cmsmasters_row_bot_default cmsmasters_row_boxed\">\n<div class=\"cmsmasters_row_outer_parent\">\n<div class=\"cmsmasters_row_outer\">\n<div class=\"cmsmasters_row_inner\">\n<div class=\"cmsmasters_row_margin\">\n<div class=\"cmsmasters_column one_third\">\n\n<div id=\"cmsmasters_heading_69dc666ec4cf8\" class=\"cmsmasters_heading_wrap cmsmasters_heading_align_left\">\n\t<h2 class=\"cmsmasters_heading\">Brust<\/h2>\n<\/div>\n<div id=\"cmsmasters_divider_69dc666ec4deb\" class=\"cmsmasters_divider cmsmasters_divider_width_short cmsmasters_divider_pos_left\"><\/div><div class=\"cmsmasters_text\">\n<p>Der Busen besteht aus Fettgeweben, der Milchdr\u00fcse, der Milchg\u00e4nge, der Blutgef\u00e4\u00dfe, der Lymphgef\u00e4\u00dfe, der Nerven, die alle von einer d\u00fcnnen und weichen Haut \u00fcberzogen sind.<br \/>\nHinter dem Busen befindet sich der gro\u00dfe Brustmuskel.<br \/>\n1 Haut und darunterliegendes Fettgewebe.<\/p>\n<p>2 Milchdr\u00fcse.<\/p>\n<p>3 Gro\u00dfer Brustmuskel.<\/p>\n<p>Der Busen kann als zu klein, zu gro\u00df oder h\u00e4ngend betrachtet werden.<br \/>\nEs gibt verschiedene Sch\u00f6nheitsbehandlungen, die in diesen F\u00e4llen helfen k\u00f6nnen:<\/p>\n<\/div>\n<\/div>\n<div class=\"cmsmasters_column one_third\">\n\n<div id=\"cmsmasters_heading_69dc666ec5017\" class=\"cmsmasters_heading_wrap cmsmasters_heading_align_left\">\n\t<h2 class=\"cmsmasters_heading\">Vergr\u00f6\u00dferung \/ Brustvergr\u00f6\u03b2erung<\/h2>\n<\/div>\n<div id=\"cmsmasters_divider_69dc666ec50fd\" class=\"cmsmasters_divider cmsmasters_divider_width_short cmsmasters_divider_pos_left\"><\/div><div class=\"cmsmasters_img  cmsmasters_image_n\">\n<img decoding=\"async\" src=\"https:\/\/www.estheaclinic.com\/wp-content\/uploads\/2017\/01\/augmentation-mammaire.jpg\" alt=\"\" \/>\n<\/div>\n<div class=\"cmsmasters_text padd_5\">\n<p>F\u00fcr eine Brustvergr\u00f6\u03b2erung f\u00fchrt man hinter die Brust eine mit Silikon, Hydrogel oder physiologischer Kochsalzl\u00f6sung gef\u00fcllte Tasche ein.<\/p>\n<\/div>\n\n<div id=\"cmsmasters_button_69dc666ec54f5\" class=\"button_wrap\"><a href=\"https:\/\/www.estheaclinic.com\/de\/brust\/vergroesserung-brustvergroe%CE%B2erung\/\" class=\"cmsmasters_button cmsmasters_but_clear_styles cmsmasters_but_bg_hover\"><span>Lesen Sie mehr<\/span><\/a><\/div>\n<\/div>\n<div class=\"cmsmasters_column one_third\">\n\n<div id=\"cmsmasters_heading_69dc666ec56b1\" class=\"cmsmasters_heading_wrap cmsmasters_heading_align_left\">\n\t<h2 class=\"cmsmasters_heading\">Verkleinerung \/ Brustverkleinerung<\/h2>\n<\/div>\n<div id=\"cmsmasters_divider_69dc666ec5793\" class=\"cmsmasters_divider cmsmasters_divider_width_short cmsmasters_divider_pos_left\"><\/div><div class=\"cmsmasters_img  cmsmasters_image_n\">\n<img decoding=\"async\" src=\"https:\/\/www.estheaclinic.com\/wp-content\/uploads\/2017\/01\/reductions.jpg\" alt=\"\" \/>\n<\/div>\n<div class=\"cmsmasters_text padd_5\">\n<p>Manchmal kommt es vor, dass die Br\u00fcste zu gro\u00df, zu schwer oder zu schlaff sind. Sie k\u00f6nnen schwer zu tragen sein und R\u00fcckenschmerzen verursachen.<\/p>\n<\/div>\n\n<div id=\"cmsmasters_button_69dc666ec5b25\" class=\"button_wrap\"><a href=\"https:\/\/www.estheaclinic.com\/de\/brust\/verkleinerung-brustverkleinerung\/\" class=\"cmsmasters_button cmsmasters_but_clear_styles cmsmasters_but_bg_hover\"><span>Lesen Sie mehr<\/span><\/a><\/div>\n<\/div>\n<\/div>\n<\/div>\n<\/div>\n<\/div>\n<\/div>\n<div id=\"cmsmasters_row_69dc666ec5ba0\" class=\"cmsmasters_row cmsmasters_color_scheme_default cmsmasters_row_top_default cmsmasters_row_bot_default cmsmasters_row_boxed\">\n<div class=\"cmsmasters_row_outer_parent\">\n<div class=\"cmsmasters_row_outer\">\n<div class=\"cmsmasters_row_inner\">\n<div class=\"cmsmasters_row_margin\">\n<div class=\"cmsmasters_column one_third\">\n<\/div>\n<div class=\"cmsmasters_column one_third\">\n\n<div id=\"cmsmasters_heading_69dc666ec5d4e\" class=\"cmsmasters_heading_wrap cmsmasters_heading_align_left\">\n\t<h2 class=\"cmsmasters_heading\">Bruststraffung <\/h2>\n<\/div>\n<div id=\"cmsmasters_divider_69dc666ec5e30\" class=\"cmsmasters_divider cmsmasters_divider_width_short cmsmasters_divider_pos_left\"><\/div><div class=\"cmsmasters_img  cmsmasters_image_n\">\n<img decoding=\"async\" src=\"https:\/\/www.estheaclinic.com\/wp-content\/uploads\/2017\/01\/lifting_seins.jpg\" alt=\"\" \/>\n<\/div>\n<div class=\"cmsmasters_text padd_5\">\n<p>Es kann auch vorkommen, da\u03b2 die Br\u00fcste abrutschen und der Warzenhof unter der Brustumschlagsfalte liegt.<\/p>\n<\/div>\n\n<div id=\"cmsmasters_button_69dc666ec6196\" class=\"button_wrap\"><a href=\"https:\/\/www.estheaclinic.com\/de\/brust\/brustverkleinerung-und-bruststraffung-mastopexie\/\" class=\"cmsmasters_button cmsmasters_but_clear_styles cmsmasters_but_bg_hover\"><span>Lesen Sie mehr<\/span><\/a><\/div>\n\n<div id=\"cmsmasters_divider_69dc666ec628a\" class=\"cmsmasters_divider cmsmasters_divider_width_long cmsmasters_divider_pos_center\"><\/div>\n<\/div>\n<div class=\"cmsmasters_column one_third\">\n<\/div>\n<\/div>\n<\/div>\n<\/div>\n<\/div>\n<\/div>\n<div id=\"cmsmasters_row_69dc666ec6315\" class=\"cmsmasters_row cmsmasters_color_scheme_default cmsmasters_row_top_default cmsmasters_row_bot_default cmsmasters_row_boxed\">\n<div id=\"contact\" class=\"cmsmasters_row_outer_parent\">\n<div class=\"cmsmasters_row_outer\">\n<div class=\"cmsmasters_row_inner\">\n<div class=\"cmsmasters_row_margin\">\n<div class=\"cmsmasters_column one_first\">\n<div id=\"cmsmasters_fb_69dc666ec645e\" class=\"cmsmasters_featured_block\">\n<div class=\"featured_block_inner\">\n<div class=\"featured_block_text\">\n<div id=\"cmsmasters_heading_69dc666ec65c2\" class=\"cmsmasters_heading_wrap cmsmasters_heading_align_left\">\n\t<h3 class=\"cmsmasters_heading\">Vereinbaren Sie einen Termin bei Esthea Clinic<\/h3>\n<\/div><div class=\"cmsmasters_contact_form\">\n<div class=\"wpcf7 no-js\" id=\"wpcf7-f14567-o1\" lang=\"en-US\" dir=\"ltr\">\n<div class=\"screen-reader-response\"><p role=\"status\" aria-live=\"polite\" aria-atomic=\"true\"><\/p> <ul><\/ul><\/div>\n<form action=\"\/de\/wp-json\/wp\/v2\/pages\/14163#wpcf7-f14567-o1\" method=\"post\" class=\"wpcf7-form init\" aria-label=\"Contact form\" novalidate=\"novalidate\" data-status=\"init\">\n<div style=\"display: none;\">\n<input type=\"hidden\" name=\"_wpcf7\" value=\"14567\" \/>\n<input type=\"hidden\" name=\"_wpcf7_version\" value=\"5.7.7\" \/>\n<input type=\"hidden\" name=\"_wpcf7_locale\" value=\"en_US\" \/>\n<input type=\"hidden\" name=\"_wpcf7_unit_tag\" value=\"wpcf7-f14567-o1\" \/>\n<input type=\"hidden\" name=\"_wpcf7_container_post\" value=\"0\" \/>\n<input type=\"hidden\" name=\"_wpcf7_posted_data_hash\" value=\"\" \/>\n<input type=\"hidden\" name=\"_wpcf7_recaptcha_response\" value=\"\" \/>\n<\/div>\n<div class=\"cmsmasters_row_margin cmsmasters_1212\">\n\t<div class=\"cmsmasters_column one_half\">\n\t\t<p><span class=\"wpcf7-form-control-wrap\" data-name=\"menu-372\"><select class=\"wpcf7-form-control wpcf7-select\" aria-invalid=\"false\" name=\"menu-372\"><option value=\"w\u00e4hlen Sie Behandlung\">w\u00e4hlen Sie Behandlung<\/option><option value=\"Silhouette\">Silhouette<\/option><option value=\"Brust\">Brust<\/option><option value=\"Gesicht\">Gesicht<\/option><option value=\"Haut\">Haut<\/option><option value=\"Intimbereich\">Intimbereich<\/option><option value=\"Enthaarung\">Enthaarung<\/option><option value=\"Ern\u00e4hrung\">Ern\u00e4hrung<\/option><option value=\"Z\u00e4hne\">Z\u00e4hne<\/option><\/select><\/span>\n\t\t<\/p>\n\t\t<p><span class=\"wpcf7-form-control-wrap\" data-name=\"your-name\"><input size=\"40\" class=\"wpcf7-form-control wpcf7-text\" aria-invalid=\"false\" placeholder=\"Ihren Namen\" value=\"\" type=\"text\" name=\"your-name\" \/><\/span>\n\t\t<\/p>\n\t\t<p><span class=\"wpcf7-form-control-wrap\" data-name=\"your-surname\"><input size=\"40\" class=\"wpcf7-form-control wpcf7-text\" aria-invalid=\"false\" placeholder=\"Ihren Vorname\" value=\"\" type=\"text\" name=\"your-surname\" \/><\/span>\n\t\t<\/p>\n\t<\/div>\n\t<div class=\"cmsmasters_column one_half\">\n\t\t<p><span class=\"wpcf7-form-control-wrap\" data-name=\"phone\"><input size=\"40\" class=\"wpcf7-form-control wpcf7-text wpcf7-tel wpcf7-validates-as-tel\" aria-invalid=\"false\" placeholder=\"Telefonnummer\" value=\"\" type=\"tel\" name=\"phone\" \/><\/span>\n\t\t<\/p>\n\t\t<p><span class=\"wpcf7-form-control-wrap\" data-name=\"your-email\"><input size=\"40\" class=\"wpcf7-form-control wpcf7-text wpcf7-email wpcf7-validates-as-required wpcf7-validates-as-email\" aria-required=\"true\" aria-invalid=\"false\" placeholder=\"Ihren email\" value=\"\" type=\"email\" name=\"your-email\" \/><\/span><span id=\"wpcf7-69dc666ec989f-wrapper\" class=\"wpcf7-form-control-wrap email-confirm-774-wrap\" style=\"display:none !important; visibility:hidden !important;\"><label for=\"wpcf7-69dc666ec989f-field\" class=\"hp-message\">Please leave this field empty.<\/label><input id=\"wpcf7-69dc666ec989f-field\"  class=\"wpcf7-form-control wpcf7-text\" type=\"text\" name=\"email-confirm-774\" value=\"\" size=\"40\" tabindex=\"-1\" autocomplete=\"new-password\" \/><\/span>\n\t\t<\/p>\n\t\t<p><span class=\"wpcf7-form-control-wrap confirm_email-12\"><input size=\"40\" class=\"wpcf7-form-control wpcf7-confirm_email wpcf7-validates-as-confirm_email\" aria-invalid=\"false\" placeholder=\"Email Best\u00e4tigung\" value=\"\" type=\"confirm_email\" name=\"confirm_email-12\" \/><\/span>\n\t\t<\/p>\n\t<\/div>\n\t<p><span class=\"wpcf7-form-control-wrap\" data-name=\"text\"><textarea cols=\"40\" rows=\"10\" class=\"wpcf7-form-control wpcf7-textarea\" aria-invalid=\"false\" placeholder=\"Ihre Mitteilung oder Frage ...\" name=\"text\"><\/textarea><\/span>\n\t<\/p>\n<\/div>\n<div class=\"cmsmasters_row_margin cmsmasters_11\">\n\t<div class=\"cmsmasters_column one_first\">\n\t\t<p><input class=\"wpcf7-form-control has-spinner wpcf7-submit\" type=\"submit\" value=\"Senden Sie Ihre Anfrage\" \/>\n\t\t<\/p>\n\t<\/div>\n<\/div><div class=\"wpcf7-response-output\" aria-hidden=\"true\"><\/div>\n<\/form>\n<\/div>\n<\/div>\n<\/div>\n<\/div>\n<\/div>\n<\/div>\n<\/div>\n<\/div>\n<\/div>\n<\/div>\n<\/div>\n\n","protected":false},"excerpt":{"rendered":"","protected":false},"author":1,"featured_media":0,"parent":0,"menu_order":0,"comment_status":"closed","ping_status":"closed","template":"","meta":{"footnotes":""},"class_list":["post-14163","page","type-page","status-publish","hentry"],"_links":{"self":[{"href":"https:\/\/www.estheaclinic.com\/de\/wp-json\/wp\/v2\/pages\/14163","targetHints":{"allow":["GET"]}}],"collection":[{"href":"https:\/\/www.estheaclinic.com\/de\/wp-json\/wp\/v2\/pages"}],"about":[{"href":"https:\/\/www.estheaclinic.com\/de\/wp-json\/wp\/v2\/types\/page"}],"author":[{"embeddable":true,"href":"https:\/\/www.estheaclinic.com\/de\/wp-json\/wp\/v2\/users\/1"}],"replies":[{"embeddable":true,"href":"https:\/\/www.estheaclinic.com\/de\/wp-json\/wp\/v2\/comments?post=14163"}],"version-history":[{"count":12,"href":"https:\/\/www.estheaclinic.com\/de\/wp-json\/wp\/v2\/pages\/14163\/revisions"}],"predecessor-version":[{"id":15760,"href":"https:\/\/www.estheaclinic.com\/de\/wp-json\/wp\/v2\/pages\/14163\/revisions\/15760"}],"wp:attachment":[{"href":"https:\/\/www.estheaclinic.com\/de\/wp-json\/wp\/v2\/media?parent=14163"}],"curies":[{"name":"wp","href":"https:\/\/api.w.org\/{rel}","templated":true}]}}