{"id":14160,"date":"2017-01-24T14:21:51","date_gmt":"2017-01-24T13:21:51","guid":{"rendered":"http:\/\/lab.eteamsys.com\/EC\/augmentation-protheses-mammaires\/"},"modified":"2017-09-08T11:17:05","modified_gmt":"2017-09-08T09:17:05","slug":"vergroesserung-brustvergroe%ce%b2erung","status":"publish","type":"page","link":"https:\/\/www.estheaclinic.com\/de\/brust\/vergroesserung-brustvergroe%ce%b2erung\/","title":{"rendered":"Vergr\u00f6\u00dferung \/ Brustvergr\u00f6\u03b2erung"},"content":{"rendered":"<style type=\"text\/css\"> \n#cmsmasters_row_69dc8e8fca61d .cmsmasters_row_outer_parent { \n\tpadding-top: 0px; \n} \n\n#cmsmasters_row_69dc8e8fca61d .cmsmasters_row_outer_parent { \n\tpadding-bottom: 0px; \n} \n\n \n#cmsmasters_heading_69dc8e8fcaaed { \n\ttext-align:left; \n\tmargin-top:30px; \n\tmargin-bottom:20px; \n} \n\n#cmsmasters_heading_69dc8e8fcaaed .cmsmasters_heading { \n\ttext-align:left; \n} \n\n#cmsmasters_heading_69dc8e8fcaaed .cmsmasters_heading, #cmsmasters_heading_69dc8e8fcaaed .cmsmasters_heading a { \n\tfont-size:24px; \n\tline-height:30px; \n\tfont-weight:normal; \n\tfont-style:normal; \n\tcolor:#3eb8d7;\n} \n\n#cmsmasters_heading_69dc8e8fcaaed .cmsmasters_heading_divider { \n} \n\n \n#cmsmasters_divider_69dc8e8fcace1 { \n\tborder-bottom-width:1px; \n\tborder-bottom-style:solid; \n\tpadding-top:25px; \n\tmargin-bottom:38px; \n} \n \n#cmsmasters_row_69dc8e8fcad4c { \n\tbackground-color:#4cc7ef;\n} \n\n#cmsmasters_row_69dc8e8fcad4c .cmsmasters_row_outer_parent { \n\tpadding-top: 30px; \n} \n\n#cmsmasters_row_69dc8e8fcad4c .cmsmasters_row_outer_parent { \n\tpadding-bottom: 30px; \n} \n\n \n\n#cmsmasters_fb_69dc8e8fcae9b { \n\tpadding-top:0px; \n\tpadding-bottom:0px; \n\tbackground-color:#4cc7ef;\n} \n\n#cmsmasters_fb_69dc8e8fcae9b .featured_block_inner { \n\twidth: 100%; \n\tpadding: 40px 35px 45px 35px ; \n\ttext-align: left; \n\tmargin:0 auto; \n} \n\n#cmsmasters_fb_69dc8e8fcae9b .featured_block_text { \n\ttext-align: left; \n} \n\n \n#cmsmasters_heading_69dc8e8fcb006 { \n\ttext-align:left; \n\tmargin-top:0px; \n\tmargin-bottom:48px; \n} \n\n#cmsmasters_heading_69dc8e8fcb006 .cmsmasters_heading { \n\ttext-align:left; \n} \n\n#cmsmasters_heading_69dc8e8fcb006 .cmsmasters_heading, #cmsmasters_heading_69dc8e8fcb006 .cmsmasters_heading a { \n\tfont-size:24px; \n\tfont-weight:normal; \n\tfont-style:normal; \n\tcolor:#ffffff;\n} \n\n#cmsmasters_heading_69dc8e8fcb006 .cmsmasters_heading_divider { \n} \n\n<\/style><div id=\"cmsmasters_row_69dc8e8fca61d\" class=\"cmsmasters_row cmsmasters_color_scheme_default cmsmasters_row_top_default cmsmasters_row_bot_default cmsmasters_row_boxed\">\n<div class=\"cmsmasters_row_outer_parent\">\n<div class=\"cmsmasters_row_outer\">\n<div class=\"cmsmasters_row_inner cmsmasters_row_no_margin\">\n<div class=\"cmsmasters_row_margin\">\n<div class=\"cmsmasters_column one_first\">\n<div class=\"cmsmasters_img  cmsmasters_image_n no_margin\">\n<img decoding=\"async\" src=\"https:\/\/www.estheaclinic.com\/wp-content\/uploads\/2017\/01\/image-2.jpg\" alt=\"\" \/>\n<\/div>\n\n<div id=\"cmsmasters_heading_69dc8e8fcaaed\" class=\"cmsmasters_heading_wrap cmsmasters_heading_align_left\">\n\t<h1 class=\"cmsmasters_heading\">Vergr\u00f6\u00dferung \/ Brustvergr\u00f6\u03b2erung<\/h1>\n<\/div><div class=\"cmsmasters_text\">\n<p>F\u00fcr eine Brustvergr\u00f6\u03b2erung f\u00fchrt man hinter die Brust eine mit Silikon, Hydrogel oder physiologischer Kochsalzl\u00f6sung gef\u00fcllte Tasche ein. Neben dem F\u00fcllmittel wird das Endergebnis noch von anderen Kriterien beeinflu\u03b2t, z.B. die Breite, die H\u00f6he und das Volumen des Implantates. Der erste Arzttermin ist besonders wichtig. Der Chirurg gibt Ihnen n\u00e4mlich dann alle Einzelheiten und Erkl\u00e4rungen, damit Sie die geeignetste Prothese ausw\u00e4hlen k\u00f6nnen.<\/p>\n<p>\u2022 Sicherheit<br \/>\nDie von uns verwendeten Brustimplantate sind medizinisch gepr\u00fcft und 100% sicher.<br \/>\nWissenschaftlich wurde bereits bewiesen, da\u03b2 es keinen Zusammenhang gibt zwischen Brustimplantaten und Brustkrebs oder anderen Krankheiten.<\/p>\n<p>\u2022 Der Eingriff<br \/>\nEr erfolgt immer \u00f6fter unter \u00f6rtlicher Narkose (mit Sedierung) und ohne Krankenhausaufenthalt.<br \/>\nDie Tasche wird hinter die Brustdr\u00fcse, sei es \u00fcber oder unter dem Brustmuskel untergebracht.<br \/>\nDiese Wahl ist nicht systematisch. Sie wird auf Grund der vorhandenen Gewebemenge und des Volumens der Prothese getroffen.<br \/>\nDie Brustdr\u00fcse befindet sich also vor der Prothese und kann somit jederzeit ganz normal untersucht werden.<br \/>\nDer Einschnitt zur Einf\u00fchrung des Implantates erfolgt entweder am unteren Rand des Warzenhofes, in der Brustumschlagsfalte oder in der Achselh\u00f6hle.<br \/>\nDer Eingriff hat eine Straffung zur Folge und hinterl\u00e4\u03b2t nur wenige Narben.<\/p>\n<p>\u2022 Operationsfolgen<br \/>\nNoch am selben Tag k\u00f6nnen Sie nach Hause. W\u00e4hrend ca. eines Monats m\u00fcssen Sie einen Spezial-BH tragen, damit die Prothese nicht verrutschen kann und Schwellungen vermieden werden.<br \/>\nWenn die Prothese auf den Muskel platziert wurde, kann die Brust einen bis zwei Tage schmerzen. Wurde sie unter den Muskel platziert, kann der Schmerz drei bis sechs Tage anhalten. In dem Fall lindert ein handels\u00fcbliches Medikament den Schmerz.<br \/>\nBereits nach wenigen Tagen k\u00f6nnen Sie Ihren \u00fcblichen T\u00e4tigkeiten nachgehen, solange Sie nichts Schweres tragen. Sport k\u00f6nnen Sie erneut nach einem Monat treiben.<\/p>\n<p>\u2022 Ergebnis<br \/>\nIn den ersten Tagen nach dem Eingriff k\u00f6nnen Sie sich bereits eine Idee \u00fcber die Brustvergr\u00f6\u03b2erung verschaffen. Sie m\u00fcssen jedoch ca. einen Monat warten, bevor Sie sich ein genaues Bild machen k\u00f6nnen.<\/p>\n<\/div>\n\n<div id=\"cmsmasters_divider_69dc8e8fcace1\" class=\"cmsmasters_divider cmsmasters_divider_width_long cmsmasters_divider_pos_center\"><\/div>\n<\/div>\n<\/div>\n<\/div>\n<\/div>\n<\/div>\n<\/div>\n<div id=\"cmsmasters_row_69dc8e8fcad4c\" class=\"cmsmasters_row cmsmasters_color_scheme_default cmsmasters_row_top_default cmsmasters_row_bot_default cmsmasters_row_boxed\">\n<div id=\"contact\" class=\"cmsmasters_row_outer_parent\">\n<div class=\"cmsmasters_row_outer\">\n<div class=\"cmsmasters_row_inner\">\n<div class=\"cmsmasters_row_margin\">\n<div class=\"cmsmasters_column one_first\">\n<div id=\"cmsmasters_fb_69dc8e8fcae9b\" class=\"cmsmasters_featured_block\">\n<div class=\"featured_block_inner\">\n<div class=\"featured_block_text\">\n<div id=\"cmsmasters_heading_69dc8e8fcb006\" class=\"cmsmasters_heading_wrap cmsmasters_heading_align_left\">\n\t<h3 class=\"cmsmasters_heading\">Vereinbaren Sie einen Termin bei Esthea Clinic<\/h3>\n<\/div><div class=\"cmsmasters_contact_form\">\n<div class=\"wpcf7 no-js\" id=\"wpcf7-f14567-o1\" lang=\"en-US\" dir=\"ltr\">\n<div class=\"screen-reader-response\"><p role=\"status\" aria-live=\"polite\" aria-atomic=\"true\"><\/p> <ul><\/ul><\/div>\n<form action=\"\/de\/wp-json\/wp\/v2\/pages\/14160#wpcf7-f14567-o1\" method=\"post\" class=\"wpcf7-form init\" aria-label=\"Contact form\" novalidate=\"novalidate\" data-status=\"init\">\n<div style=\"display: none;\">\n<input type=\"hidden\" name=\"_wpcf7\" value=\"14567\" \/>\n<input type=\"hidden\" name=\"_wpcf7_version\" value=\"5.7.7\" \/>\n<input type=\"hidden\" name=\"_wpcf7_locale\" value=\"en_US\" \/>\n<input type=\"hidden\" name=\"_wpcf7_unit_tag\" value=\"wpcf7-f14567-o1\" \/>\n<input type=\"hidden\" name=\"_wpcf7_container_post\" value=\"0\" \/>\n<input type=\"hidden\" name=\"_wpcf7_posted_data_hash\" value=\"\" \/>\n<input type=\"hidden\" name=\"_wpcf7_recaptcha_response\" value=\"\" \/>\n<\/div>\n<div class=\"cmsmasters_row_margin cmsmasters_1212\">\n\t<div class=\"cmsmasters_column one_half\">\n\t\t<p><span class=\"wpcf7-form-control-wrap\" data-name=\"menu-372\"><select class=\"wpcf7-form-control wpcf7-select\" aria-invalid=\"false\" name=\"menu-372\"><option value=\"w\u00e4hlen Sie Behandlung\">w\u00e4hlen Sie Behandlung<\/option><option value=\"Silhouette\">Silhouette<\/option><option value=\"Brust\">Brust<\/option><option value=\"Gesicht\">Gesicht<\/option><option value=\"Haut\">Haut<\/option><option value=\"Intimbereich\">Intimbereich<\/option><option value=\"Enthaarung\">Enthaarung<\/option><option value=\"Ern\u00e4hrung\">Ern\u00e4hrung<\/option><option value=\"Z\u00e4hne\">Z\u00e4hne<\/option><\/select><\/span>\n\t\t<\/p>\n\t\t<p><span class=\"wpcf7-form-control-wrap\" data-name=\"your-name\"><input size=\"40\" class=\"wpcf7-form-control wpcf7-text\" aria-invalid=\"false\" placeholder=\"Ihren Namen\" value=\"\" type=\"text\" name=\"your-name\" \/><\/span>\n\t\t<\/p>\n\t\t<p><span class=\"wpcf7-form-control-wrap\" data-name=\"your-surname\"><input size=\"40\" class=\"wpcf7-form-control wpcf7-text\" aria-invalid=\"false\" placeholder=\"Ihren Vorname\" value=\"\" type=\"text\" name=\"your-surname\" \/><\/span>\n\t\t<\/p>\n\t<\/div>\n\t<div class=\"cmsmasters_column one_half\">\n\t\t<p><span class=\"wpcf7-form-control-wrap\" data-name=\"phone\"><input size=\"40\" class=\"wpcf7-form-control wpcf7-text wpcf7-tel wpcf7-validates-as-tel\" aria-invalid=\"false\" placeholder=\"Telefonnummer\" value=\"\" type=\"tel\" name=\"phone\" \/><\/span>\n\t\t<\/p>\n\t\t<p><span class=\"wpcf7-form-control-wrap\" data-name=\"your-email\"><input size=\"40\" class=\"wpcf7-form-control wpcf7-text wpcf7-email wpcf7-validates-as-required wpcf7-validates-as-email\" aria-required=\"true\" aria-invalid=\"false\" placeholder=\"Ihren email\" value=\"\" type=\"email\" name=\"your-email\" \/><\/span><span id=\"wpcf7-69dc8e8fcefc3-wrapper\" class=\"wpcf7-form-control-wrap email-confirm-774-wrap\" style=\"display:none !important; visibility:hidden !important;\"><label for=\"wpcf7-69dc8e8fcefc3-field\" class=\"hp-message\">Please leave this field empty.<\/label><input id=\"wpcf7-69dc8e8fcefc3-field\"  class=\"wpcf7-form-control wpcf7-text\" type=\"text\" name=\"email-confirm-774\" value=\"\" size=\"40\" tabindex=\"-1\" autocomplete=\"new-password\" \/><\/span>\n\t\t<\/p>\n\t\t<p><span class=\"wpcf7-form-control-wrap confirm_email-12\"><input size=\"40\" class=\"wpcf7-form-control wpcf7-confirm_email wpcf7-validates-as-confirm_email\" aria-invalid=\"false\" placeholder=\"Email Best\u00e4tigung\" value=\"\" type=\"confirm_email\" name=\"confirm_email-12\" \/><\/span>\n\t\t<\/p>\n\t<\/div>\n\t<p><span class=\"wpcf7-form-control-wrap\" data-name=\"text\"><textarea cols=\"40\" rows=\"10\" class=\"wpcf7-form-control wpcf7-textarea\" aria-invalid=\"false\" placeholder=\"Ihre Mitteilung oder Frage ...\" name=\"text\"><\/textarea><\/span>\n\t<\/p>\n<\/div>\n<div class=\"cmsmasters_row_margin cmsmasters_11\">\n\t<div class=\"cmsmasters_column one_first\">\n\t\t<p><input class=\"wpcf7-form-control has-spinner wpcf7-submit\" type=\"submit\" value=\"Senden Sie Ihre Anfrage\" \/>\n\t\t<\/p>\n\t<\/div>\n<\/div><div class=\"wpcf7-response-output\" aria-hidden=\"true\"><\/div>\n<\/form>\n<\/div>\n<\/div>\n<\/div>\n<\/div>\n<\/div>\n<\/div>\n<\/div>\n<\/div>\n<\/div>\n<\/div>\n<\/div>\n\n","protected":false},"excerpt":{"rendered":"","protected":false},"author":1,"featured_media":0,"parent":14163,"menu_order":0,"comment_status":"closed","ping_status":"closed","template":"","meta":{"footnotes":""},"class_list":["post-14160","page","type-page","status-publish","hentry"],"_links":{"self":[{"href":"https:\/\/www.estheaclinic.com\/de\/wp-json\/wp\/v2\/pages\/14160","targetHints":{"allow":["GET"]}}],"collection":[{"href":"https:\/\/www.estheaclinic.com\/de\/wp-json\/wp\/v2\/pages"}],"about":[{"href":"https:\/\/www.estheaclinic.com\/de\/wp-json\/wp\/v2\/types\/page"}],"author":[{"embeddable":true,"href":"https:\/\/www.estheaclinic.com\/de\/wp-json\/wp\/v2\/users\/1"}],"replies":[{"embeddable":true,"href":"https:\/\/www.estheaclinic.com\/de\/wp-json\/wp\/v2\/comments?post=14160"}],"version-history":[{"count":4,"href":"https:\/\/www.estheaclinic.com\/de\/wp-json\/wp\/v2\/pages\/14160\/revisions"}],"predecessor-version":[{"id":15669,"href":"https:\/\/www.estheaclinic.com\/de\/wp-json\/wp\/v2\/pages\/14160\/revisions\/15669"}],"up":[{"embeddable":true,"href":"https:\/\/www.estheaclinic.com\/de\/wp-json\/wp\/v2\/pages\/14163"}],"wp:attachment":[{"href":"https:\/\/www.estheaclinic.com\/de\/wp-json\/wp\/v2\/media?parent=14160"}],"curies":[{"name":"wp","href":"https:\/\/api.w.org\/{rel}","templated":true}]}}