{"id":14125,"date":"2017-01-24T15:38:14","date_gmt":"2017-01-24T14:38:14","guid":{"rendered":"http:\/\/lab.eteamsys.com\/EC\/fils-tenseurs\/"},"modified":"2017-09-08T11:41:56","modified_gmt":"2017-09-08T09:41:56","slug":"spannfaeden","status":"publish","type":"page","link":"https:\/\/www.estheaclinic.com\/de\/behandlung-esthea-clinic\/gesicht\/spannfaeden\/","title":{"rendered":"Spannf\u00e4den"},"content":{"rendered":"<style type=\"text\/css\"> \n#cmsmasters_row_69f23754488f0 .cmsmasters_row_outer_parent { \n\tpadding-top: 0px; \n} \n\n#cmsmasters_row_69f23754488f0 .cmsmasters_row_outer_parent { \n\tpadding-bottom: 0px; \n} \n\n \n#cmsmasters_heading_69f2375448dae { \n\ttext-align:left; \n\tmargin-top:30px; \n\tmargin-bottom:20px; \n} \n\n#cmsmasters_heading_69f2375448dae .cmsmasters_heading { \n\ttext-align:left; \n} \n\n#cmsmasters_heading_69f2375448dae .cmsmasters_heading, #cmsmasters_heading_69f2375448dae .cmsmasters_heading a { \n\tfont-size:24px; \n\tline-height:30px; \n\tfont-weight:normal; \n\tfont-style:normal; \n\tcolor:#3eb8d7;\n} \n\n#cmsmasters_heading_69f2375448dae .cmsmasters_heading_divider { \n} \n\n \n#cmsmasters_divider_69f2375448f59 { \n\tborder-bottom-width:1px; \n\tborder-bottom-style:solid; \n\tpadding-top:20px; \n\tmargin-bottom:39px; \n} \n \n#cmsmasters_row_69f2375448fca { \n\tbackground-color:#4cc7ef;\n} \n\n#cmsmasters_row_69f2375448fca .cmsmasters_row_outer_parent { \n\tpadding-top: 30px; \n} \n\n#cmsmasters_row_69f2375448fca .cmsmasters_row_outer_parent { \n\tpadding-bottom: 30px; \n} \n\n \n\n#cmsmasters_fb_69f237544910e { \n\tpadding-top:0px; \n\tpadding-bottom:0px; \n\tbackground-color:#4cc7ef;\n} \n\n#cmsmasters_fb_69f237544910e .featured_block_inner { \n\twidth: 100%; \n\tpadding: 40px 35px 45px 35px ; \n\ttext-align: left; \n\tmargin:0 auto; \n} \n\n#cmsmasters_fb_69f237544910e .featured_block_text { \n\ttext-align: left; \n} \n\n \n#cmsmasters_heading_69f237544926e { \n\ttext-align:left; \n\tmargin-top:0px; \n\tmargin-bottom:48px; \n} \n\n#cmsmasters_heading_69f237544926e .cmsmasters_heading { \n\ttext-align:left; \n} \n\n#cmsmasters_heading_69f237544926e .cmsmasters_heading, #cmsmasters_heading_69f237544926e .cmsmasters_heading a { \n\tfont-size:24px; \n\tfont-weight:normal; \n\tfont-style:normal; \n\tcolor:#ffffff;\n} \n\n#cmsmasters_heading_69f237544926e .cmsmasters_heading_divider { \n} \n\n<\/style><div id=\"cmsmasters_row_69f23754488f0\" class=\"cmsmasters_row cmsmasters_color_scheme_default cmsmasters_row_top_default cmsmasters_row_bot_default cmsmasters_row_boxed\">\n<div class=\"cmsmasters_row_outer_parent\">\n<div class=\"cmsmasters_row_outer\">\n<div class=\"cmsmasters_row_inner cmsmasters_row_no_margin\">\n<div class=\"cmsmasters_row_margin\">\n<div class=\"cmsmasters_column one_first\">\n<div class=\"cmsmasters_img  cmsmasters_image_n no_margin\">\n<img decoding=\"async\" src=\"https:\/\/www.estheaclinic.com\/wp-content\/uploads\/2017\/01\/image-2-4.jpg\" alt=\"\" \/>\n<\/div>\n\n<div id=\"cmsmasters_heading_69f2375448dae\" class=\"cmsmasters_heading_wrap cmsmasters_heading_align_left\">\n\t<h1 class=\"cmsmasters_heading\">Spannf\u00e4den<\/h1>\n<\/div><div class=\"cmsmasters_text\">\n<p>Bei der Gesichtsbehandlung und der Pflege der Hauterschlaffung wird die carboxytherapie eingesetzt, rund um die Augenpartie, zur Reduzierung der Ringe, um die Elastizit\u00e4t der Haut zu steigern und die Hyperpigmentierung zu reduzieren. Verschiedene Gesichtszonen k\u00f6nnen behandelt werden: Stirn, Kr\u00e4henf\u00fc\u00dfe, Lider, Nasolabialfalte und Hals sowie bei Hauterschlaffung und bei doppeltem Kinn.<br \/>\nFalten im Dekollet\u00e9, Hauterschlaffung an Armen, Schenkeln, Bauch k\u00f6nnen mit Hilfe der Carboxytherapie wirksam behandelt werden.Aptos lift, Featherlift, Eurolift, Spring thread&#8230;<br \/>\nSpannf\u00e4den sind eine Alternative zum klassischen Lifting vorausgesetzt Gesicht und\/oder Hals sind nicht zu sehr erschlafft. Diese Behandlung empfehlen wir daher haupts\u00e4chlich Personen zwischen 30 und 60 Jahren.<br \/>\nDie ersten Spannf\u00e4den (Aptos\u2026) waren steif und spr\u00f6de.<br \/>\nDie F\u00e4den, die wir heute verwenden sind elastisch und passen sich der Mimik an, ohne zu rei\u00dfen.<\/p>\n<p>\u2022 Der Eingriff<br \/>\nUnter \u00f6rtlicher Bet\u00e4ubung werden mit Hilfe einer feinen Nadel F\u00e4den mit Widerh\u00e4kchen oder feinsten Knoten, die mit Hilfe eines Konus verst\u00e4rkt sind, eingef\u00fchrt. Diese verankern sich unter der Haut. Das verhakte Gewebe wird danach nach oben (bzw. nach hinten beim Hals) gezogen, damit das Gesicht sein Oval zur\u00fcckerh\u00e4lt und die Nasolabialfalten reduziert werden.<br \/>\nDer Eingriff dauert ca. eine halbe Stunde. Die Narben sind fast unsichtbar und die Erholungsphase sehr kurz.<\/p>\n<\/div>\n\n<div id=\"cmsmasters_divider_69f2375448f59\" class=\"cmsmasters_divider cmsmasters_divider_width_long cmsmasters_divider_pos_center\"><\/div>\n<\/div>\n<\/div>\n<\/div>\n<\/div>\n<\/div>\n<\/div>\n<div id=\"cmsmasters_row_69f2375448fca\" class=\"cmsmasters_row cmsmasters_color_scheme_default cmsmasters_row_top_default cmsmasters_row_bot_default cmsmasters_row_boxed\">\n<div id=\"contact\" class=\"cmsmasters_row_outer_parent\">\n<div class=\"cmsmasters_row_outer\">\n<div class=\"cmsmasters_row_inner\">\n<div class=\"cmsmasters_row_margin\">\n<div class=\"cmsmasters_column one_first\">\n<div id=\"cmsmasters_fb_69f237544910e\" class=\"cmsmasters_featured_block\">\n<div class=\"featured_block_inner\">\n<div class=\"featured_block_text\">\n<div id=\"cmsmasters_heading_69f237544926e\" class=\"cmsmasters_heading_wrap cmsmasters_heading_align_left\">\n\t<h3 class=\"cmsmasters_heading\">Vereinbaren Sie einen Termin bei Esthea Clinic<\/h3>\n<\/div><div class=\"cmsmasters_contact_form\">\n<div class=\"wpcf7 no-js\" id=\"wpcf7-f14567-o1\" lang=\"en-US\" dir=\"ltr\">\n<div class=\"screen-reader-response\"><p role=\"status\" aria-live=\"polite\" aria-atomic=\"true\"><\/p> <ul><\/ul><\/div>\n<form action=\"\/de\/wp-json\/wp\/v2\/pages\/14125#wpcf7-f14567-o1\" method=\"post\" class=\"wpcf7-form init\" aria-label=\"Contact form\" novalidate=\"novalidate\" data-status=\"init\">\n<div style=\"display: none;\">\n<input type=\"hidden\" name=\"_wpcf7\" value=\"14567\" \/>\n<input type=\"hidden\" name=\"_wpcf7_version\" value=\"5.7.7\" \/>\n<input type=\"hidden\" name=\"_wpcf7_locale\" value=\"en_US\" \/>\n<input type=\"hidden\" name=\"_wpcf7_unit_tag\" value=\"wpcf7-f14567-o1\" \/>\n<input type=\"hidden\" name=\"_wpcf7_container_post\" value=\"0\" \/>\n<input type=\"hidden\" name=\"_wpcf7_posted_data_hash\" value=\"\" \/>\n<input type=\"hidden\" name=\"_wpcf7_recaptcha_response\" value=\"\" \/>\n<\/div>\n<div class=\"cmsmasters_row_margin cmsmasters_1212\">\n\t<div class=\"cmsmasters_column one_half\">\n\t\t<p><span class=\"wpcf7-form-control-wrap\" data-name=\"menu-372\"><select class=\"wpcf7-form-control wpcf7-select\" aria-invalid=\"false\" name=\"menu-372\"><option value=\"w\u00e4hlen Sie Behandlung\">w\u00e4hlen Sie Behandlung<\/option><option value=\"Silhouette\">Silhouette<\/option><option value=\"Brust\">Brust<\/option><option value=\"Gesicht\">Gesicht<\/option><option value=\"Haut\">Haut<\/option><option value=\"Intimbereich\">Intimbereich<\/option><option value=\"Enthaarung\">Enthaarung<\/option><option value=\"Ern\u00e4hrung\">Ern\u00e4hrung<\/option><option value=\"Z\u00e4hne\">Z\u00e4hne<\/option><\/select><\/span>\n\t\t<\/p>\n\t\t<p><span class=\"wpcf7-form-control-wrap\" data-name=\"your-name\"><input size=\"40\" class=\"wpcf7-form-control wpcf7-text\" aria-invalid=\"false\" placeholder=\"Ihren Namen\" value=\"\" type=\"text\" name=\"your-name\" \/><\/span>\n\t\t<\/p>\n\t\t<p><span class=\"wpcf7-form-control-wrap\" data-name=\"your-surname\"><input size=\"40\" class=\"wpcf7-form-control wpcf7-text\" aria-invalid=\"false\" placeholder=\"Ihren Vorname\" value=\"\" type=\"text\" name=\"your-surname\" \/><\/span>\n\t\t<\/p>\n\t<\/div>\n\t<div class=\"cmsmasters_column one_half\">\n\t\t<p><span class=\"wpcf7-form-control-wrap\" data-name=\"phone\"><input size=\"40\" class=\"wpcf7-form-control wpcf7-text wpcf7-tel wpcf7-validates-as-tel\" aria-invalid=\"false\" placeholder=\"Telefonnummer\" value=\"\" type=\"tel\" name=\"phone\" \/><\/span>\n\t\t<\/p>\n\t\t<p><span class=\"wpcf7-form-control-wrap\" data-name=\"your-email\"><input size=\"40\" class=\"wpcf7-form-control wpcf7-text wpcf7-email wpcf7-validates-as-required wpcf7-validates-as-email\" aria-required=\"true\" aria-invalid=\"false\" placeholder=\"Ihren email\" value=\"\" type=\"email\" name=\"your-email\" \/><\/span><span id=\"wpcf7-69f237544c664-wrapper\" class=\"wpcf7-form-control-wrap email-confirm-774-wrap\" style=\"display:none !important; visibility:hidden !important;\"><label for=\"wpcf7-69f237544c664-field\" class=\"hp-message\">Please leave this field empty.<\/label><input id=\"wpcf7-69f237544c664-field\"  class=\"wpcf7-form-control wpcf7-text\" type=\"text\" name=\"email-confirm-774\" value=\"\" size=\"40\" tabindex=\"-1\" autocomplete=\"new-password\" \/><\/span>\n\t\t<\/p>\n\t\t<p><span class=\"wpcf7-form-control-wrap confirm_email-12\"><input size=\"40\" class=\"wpcf7-form-control wpcf7-confirm_email wpcf7-validates-as-confirm_email\" aria-invalid=\"false\" placeholder=\"Email Best\u00e4tigung\" value=\"\" type=\"confirm_email\" name=\"confirm_email-12\" \/><\/span>\n\t\t<\/p>\n\t<\/div>\n\t<p><span class=\"wpcf7-form-control-wrap\" data-name=\"text\"><textarea cols=\"40\" rows=\"10\" class=\"wpcf7-form-control wpcf7-textarea\" aria-invalid=\"false\" placeholder=\"Ihre Mitteilung oder Frage ...\" name=\"text\"><\/textarea><\/span>\n\t<\/p>\n<\/div>\n<div class=\"cmsmasters_row_margin cmsmasters_11\">\n\t<div class=\"cmsmasters_column one_first\">\n\t\t<p><input class=\"wpcf7-form-control has-spinner wpcf7-submit\" type=\"submit\" value=\"Senden Sie Ihre Anfrage\" \/>\n\t\t<\/p>\n\t<\/div>\n<\/div><div class=\"wpcf7-response-output\" aria-hidden=\"true\"><\/div>\n<\/form>\n<\/div>\n<\/div>\n<\/div>\n<\/div>\n<\/div>\n<\/div>\n<\/div>\n<\/div>\n<\/div>\n<\/div>\n<\/div>\n\n","protected":false},"excerpt":{"rendered":"","protected":false},"author":1,"featured_media":0,"parent":14146,"menu_order":0,"comment_status":"closed","ping_status":"closed","template":"","meta":{"footnotes":""},"class_list":["post-14125","page","type-page","status-publish","hentry"],"_links":{"self":[{"href":"https:\/\/www.estheaclinic.com\/de\/wp-json\/wp\/v2\/pages\/14125","targetHints":{"allow":["GET"]}}],"collection":[{"href":"https:\/\/www.estheaclinic.com\/de\/wp-json\/wp\/v2\/pages"}],"about":[{"href":"https:\/\/www.estheaclinic.com\/de\/wp-json\/wp\/v2\/types\/page"}],"author":[{"embeddable":true,"href":"https:\/\/www.estheaclinic.com\/de\/wp-json\/wp\/v2\/users\/1"}],"replies":[{"embeddable":true,"href":"https:\/\/www.estheaclinic.com\/de\/wp-json\/wp\/v2\/comments?post=14125"}],"version-history":[{"count":3,"href":"https:\/\/www.estheaclinic.com\/de\/wp-json\/wp\/v2\/pages\/14125\/revisions"}],"predecessor-version":[{"id":15683,"href":"https:\/\/www.estheaclinic.com\/de\/wp-json\/wp\/v2\/pages\/14125\/revisions\/15683"}],"up":[{"embeddable":true,"href":"https:\/\/www.estheaclinic.com\/de\/wp-json\/wp\/v2\/pages\/14146"}],"wp:attachment":[{"href":"https:\/\/www.estheaclinic.com\/de\/wp-json\/wp\/v2\/media?parent=14125"}],"curies":[{"name":"wp","href":"https:\/\/api.w.org\/{rel}","templated":true}]}}