{"id":14118,"date":"2017-01-24T15:47:42","date_gmt":"2017-01-24T14:47:42","guid":{"rendered":"http:\/\/lab.eteamsys.com\/EC\/blepharoplastie\/"},"modified":"2017-09-08T15:13:18","modified_gmt":"2017-09-08T13:13:18","slug":"blepharoplastik","status":"publish","type":"page","link":"https:\/\/www.estheaclinic.com\/de\/behandlung-esthea-clinic\/gesicht\/blepharoplastik\/","title":{"rendered":"Blepharoplastik"},"content":{"rendered":"<style type=\"text\/css\"> \n#cmsmasters_row_69e1cd7b09621 .cmsmasters_row_outer_parent { \n\tpadding-top: 0px; \n} \n\n#cmsmasters_row_69e1cd7b09621 .cmsmasters_row_outer_parent { \n\tpadding-bottom: 0px; \n} \n\n \n#cmsmasters_heading_69e1cd7b09b6f { \n\ttext-align:left; \n\tmargin-top:30px; \n\tmargin-bottom:20px; \n} \n\n#cmsmasters_heading_69e1cd7b09b6f .cmsmasters_heading { \n\ttext-align:left; \n} \n\n#cmsmasters_heading_69e1cd7b09b6f .cmsmasters_heading, #cmsmasters_heading_69e1cd7b09b6f .cmsmasters_heading a { \n\tfont-size:24px; \n\tline-height:30px; \n\tfont-weight:normal; \n\tfont-style:normal; \n\tcolor:#3eb8d7;\n} \n\n#cmsmasters_heading_69e1cd7b09b6f .cmsmasters_heading_divider { \n} \n\n \n#cmsmasters_divider_69e1cd7b09dd6 { \n\tborder-bottom-width:1px; \n\tborder-bottom-style:solid; \n\tpadding-top:25px; \n\tmargin-bottom:38px; \n} \n \n#cmsmasters_row_69e1cd7b09e4e { \n\tbackground-color:#4cc7ef;\n} \n\n#cmsmasters_row_69e1cd7b09e4e .cmsmasters_row_outer_parent { \n\tpadding-top: 30px; \n} \n\n#cmsmasters_row_69e1cd7b09e4e .cmsmasters_row_outer_parent { \n\tpadding-bottom: 30px; \n} \n\n \n\n#cmsmasters_fb_69e1cd7b09fa2 { \n\tpadding-top:0px; \n\tpadding-bottom:0px; \n\tbackground-color:#4cc7ef;\n} \n\n#cmsmasters_fb_69e1cd7b09fa2 .featured_block_inner { \n\twidth: 100%; \n\tpadding: 40px 35px 45px 35px ; \n\ttext-align: left; \n\tmargin:0 auto; \n} \n\n#cmsmasters_fb_69e1cd7b09fa2 .featured_block_text { \n\ttext-align: left; \n} \n\n \n#cmsmasters_heading_69e1cd7b0a10d { \n\ttext-align:left; \n\tmargin-top:0px; \n\tmargin-bottom:48px; \n} \n\n#cmsmasters_heading_69e1cd7b0a10d .cmsmasters_heading { \n\ttext-align:left; \n} \n\n#cmsmasters_heading_69e1cd7b0a10d .cmsmasters_heading, #cmsmasters_heading_69e1cd7b0a10d .cmsmasters_heading a { \n\tfont-size:24px; \n\tfont-weight:normal; \n\tfont-style:normal; \n\tcolor:#ffffff;\n} \n\n#cmsmasters_heading_69e1cd7b0a10d .cmsmasters_heading_divider { \n} \n\n<\/style><div id=\"cmsmasters_row_69e1cd7b09621\" class=\"cmsmasters_row cmsmasters_color_scheme_default cmsmasters_row_top_default cmsmasters_row_bot_default cmsmasters_row_boxed\">\n<div class=\"cmsmasters_row_outer_parent\">\n<div class=\"cmsmasters_row_outer\">\n<div class=\"cmsmasters_row_inner cmsmasters_row_no_margin\">\n<div class=\"cmsmasters_row_margin\">\n<div class=\"cmsmasters_column one_first\">\n<div class=\"cmsmasters_img  cmsmasters_image_n no_margin\">\n<img decoding=\"async\" src=\"https:\/\/www.estheaclinic.com\/wp-content\/uploads\/2017\/01\/image-3-1.jpg\" alt=\"\" \/>\n<\/div>\n\n<div id=\"cmsmasters_heading_69e1cd7b09b6f\" class=\"cmsmasters_heading_wrap cmsmasters_heading_align_left\">\n\t<h1 class=\"cmsmasters_heading\">Augenlider \/ Blepharoplastik<\/h1>\n<\/div><div class=\"cmsmasters_text\">\n<p>Mit dem Alter bilden sich Tr\u00e4nens\u00e4cke, Ringe, Falten an den Lidern. Man sieht immer m\u00fcde aus. Zuviel Haut oder eine Hautschlaffung k\u00f6nnen sogar die Sicht behindern. Die plastische Chirurgie kann die Lider wirksam behandeln und einen m\u00fcden oder traurigen Gesichtsausdruck verj\u00fcngen.<\/p>\n<p>Die Korrektur am oberen und unteren Augenlid sind zwei unterschiedliche Eingriffe.<br \/>\nDie Operation dauert ca. eine Stunde. Meist erfolgt sind unter \u00f6rtlicher Bet\u00e4ubung, mit oder ohne Sedierung.<\/p>\n<p><strong>Obere Augenlider<\/strong><\/p>\n<p>\u2022 Der Eingriff<\/p>\n<p>Die \u00fcbersch\u00fcssige Haut (oder das Fett oder Muskelgewebe im Augenh\u00f6hlenbereich) werden durch einen Schnitt in eine nat\u00fcrliche Falte, in der Vertiefung des oberen Lides, entfernt, so da\u03b2 die Narbe fast unsichtbar ist.<\/p>\n<p><strong>Untere Augenlider<\/strong><br \/>\nTr\u00e4nens\u00e4cke unter den Augen enthalten Fett und manchmal Fl\u00fcssigkeit. Diese kann im Laufe des Tages ab- und zunehmen.<\/p>\n<p>\u2022 Der Eingriff<\/p>\n<p>Das \u00fcbersch\u00fcssige Fett wird mit einem sehr diskreten Schnitt unter dem Wimperrand entfernt. Wenn n\u00f6tig, kann auch \u00fcbersch\u00fcssige Haut entfernt werden, wie bei dem oberen Augenlid. Der Chirurg kann auch den Muskel der Augenh\u00f6hle nachspannen.<br \/>\nManchmal erfolgt ein Schnitt in die Bindehautumschlagfalte (sog. transkonjunktivale Blepharoplastik), die den Vorteil hat, da\u03b2 keine Narbe sichtbar bleibt.<br \/>\nManchmal, eigentlich immer \u00f6fter, entfernt der Chirurg das Fett nicht, sondern verschiebt es entlang der Augenh\u00f6hle. Dank dieser Methode wird das sog. &#8222;Hohle Auge&#8220;, welches nach manchen Blepharoplastiken auftritt, vermieden.<\/p>\n<p>\u2022 Operationsfolgen<\/p>\n<p>Im Allgemeinen k\u00f6nnen Sie sofort nach dem Eingriff nach Hause.<br \/>\nUm H\u00e4matomen und blutunterlaufenen Stellen vorzubeugen, wird f\u00fcr mehrere Stunden ein Verband angebracht.<br \/>\nAugenlider schwellen schnell an aber auch schnell ab.<br \/>\nTr\u00e4nenbildung kann das Lesen w\u00e4hren der ersten Tage etwas beeintr\u00e4chtigen. Kalte Kompressen, Augentropfen und Salben werden verschrieben. Sie beschleunigen den Heilungsproze\u03b2.<br \/>\nEine Woche lang sollten Sie eine Sonnenbrille tragen. Sie sch\u00fctzen Ihre Augenlider vor Licht und verbergen die Wunden und Schwellungen.<br \/>\nNach 4 bis 7 Tagen werden die F\u00e4den gezogen.<br \/>\n2 bis 3 Wochen sollten Sie keine k\u00f6rperlichen Aktivit\u00e4ten ausf\u00fchren.<br \/>\nDanach wird ihr Blick j\u00fcnger aussehen und zwar dauerhaft.<\/p>\n<\/div>\n\n<div id=\"cmsmasters_divider_69e1cd7b09dd6\" class=\"cmsmasters_divider cmsmasters_divider_width_long cmsmasters_divider_pos_center\"><\/div>\n<\/div>\n<\/div>\n<\/div>\n<\/div>\n<\/div>\n<\/div>\n<div id=\"cmsmasters_row_69e1cd7b09e4e\" class=\"cmsmasters_row cmsmasters_color_scheme_default cmsmasters_row_top_default cmsmasters_row_bot_default cmsmasters_row_boxed\">\n<div id=\"contact\" class=\"cmsmasters_row_outer_parent\">\n<div class=\"cmsmasters_row_outer\">\n<div class=\"cmsmasters_row_inner\">\n<div class=\"cmsmasters_row_margin\">\n<div class=\"cmsmasters_column one_first\">\n<div id=\"cmsmasters_fb_69e1cd7b09fa2\" class=\"cmsmasters_featured_block\">\n<div class=\"featured_block_inner\">\n<div class=\"featured_block_text\">\n<div id=\"cmsmasters_heading_69e1cd7b0a10d\" class=\"cmsmasters_heading_wrap cmsmasters_heading_align_left\">\n\t<h3 class=\"cmsmasters_heading\">Vereinbaren Sie einen Termin bei Esthea Clinic<\/h3>\n<\/div><div class=\"cmsmasters_contact_form\">\n<div class=\"wpcf7 no-js\" id=\"wpcf7-f14567-o1\" lang=\"en-US\" dir=\"ltr\">\n<div class=\"screen-reader-response\"><p role=\"status\" aria-live=\"polite\" aria-atomic=\"true\"><\/p> <ul><\/ul><\/div>\n<form action=\"\/de\/wp-json\/wp\/v2\/pages\/14118#wpcf7-f14567-o1\" method=\"post\" class=\"wpcf7-form init\" aria-label=\"Contact form\" novalidate=\"novalidate\" data-status=\"init\">\n<div style=\"display: none;\">\n<input type=\"hidden\" name=\"_wpcf7\" value=\"14567\" \/>\n<input type=\"hidden\" name=\"_wpcf7_version\" value=\"5.7.7\" \/>\n<input type=\"hidden\" name=\"_wpcf7_locale\" value=\"en_US\" \/>\n<input type=\"hidden\" name=\"_wpcf7_unit_tag\" value=\"wpcf7-f14567-o1\" \/>\n<input type=\"hidden\" name=\"_wpcf7_container_post\" value=\"0\" \/>\n<input type=\"hidden\" name=\"_wpcf7_posted_data_hash\" value=\"\" \/>\n<input type=\"hidden\" name=\"_wpcf7_recaptcha_response\" value=\"\" \/>\n<\/div>\n<div class=\"cmsmasters_row_margin cmsmasters_1212\">\n\t<div class=\"cmsmasters_column one_half\">\n\t\t<p><span class=\"wpcf7-form-control-wrap\" data-name=\"menu-372\"><select class=\"wpcf7-form-control wpcf7-select\" aria-invalid=\"false\" name=\"menu-372\"><option value=\"w\u00e4hlen Sie Behandlung\">w\u00e4hlen Sie Behandlung<\/option><option value=\"Silhouette\">Silhouette<\/option><option value=\"Brust\">Brust<\/option><option value=\"Gesicht\">Gesicht<\/option><option value=\"Haut\">Haut<\/option><option value=\"Intimbereich\">Intimbereich<\/option><option value=\"Enthaarung\">Enthaarung<\/option><option value=\"Ern\u00e4hrung\">Ern\u00e4hrung<\/option><option value=\"Z\u00e4hne\">Z\u00e4hne<\/option><\/select><\/span>\n\t\t<\/p>\n\t\t<p><span class=\"wpcf7-form-control-wrap\" data-name=\"your-name\"><input size=\"40\" class=\"wpcf7-form-control wpcf7-text\" aria-invalid=\"false\" placeholder=\"Ihren Namen\" value=\"\" type=\"text\" name=\"your-name\" \/><\/span>\n\t\t<\/p>\n\t\t<p><span class=\"wpcf7-form-control-wrap\" data-name=\"your-surname\"><input size=\"40\" class=\"wpcf7-form-control wpcf7-text\" aria-invalid=\"false\" placeholder=\"Ihren Vorname\" value=\"\" type=\"text\" name=\"your-surname\" \/><\/span>\n\t\t<\/p>\n\t<\/div>\n\t<div class=\"cmsmasters_column one_half\">\n\t\t<p><span class=\"wpcf7-form-control-wrap\" data-name=\"phone\"><input size=\"40\" class=\"wpcf7-form-control wpcf7-text wpcf7-tel wpcf7-validates-as-tel\" aria-invalid=\"false\" placeholder=\"Telefonnummer\" value=\"\" type=\"tel\" name=\"phone\" \/><\/span>\n\t\t<\/p>\n\t\t<p><span class=\"wpcf7-form-control-wrap\" data-name=\"your-email\"><input size=\"40\" class=\"wpcf7-form-control wpcf7-text wpcf7-email wpcf7-validates-as-required wpcf7-validates-as-email\" aria-required=\"true\" aria-invalid=\"false\" placeholder=\"Ihren email\" value=\"\" type=\"email\" name=\"your-email\" \/><\/span><span id=\"wpcf7-69e1cd7b0d5b6-wrapper\" class=\"wpcf7-form-control-wrap email-confirm-774-wrap\" style=\"display:none !important; visibility:hidden !important;\"><label for=\"wpcf7-69e1cd7b0d5b6-field\" class=\"hp-message\">Please leave this field empty.<\/label><input id=\"wpcf7-69e1cd7b0d5b6-field\"  class=\"wpcf7-form-control wpcf7-text\" type=\"text\" name=\"email-confirm-774\" value=\"\" size=\"40\" tabindex=\"-1\" autocomplete=\"new-password\" \/><\/span>\n\t\t<\/p>\n\t\t<p><span class=\"wpcf7-form-control-wrap confirm_email-12\"><input size=\"40\" class=\"wpcf7-form-control wpcf7-confirm_email wpcf7-validates-as-confirm_email\" aria-invalid=\"false\" placeholder=\"Email Best\u00e4tigung\" value=\"\" type=\"confirm_email\" name=\"confirm_email-12\" \/><\/span>\n\t\t<\/p>\n\t<\/div>\n\t<p><span class=\"wpcf7-form-control-wrap\" data-name=\"text\"><textarea cols=\"40\" rows=\"10\" class=\"wpcf7-form-control wpcf7-textarea\" aria-invalid=\"false\" placeholder=\"Ihre Mitteilung oder Frage ...\" name=\"text\"><\/textarea><\/span>\n\t<\/p>\n<\/div>\n<div class=\"cmsmasters_row_margin cmsmasters_11\">\n\t<div class=\"cmsmasters_column one_first\">\n\t\t<p><input class=\"wpcf7-form-control has-spinner wpcf7-submit\" type=\"submit\" value=\"Senden Sie Ihre Anfrage\" \/>\n\t\t<\/p>\n\t<\/div>\n<\/div><div class=\"wpcf7-response-output\" aria-hidden=\"true\"><\/div>\n<\/form>\n<\/div>\n<\/div>\n<\/div>\n<\/div>\n<\/div>\n<\/div>\n<\/div>\n<\/div>\n<\/div>\n<\/div>\n<\/div>\n\n","protected":false},"excerpt":{"rendered":"","protected":false},"author":1,"featured_media":0,"parent":14146,"menu_order":0,"comment_status":"closed","ping_status":"closed","template":"","meta":{"footnotes":""},"class_list":["post-14118","page","type-page","status-publish","hentry"],"_links":{"self":[{"href":"https:\/\/www.estheaclinic.com\/de\/wp-json\/wp\/v2\/pages\/14118","targetHints":{"allow":["GET"]}}],"collection":[{"href":"https:\/\/www.estheaclinic.com\/de\/wp-json\/wp\/v2\/pages"}],"about":[{"href":"https:\/\/www.estheaclinic.com\/de\/wp-json\/wp\/v2\/types\/page"}],"author":[{"embeddable":true,"href":"https:\/\/www.estheaclinic.com\/de\/wp-json\/wp\/v2\/users\/1"}],"replies":[{"embeddable":true,"href":"https:\/\/www.estheaclinic.com\/de\/wp-json\/wp\/v2\/comments?post=14118"}],"version-history":[{"count":6,"href":"https:\/\/www.estheaclinic.com\/de\/wp-json\/wp\/v2\/pages\/14118\/revisions"}],"predecessor-version":[{"id":15766,"href":"https:\/\/www.estheaclinic.com\/de\/wp-json\/wp\/v2\/pages\/14118\/revisions\/15766"}],"up":[{"embeddable":true,"href":"https:\/\/www.estheaclinic.com\/de\/wp-json\/wp\/v2\/pages\/14146"}],"wp:attachment":[{"href":"https:\/\/www.estheaclinic.com\/de\/wp-json\/wp\/v2\/media?parent=14118"}],"curies":[{"name":"wp","href":"https:\/\/api.w.org\/{rel}","templated":true}]}}