{"id":14100,"date":"2017-01-24T16:38:32","date_gmt":"2017-01-24T15:38:32","guid":{"rendered":"http:\/\/lab.eteamsys.com\/EC\/la-peau\/"},"modified":"2017-09-08T14:47:51","modified_gmt":"2017-09-08T12:47:51","slug":"haut","status":"publish","type":"page","link":"https:\/\/www.estheaclinic.com\/de\/behandlung-esthea-clinic\/haut\/","title":{"rendered":"Haut"},"content":{"rendered":"<style type=\"text\/css\"> \n#cmsmasters_row_69dc52f3d1599 .cmsmasters_row_outer_parent { \n\tpadding-top: 50px; \n} \n\n#cmsmasters_row_69dc52f3d1599 .cmsmasters_row_outer_parent { \n\tpadding-bottom: 0px; \n} \n\n \n#cmsmasters_heading_69dc52f3d17bc { \n\ttext-align:left; \n\tmargin-top:0px; \n\tmargin-bottom:0px; \n} \n\n#cmsmasters_heading_69dc52f3d17bc .cmsmasters_heading { \n\ttext-align:left; \n} \n\n#cmsmasters_heading_69dc52f3d17bc .cmsmasters_heading, #cmsmasters_heading_69dc52f3d17bc .cmsmasters_heading a { \n\tfont-size:18px; \n\tfont-weight:normal; \n\tfont-style:normal; \n} \n\n#cmsmasters_heading_69dc52f3d17bc .cmsmasters_heading_divider { \n} \n\n \n#cmsmasters_divider_69dc52f3d18b5 { \n\tborder-bottom-width:1px; \n\tborder-bottom-style:solid; \n\tpadding-top:10px; \n\tmargin-bottom:30px; \n\tborder-bottom-color:#3eb8d7;\n} \n \n#cmsmasters_heading_69dc52f3d1b21 { \n\ttext-align:left; \n\tmargin-top:0px; \n\tmargin-bottom:0px; \n} \n\n#cmsmasters_heading_69dc52f3d1b21 .cmsmasters_heading { \n\ttext-align:left; \n} \n\n#cmsmasters_heading_69dc52f3d1b21 .cmsmasters_heading, #cmsmasters_heading_69dc52f3d1b21 .cmsmasters_heading a { \n\tfont-size:18px; \n\tfont-weight:normal; \n\tfont-style:normal; \n} \n\n#cmsmasters_heading_69dc52f3d1b21 .cmsmasters_heading_divider { \n} \n\n \n#cmsmasters_divider_69dc52f3d1c08 { \n\tborder-bottom-width:1px; \n\tborder-bottom-style:solid; \n\tpadding-top:10px; \n\tmargin-bottom:30px; \n\tborder-bottom-color:#3eb8d7;\n} \n\n#cmsmasters_button_69dc52f3d1fef { \n\tfloat:left; \n} \n\n#cmsmasters_button_69dc52f3d1fef .cmsmasters_button:before { \n\tmargin-right:.5em; \n\tmargin-left:0; \n\tvertical-align:baseline; \n} \n\n#cmsmasters_button_69dc52f3d1fef .cmsmasters_button { \n\tfont-weight:normal; \n\tfont-style:normal; \n\tborder-style:solid; \n} \n#cmsmasters_button_69dc52f3d1fef .cmsmasters_button:hover { \n} \n \n#cmsmasters_heading_69dc52f3d21b5 { \n\ttext-align:left; \n\tmargin-top:0px; \n\tmargin-bottom:0px; \n} \n\n#cmsmasters_heading_69dc52f3d21b5 .cmsmasters_heading { \n\ttext-align:left; \n} \n\n#cmsmasters_heading_69dc52f3d21b5 .cmsmasters_heading, #cmsmasters_heading_69dc52f3d21b5 .cmsmasters_heading a { \n\tfont-size:18px; \n\tfont-weight:normal; \n\tfont-style:normal; \n} \n\n#cmsmasters_heading_69dc52f3d21b5 .cmsmasters_heading_divider { \n} \n\n \n#cmsmasters_divider_69dc52f3d229a { \n\tborder-bottom-width:1px; \n\tborder-bottom-style:solid; \n\tpadding-top:10px; \n\tmargin-bottom:30px; \n\tborder-bottom-color:#3eb8d7;\n} \n\n#cmsmasters_button_69dc52f3d2633 { \n\tfloat:left; \n} \n\n#cmsmasters_button_69dc52f3d2633 .cmsmasters_button:before { \n\tmargin-right:.5em; \n\tmargin-left:0; \n\tvertical-align:baseline; \n} \n\n#cmsmasters_button_69dc52f3d2633 .cmsmasters_button { \n\tfont-weight:normal; \n\tfont-style:normal; \n\tborder-style:solid; \n} \n#cmsmasters_button_69dc52f3d2633 .cmsmasters_button:hover { \n} \n \n#cmsmasters_row_69dc52f3d26af .cmsmasters_row_outer_parent { \n\tpadding-top: 20px; \n} \n\n#cmsmasters_row_69dc52f3d26af .cmsmasters_row_outer_parent { \n\tpadding-bottom: 0px; \n} \n\n \n#cmsmasters_heading_69dc52f3d2867 { \n\ttext-align:left; \n\tmargin-top:0px; \n\tmargin-bottom:0px; \n} \n\n#cmsmasters_heading_69dc52f3d2867 .cmsmasters_heading { \n\ttext-align:left; \n} \n\n#cmsmasters_heading_69dc52f3d2867 .cmsmasters_heading, #cmsmasters_heading_69dc52f3d2867 .cmsmasters_heading a { \n\tfont-size:18px; \n\tfont-weight:normal; \n\tfont-style:normal; \n} \n\n#cmsmasters_heading_69dc52f3d2867 .cmsmasters_heading_divider { \n} \n\n \n#cmsmasters_divider_69dc52f3d294a { \n\tborder-bottom-width:1px; \n\tborder-bottom-style:solid; \n\tpadding-top:10px; \n\tmargin-bottom:30px; \n\tborder-bottom-color:#3eb8d7;\n} \n\n#cmsmasters_button_69dc52f3d2ccd { \n\tfloat:left; \n} \n\n#cmsmasters_button_69dc52f3d2ccd .cmsmasters_button:before { \n\tmargin-right:.5em; \n\tmargin-left:0; \n\tvertical-align:baseline; \n} \n\n#cmsmasters_button_69dc52f3d2ccd .cmsmasters_button { \n\tfont-weight:normal; \n\tfont-style:normal; \n\tborder-style:solid; \n\tcolor:#3eb8d7;\n\tborder-color:#3eb8d7;\n} \n#cmsmasters_button_69dc52f3d2ccd .cmsmasters_button:hover { \n} \n \n#cmsmasters_divider_69dc52f3d2dc0 { \n\tborder-bottom-width:1px; \n\tborder-bottom-style:solid; \n\tpadding-top:50px; \n\tmargin-bottom:50px; \n\tborder-bottom-color:#ffffff;\n} \n \n#cmsmasters_heading_69dc52f3d2f80 { \n\ttext-align:left; \n\tmargin-top:0px; \n\tmargin-bottom:0px; \n} \n\n#cmsmasters_heading_69dc52f3d2f80 .cmsmasters_heading { \n\ttext-align:left; \n} \n\n#cmsmasters_heading_69dc52f3d2f80 .cmsmasters_heading, #cmsmasters_heading_69dc52f3d2f80 .cmsmasters_heading a { \n\tfont-size:18px; \n\tfont-weight:normal; \n\tfont-style:normal; \n} \n\n#cmsmasters_heading_69dc52f3d2f80 .cmsmasters_heading_divider { \n} \n\n \n#cmsmasters_divider_69dc52f3d3068 { \n\tborder-bottom-width:1px; \n\tborder-bottom-style:solid; \n\tpadding-top:10px; \n\tmargin-bottom:30px; \n\tborder-bottom-color:#3eb8d7;\n} \n\n#cmsmasters_button_69dc52f3d3416 { \n\tfloat:left; \n} \n\n#cmsmasters_button_69dc52f3d3416 .cmsmasters_button:before { \n\tmargin-right:.5em; \n\tmargin-left:0; \n\tvertical-align:baseline; \n} \n\n#cmsmasters_button_69dc52f3d3416 .cmsmasters_button { \n\tfont-weight:normal; \n\tfont-style:normal; \n\tborder-style:solid; \n} \n#cmsmasters_button_69dc52f3d3416 .cmsmasters_button:hover { \n} \n \n#cmsmasters_row_69dc52f3d3480 .cmsmasters_row_outer_parent { \n\tpadding-top: 0px; \n} \n\n#cmsmasters_row_69dc52f3d3480 .cmsmasters_row_outer_parent { \n\tpadding-bottom: 0px; \n} \n\n \n#cmsmasters_row_69dc52f3d3e8c { \n\tbackground-color:#4cc7ef;\n} \n\n#cmsmasters_row_69dc52f3d3e8c .cmsmasters_row_outer_parent { \n\tpadding-top: 30px; \n} \n\n#cmsmasters_row_69dc52f3d3e8c .cmsmasters_row_outer_parent { \n\tpadding-bottom: 30px; \n} \n\n \n\n#cmsmasters_fb_69dc52f3d3ffc { \n\tpadding-top:0px; \n\tpadding-bottom:0px; \n\tbackground-color:#4cc7ef;\n} \n\n#cmsmasters_fb_69dc52f3d3ffc .featured_block_inner { \n\twidth: 100%; \n\tpadding: 40px 35px 45px 35px ; \n\ttext-align: left; \n\tmargin:0 auto; \n} \n\n#cmsmasters_fb_69dc52f3d3ffc .featured_block_text { \n\ttext-align: left; \n} \n\n \n#cmsmasters_heading_69dc52f3d416d { \n\ttext-align:left; \n\tmargin-top:0px; \n\tmargin-bottom:48px; \n} \n\n#cmsmasters_heading_69dc52f3d416d .cmsmasters_heading { \n\ttext-align:left; \n} \n\n#cmsmasters_heading_69dc52f3d416d .cmsmasters_heading, #cmsmasters_heading_69dc52f3d416d .cmsmasters_heading a { \n\tfont-size:24px; \n\tfont-weight:normal; \n\tfont-style:normal; \n\tcolor:#ffffff;\n} \n\n#cmsmasters_heading_69dc52f3d416d .cmsmasters_heading_divider { \n} \n\n \n#cmsmasters_divider_69dc52f3db89e { \n\tborder-bottom-width:1px; \n\tborder-bottom-style:solid; \n\tpadding-top:50px; \n\tmargin-bottom:50px; \n\tborder-bottom-color:#ffffff;\n} \n<\/style><div id=\"cmsmasters_row_69dc52f3d1599\" class=\"cmsmasters_row cmsmasters_color_scheme_default cmsmasters_row_top_default cmsmasters_row_bot_default cmsmasters_row_boxed\">\n<div class=\"cmsmasters_row_outer_parent\">\n<div class=\"cmsmasters_row_outer\">\n<div class=\"cmsmasters_row_inner\">\n<div class=\"cmsmasters_row_margin\">\n<div class=\"cmsmasters_column one_third\">\n\n<div id=\"cmsmasters_heading_69dc52f3d17bc\" class=\"cmsmasters_heading_wrap cmsmasters_heading_align_left\">\n\t<h1 class=\"cmsmasters_heading\">Haut<\/h1>\n<\/div>\n<div id=\"cmsmasters_divider_69dc52f3d18b5\" class=\"cmsmasters_divider cmsmasters_divider_width_short cmsmasters_divider_pos_left\"><\/div><div class=\"cmsmasters_text\">\n<p>Bei der Carboxyth\u00e9rapie verwendet man zu therapeutischen Zwecken medizinisches, gasf\u00f6rmiges Kohlendioxid (CO2), das in oder unter die Haut injiziert wird.<\/p>\n<p>Das injizierte CO2 steigert den Kreislauf und die Sauerstoffversorgung der Gewebe, zerst\u00f6rt Fettgewebe, erh\u00f6ht die Kollagenfasern und f\u00f6rdert somit die Elastizit\u00e4t der Haut. Toxine werden eliminiert und \u00d6deme (Schwellungen) werden reduziert.<\/p>\n<p><strong>Welche Folgen hat die Carobytherapie ?<\/strong><br \/>\nDie Folgen sind gering und k\u00f6nnen jederzeit widerrufen werden. Der Eingriff ist schmerzlos kann jedoch ein Prickeln oder eine Erw\u00e4rmung hervorrufen. Ein (vor\u00fcbergehendes) Schweregef\u00fchl der Glieder kann bei hohen CO2-Abgaben auftreten.<\/p>\n<\/div>\n<\/div>\n<div class=\"cmsmasters_column one_third\">\n\n<div id=\"cmsmasters_heading_69dc52f3d1b21\" class=\"cmsmasters_heading_wrap cmsmasters_heading_align_left\">\n\t<h2 class=\"cmsmasters_heading\">Cellulite<\/h2>\n<\/div>\n<div id=\"cmsmasters_divider_69dc52f3d1c08\" class=\"cmsmasters_divider cmsmasters_divider_width_short cmsmasters_divider_pos_left\"><\/div><div class=\"cmsmasters_img  cmsmasters_image_n\">\n<img decoding=\"async\" src=\"https:\/\/www.estheaclinic.com\/wp-content\/uploads\/2016\/09\/lipoaspiration.jpg\" alt=\"\" \/>\n<\/div>\n<div class=\"cmsmasters_text padd_5\">\n<p>Die Carboxytherapie ist eine nat\u00fcrliche und schnelle Behandlungsmethode der Fettpolster und der Cellulite.<\/p>\n<\/div>\n\n<div id=\"cmsmasters_button_69dc52f3d1fef\" class=\"button_wrap\"><a href=\"https:\/\/www.estheaclinic.com\/de\/behandlung-esthea-clinic\/haut\/cellulite-und-lokale-fettpolster\/\" class=\"cmsmasters_button cmsmasters_but_clear_styles cmsmasters_but_bg_hover\"><span>Len Sie mehr<\/span><\/a><\/div>\n<\/div>\n<div class=\"cmsmasters_column one_third\">\n\n<div id=\"cmsmasters_heading_69dc52f3d21b5\" class=\"cmsmasters_heading_wrap cmsmasters_heading_align_left\">\n\t<h2 class=\"cmsmasters_heading\">Schwangerschaftsstreifen<\/h2>\n<\/div>\n<div id=\"cmsmasters_divider_69dc52f3d229a\" class=\"cmsmasters_divider cmsmasters_divider_width_short cmsmasters_divider_pos_left\"><\/div><div class=\"cmsmasters_img  cmsmasters_image_n\">\n<img decoding=\"async\" src=\"https:\/\/www.estheaclinic.com\/wp-content\/uploads\/2016\/09\/Abdominoplastie.jpg\" alt=\"\" \/>\n<\/div>\n<div class=\"cmsmasters_text padd_5\">\n<p>Die Carboxytherapie hat sich nach bereits nur wenigen Sitzungen als wirksame Methode zur Reduzierung der Schwangerschaftsstreifen erwiesen.<\/p>\n<\/div>\n\n<div id=\"cmsmasters_button_69dc52f3d2633\" class=\"button_wrap\"><a href=\"https:\/\/www.estheaclinic.com\/de\/behandlung-esthea-clinic\/haut\/schwangerschaftsstreifen\/\" class=\"cmsmasters_button cmsmasters_but_clear_styles cmsmasters_but_bg_hover\"><span>Len Sie mehr<\/span><\/a><\/div>\n<\/div>\n<\/div>\n<\/div>\n<\/div>\n<\/div>\n<\/div>\n<div id=\"cmsmasters_row_69dc52f3d26af\" class=\"cmsmasters_row cmsmasters_color_scheme_default cmsmasters_row_top_default cmsmasters_row_bot_default cmsmasters_row_boxed\">\n<div class=\"cmsmasters_row_outer_parent\">\n<div class=\"cmsmasters_row_outer\">\n<div class=\"cmsmasters_row_inner\">\n<div class=\"cmsmasters_row_margin\">\n<div class=\"cmsmasters_column one_third\">\n<\/div>\n<div class=\"cmsmasters_column one_third\">\n\n<div id=\"cmsmasters_heading_69dc52f3d2867\" class=\"cmsmasters_heading_wrap cmsmasters_heading_align_left\">\n\t<h2 class=\"cmsmasters_heading\">Carboxytherapie<\/h2>\n<\/div>\n<div id=\"cmsmasters_divider_69dc52f3d294a\" class=\"cmsmasters_divider cmsmasters_divider_width_short cmsmasters_divider_pos_left\"><\/div><div class=\"cmsmasters_img  cmsmasters_image_n\">\n<img decoding=\"async\" src=\"https:\/\/www.estheaclinic.com\/wp-content\/uploads\/2017\/01\/image-2-8.jpg\" alt=\"\" \/>\n<\/div>\n<div class=\"cmsmasters_text\">\n<p>Die Carboxytherapie ist eine nat\u00fcrliche und schnelle Behandlung bei lokalen Fett\u00fcbersch\u00fcssen.<\/p>\n<\/div>\n\n<div id=\"cmsmasters_button_69dc52f3d2ccd\" class=\"button_wrap\"><a href=\"https:\/\/www.estheaclinic.com\/de\/behandlung-esthea-clinic\/silhouette\/carboxytherapie\/\" class=\"cmsmasters_button\"><span>Len Sie mehr<\/span><\/a><\/div>\n\n<div id=\"cmsmasters_divider_69dc52f3d2dc0\" class=\"cmsmasters_divider cmsmasters_divider_width_long cmsmasters_divider_pos_center\"><\/div>\n<\/div>\n<div class=\"cmsmasters_column one_third\">\n\n<div id=\"cmsmasters_heading_69dc52f3d2f80\" class=\"cmsmasters_heading_wrap cmsmasters_heading_align_left\">\n\t<h2 class=\"cmsmasters_heading\">Hauterschlaffung<\/h2>\n<\/div>\n<div id=\"cmsmasters_divider_69dc52f3d3068\" class=\"cmsmasters_divider cmsmasters_divider_width_short cmsmasters_divider_pos_left\"><\/div><div class=\"cmsmasters_img  cmsmasters_image_n\">\n<img decoding=\"async\" src=\"https:\/\/www.estheaclinic.com\/wp-content\/uploads\/2017\/01\/image-2-9.jpg\" alt=\"\" \/>\n<\/div>\n<div class=\"cmsmasters_text padd_5\">\n<p>Bei der Gesichtsbehandlung und der Pflege der Hauterschlaffung wird die Carboxytherapie eingesetzt, rund um die Augenpartie, zur Reduzierung der Ringe, um die Elastizit\u00e4t der Haut zu steigern und die Hyperpigmentierung zu reduzieren.<\/p>\n<\/div>\n\n<div id=\"cmsmasters_button_69dc52f3d3416\" class=\"button_wrap\"><a href=\"https:\/\/www.estheaclinic.com\/de\/behandlung-esthea-clinic\/haut\/hauterschlaffung\/\" class=\"cmsmasters_button cmsmasters_but_clear_styles cmsmasters_but_bg_hover\"><span>Len Sie mehr<\/span><\/a><\/div>\n<\/div>\n<\/div>\n<\/div>\n<\/div>\n<\/div>\n<\/div>\n<div id=\"cmsmasters_row_69dc52f3d3480\" class=\"cmsmasters_row cmsmasters_color_scheme_default cmsmasters_row_top_default cmsmasters_row_bot_default cmsmasters_row_boxed\">\n<div class=\"cmsmasters_row_outer_parent\">\n<div class=\"cmsmasters_row_outer\">\n<div class=\"cmsmasters_row_inner\">\n<div class=\"cmsmasters_row_margin\">\n<div class=\"cmsmasters_column one_first\">\n<p><\/p>\n<\/div>\n<\/div>\n<\/div>\n<\/div>\n<\/div>\n<\/div>\n<div id=\"cmsmasters_row_69dc52f3d3e8c\" class=\"cmsmasters_row cmsmasters_color_scheme_default cmsmasters_row_top_default cmsmasters_row_bot_default cmsmasters_row_boxed\">\n<div id=\"contact\" class=\"cmsmasters_row_outer_parent\">\n<div class=\"cmsmasters_row_outer\">\n<div class=\"cmsmasters_row_inner\">\n<div class=\"cmsmasters_row_margin\">\n<div class=\"cmsmasters_column one_first\">\n<div id=\"cmsmasters_fb_69dc52f3d3ffc\" class=\"cmsmasters_featured_block\">\n<div class=\"featured_block_inner\">\n<div class=\"featured_block_text\">\n<div id=\"cmsmasters_heading_69dc52f3d416d\" class=\"cmsmasters_heading_wrap cmsmasters_heading_align_left\">\n\t<h3 class=\"cmsmasters_heading\"> VEREINBAREN SIE EINEN TERMIN BEI ESTHEA CLINIC<\/h3>\n<\/div><div class=\"cmsmasters_contact_form\">\n<div class=\"wpcf7 no-js\" id=\"wpcf7-f14567-o1\" lang=\"en-US\" dir=\"ltr\">\n<div class=\"screen-reader-response\"><p role=\"status\" aria-live=\"polite\" aria-atomic=\"true\"><\/p> <ul><\/ul><\/div>\n<form action=\"\/de\/wp-json\/wp\/v2\/pages\/14100#wpcf7-f14567-o1\" method=\"post\" class=\"wpcf7-form init\" aria-label=\"Contact form\" novalidate=\"novalidate\" data-status=\"init\">\n<div style=\"display: none;\">\n<input type=\"hidden\" name=\"_wpcf7\" value=\"14567\" \/>\n<input type=\"hidden\" name=\"_wpcf7_version\" value=\"5.7.7\" \/>\n<input type=\"hidden\" name=\"_wpcf7_locale\" value=\"en_US\" \/>\n<input type=\"hidden\" name=\"_wpcf7_unit_tag\" value=\"wpcf7-f14567-o1\" \/>\n<input type=\"hidden\" name=\"_wpcf7_container_post\" value=\"0\" \/>\n<input type=\"hidden\" name=\"_wpcf7_posted_data_hash\" value=\"\" \/>\n<input type=\"hidden\" name=\"_wpcf7_recaptcha_response\" value=\"\" \/>\n<\/div>\n<div class=\"cmsmasters_row_margin cmsmasters_1212\">\n\t<div class=\"cmsmasters_column one_half\">\n\t\t<p><span class=\"wpcf7-form-control-wrap\" data-name=\"menu-372\"><select class=\"wpcf7-form-control wpcf7-select\" aria-invalid=\"false\" name=\"menu-372\"><option value=\"w\u00e4hlen Sie Behandlung\">w\u00e4hlen Sie Behandlung<\/option><option value=\"Silhouette\">Silhouette<\/option><option value=\"Brust\">Brust<\/option><option value=\"Gesicht\">Gesicht<\/option><option value=\"Haut\">Haut<\/option><option value=\"Intimbereich\">Intimbereich<\/option><option value=\"Enthaarung\">Enthaarung<\/option><option value=\"Ern\u00e4hrung\">Ern\u00e4hrung<\/option><option value=\"Z\u00e4hne\">Z\u00e4hne<\/option><\/select><\/span>\n\t\t<\/p>\n\t\t<p><span class=\"wpcf7-form-control-wrap\" data-name=\"your-name\"><input size=\"40\" class=\"wpcf7-form-control wpcf7-text\" aria-invalid=\"false\" placeholder=\"Ihren Namen\" value=\"\" type=\"text\" name=\"your-name\" \/><\/span>\n\t\t<\/p>\n\t\t<p><span class=\"wpcf7-form-control-wrap\" data-name=\"your-surname\"><input size=\"40\" class=\"wpcf7-form-control wpcf7-text\" aria-invalid=\"false\" placeholder=\"Ihren Vorname\" value=\"\" type=\"text\" name=\"your-surname\" \/><\/span>\n\t\t<\/p>\n\t<\/div>\n\t<div class=\"cmsmasters_column one_half\">\n\t\t<p><span class=\"wpcf7-form-control-wrap\" data-name=\"phone\"><input size=\"40\" class=\"wpcf7-form-control wpcf7-text wpcf7-tel wpcf7-validates-as-tel\" aria-invalid=\"false\" placeholder=\"Telefonnummer\" value=\"\" type=\"tel\" name=\"phone\" \/><\/span>\n\t\t<\/p>\n\t\t<p><span class=\"wpcf7-form-control-wrap\" data-name=\"your-email\"><input size=\"40\" class=\"wpcf7-form-control wpcf7-text wpcf7-email wpcf7-validates-as-required wpcf7-validates-as-email\" aria-required=\"true\" aria-invalid=\"false\" placeholder=\"Ihren email\" value=\"\" type=\"email\" name=\"your-email\" \/><\/span><span id=\"wpcf7-69dc52f3d74b4-wrapper\" class=\"wpcf7-form-control-wrap email-confirm-774-wrap\" style=\"display:none !important; visibility:hidden !important;\"><label for=\"wpcf7-69dc52f3d74b4-field\" class=\"hp-message\">Please leave this field empty.<\/label><input id=\"wpcf7-69dc52f3d74b4-field\"  class=\"wpcf7-form-control wpcf7-text\" type=\"text\" name=\"email-confirm-774\" value=\"\" size=\"40\" tabindex=\"-1\" autocomplete=\"new-password\" \/><\/span>\n\t\t<\/p>\n\t\t<p><span class=\"wpcf7-form-control-wrap confirm_email-12\"><input size=\"40\" class=\"wpcf7-form-control wpcf7-confirm_email wpcf7-validates-as-confirm_email\" aria-invalid=\"false\" placeholder=\"Email Best\u00e4tigung\" value=\"\" type=\"confirm_email\" name=\"confirm_email-12\" \/><\/span>\n\t\t<\/p>\n\t<\/div>\n\t<p><span class=\"wpcf7-form-control-wrap\" data-name=\"text\"><textarea cols=\"40\" rows=\"10\" class=\"wpcf7-form-control wpcf7-textarea\" aria-invalid=\"false\" placeholder=\"Ihre Mitteilung oder Frage ...\" name=\"text\"><\/textarea><\/span>\n\t<\/p>\n<\/div>\n<div class=\"cmsmasters_row_margin cmsmasters_11\">\n\t<div class=\"cmsmasters_column one_first\">\n\t\t<p><input class=\"wpcf7-form-control has-spinner wpcf7-submit\" type=\"submit\" value=\"Senden Sie Ihre Anfrage\" \/>\n\t\t<\/p>\n\t<\/div>\n<\/div><div class=\"wpcf7-response-output\" aria-hidden=\"true\"><\/div>\n<\/form>\n<\/div>\n<\/div>\n<\/div>\n<\/div>\n<\/div>\n\n<div id=\"cmsmasters_divider_69dc52f3db89e\" class=\"cmsmasters_divider cmsmasters_divider_width_long cmsmasters_divider_pos_center\"><\/div>\n<\/div>\n<\/div>\n<\/div>\n<\/div>\n<\/div>\n<\/div>\n\n","protected":false},"excerpt":{"rendered":"","protected":false},"author":1,"featured_media":0,"parent":14188,"menu_order":0,"comment_status":"closed","ping_status":"closed","template":"","meta":{"footnotes":""},"class_list":["post-14100","page","type-page","status-publish","hentry"],"_links":{"self":[{"href":"https:\/\/www.estheaclinic.com\/de\/wp-json\/wp\/v2\/pages\/14100","targetHints":{"allow":["GET"]}}],"collection":[{"href":"https:\/\/www.estheaclinic.com\/de\/wp-json\/wp\/v2\/pages"}],"about":[{"href":"https:\/\/www.estheaclinic.com\/de\/wp-json\/wp\/v2\/types\/page"}],"author":[{"embeddable":true,"href":"https:\/\/www.estheaclinic.com\/de\/wp-json\/wp\/v2\/users\/1"}],"replies":[{"embeddable":true,"href":"https:\/\/www.estheaclinic.com\/de\/wp-json\/wp\/v2\/comments?post=14100"}],"version-history":[{"count":15,"href":"https:\/\/www.estheaclinic.com\/de\/wp-json\/wp\/v2\/pages\/14100\/revisions"}],"predecessor-version":[{"id":15747,"href":"https:\/\/www.estheaclinic.com\/de\/wp-json\/wp\/v2\/pages\/14100\/revisions\/15747"}],"up":[{"embeddable":true,"href":"https:\/\/www.estheaclinic.com\/de\/wp-json\/wp\/v2\/pages\/14188"}],"wp:attachment":[{"href":"https:\/\/www.estheaclinic.com\/de\/wp-json\/wp\/v2\/media?parent=14100"}],"curies":[{"name":"wp","href":"https:\/\/api.w.org\/{rel}","templated":true}]}}